{"id":772421,"date":"2025-08-28T15:39:16","date_gmt":"2025-08-28T12:39:16","guid":{"rendered":"https:\/\/roveyayinevi.com.tr\/index.php\/urun\/denizin-cagrisi-2\/"},"modified":"2026-04-08T03:35:08","modified_gmt":"2026-04-08T00:35:08","slug":"denizin-cagrisi-2","status":"publish","type":"product","link":"https:\/\/roveyayinevi.com.tr\/index.php\/urun\/denizin-cagrisi-2\/","title":{"rendered":"Denizin \u00c7a\u011fr\u0131s\u0131"},"content":{"rendered":"<p>\u201cJack London\u2019\u0131n gen\u00e7 ya\u015fta \u00f6lmesi \u00e7ok yaz\u0131k. Onun eserleri ger\u00e7ek; kitaplar\u0131 ya\u015fanm\u0131\u015f.\u201d \u2013JOSEPH CONRAD   Jack London, Amerikan edebiyat\u0131n\u0131n cesur ve maceraperest ruhunu yans\u0131tan bir yazard\u0131r. Toplumsal adaletsizlik, vah\u015fi do\u011fan\u0131n ac\u0131mas\u0131zl\u0131\u011f\u0131 ve insan\u0131n hayatta kalma mu\u0308cadelesi gibi temalar\u0131 yal\u0131n ve etkileyici bir dille i\u015flemi\u015ftir. Demir \u00d6k\u00e7e ve Beyaz Di\u015f gibi eserleriyle tan\u0131nsa da, erken d\u00f6nem eserlerinden biri olan Denizin \u00c7a\u011fr\u0131s\u0131, macera tu\u0308ru\u0308nu\u0308n canl\u0131l\u0131\u011f\u0131n\u0131 ve yazar\u0131n henu\u0308z olgunla\u015fmam\u0131\u015f olsa da belirginle\u015fmeye ba\u015flayan edebi yetene\u011fini g\u00f6zler \u00f6nu\u0308ne serer.   Denizin \u00c7a\u011fr\u0131s\u0131, gen\u00e7 Joe Bronson\u2019\u0131n beklenmedik \u015fekilde bir istiridye avc\u0131s\u0131 gemisine kat\u0131lmas\u0131yla ba\u015flayan soluk kesici bir maceray\u0131 anlat\u0131r. Okul hayat\u0131ndan b\u0131k\u0131p da ger\u00e7ek hayat\u0131 deneyimlemek isteyen Joe, kendini San Francisco K\u00f6rfezi\u2019nin tehlikeli sular\u0131nda, kanun ka\u00e7a\u011f\u0131 denizcilerin aras\u0131nda bulur. Dazzler adl\u0131 bu gizemli gemide ge\u00e7en gu\u0308nler, Joe i\u00e7in hayatta kalma mu\u0308cadelesi, dostluk, ihanet ve kendi kimli\u011fini ke\u015ffetme yolculu\u011fu h\u00e2line gelir. F\u0131rt\u0131nal\u0131 denizler, tehlikeli kovalamacalar ve beklenmedik olaylarla dolu bu heyecan verici hik\u00e2ye sadece bir macera de\u011fil, ayn\u0131 zamanda insan olman\u0131n anlam\u0131na dair gu\u0308\u00e7lu\u0308 bir edebi ke\u015fif. <\/p>\n","protected":false},"excerpt":{"rendered":"<p>\u201cJack London\u2019\u0131n gen\u00e7 ya\u015fta \u00f6lmesi \u00e7ok yaz\u0131k. Onun eserleri ger\u00e7ek; kitaplar\u0131 ya\u015fanm\u0131\u015f.\u201d \u2013JOSEPH CONRAD Jack London, Amerikan edebiyat\u0131n\u0131n cesur ve maceraperest ruhunu yans\u0131tan bir yazard\u0131r. Toplumsal<span class=\"excerpt-hellip\"> [\u2026]<\/span><\/p>\n","protected":false},"featured_media":0,"template":"","meta":{"_monsterinsights_skip_tracking":false,"_monsterinsights_sitenote_active":false,"_monsterinsights_sitenote_note":"","_monsterinsights_sitenote_category":0},"product_brand":[],"product_cat":[12291,12711],"product_tag":[],"class_list":{"0":"post-772421","1":"product","2":"type-product","3":"status-publish","5":"product_cat-edebiyat","6":"product_cat-roman-oyku","7":"pa_cilt-ciltsiz","8":"pa_tur-kitap","9":"pa_yayinevi-ithaki-yayinlari","10":"pa_yazar-jack-london","12":"first","13":"instock","14":"sale","15":"shipping-taxable","16":"purchasable","17":"product-type-simple"},"_links":{"self":[{"href":"https:\/\/roveyayinevi.com.tr\/index.php\/wp-json\/wp\/v2\/product\/772421","targetHints":{"allow":["GET"]}}],"collection":[{"href":"https:\/\/roveyayinevi.com.tr\/index.php\/wp-json\/wp\/v2\/product"}],"about":[{"href":"https:\/\/roveyayinevi.com.tr\/index.php\/wp-json\/wp\/v2\/types\/product"}],"wp:attachment":[{"href":"https:\/\/roveyayinevi.com.tr\/index.php\/wp-json\/wp\/v2\/media?parent=772421"}],"wp:term":[{"taxonomy":"product_brand","embeddable":true,"href":"https:\/\/roveyayinevi.com.tr\/index.php\/wp-json\/wp\/v2\/product_brand?post=772421"},{"taxonomy":"product_cat","embeddable":true,"href":"https:\/\/roveyayinevi.com.tr\/index.php\/wp-json\/wp\/v2\/product_cat?post=772421"},{"taxonomy":"product_tag","embeddable":true,"href":"https:\/\/roveyayinevi.com.tr\/index.php\/wp-json\/wp\/v2\/product_tag?post=772421"}],"curies":[{"name":"wp","href":"https:\/\/api.w.org\/{rel}","templated":true}]}}