{"id":772420,"date":"2025-08-28T15:39:13","date_gmt":"2025-08-28T12:39:13","guid":{"rendered":"https:\/\/roveyayinevi.com.tr\/index.php\/urun\/itaatsizlik\/"},"modified":"2026-04-15T03:38:47","modified_gmt":"2026-04-15T00:38:47","slug":"itaatsizlik","status":"publish","type":"product","link":"https:\/\/roveyayinevi.com.tr\/index.php\/urun\/itaatsizlik\/","title":{"rendered":"\u0130taatsizlik"},"content":{"rendered":"<p>Kalemini Margaret Atwood\u2019un mentorlu\u011funda geli\u015ftiren Naomi Alderman, feminist distopya tu\u0308ru\u0308nde ba\u015far\u0131s\u0131n\u0131 2017\u2019de Women\u2019s Prize Edebiyat \u00d6du\u0308lu\u0308\u2019nu\u0308 kazanan Gu\u0308\u00e7 roman\u0131yla kan\u0131tlay\u0131p Barack Obama\u2019n\u0131n favori yazarlar\u0131ndan oldu. Halbuki daha bireysel kimlikleri ile toplumun \u00e7izdi\u011fi s\u0131n\u0131rlar aras\u0131nda s\u0131k\u0131\u015fan iki kad\u0131n\u0131n hik\u00e2yesini anlatt\u0131\u011f\u0131 ilk roman\u0131 \u0130taatsizlik ile 2006\u2019da Orange Yeni Yazarlar \u00d6du\u0308lu\u0308 ve 2007\u2019de Sunday Times Y\u0131l\u0131n Gen\u00e7 Yazar\u0131 \u00d6du\u0308lu\u0308\u2019nu\u0308 kazanm\u0131\u015ft\u0131 bile. Melankoliyi umutla birle\u015ftirerek okura yans\u0131tt\u0131\u011f\u0131 \u0130taatsizlik, 2017\u2019de ba\u015frolu\u0308nde Rachel Weisz ve Rachel McAdams\u2019\u0131n oynad\u0131\u011f\u0131 bir filme uyarland\u0131, bir\u00e7ok sinema \u00f6du\u0308lu\u0308ne lay\u0131k g\u00f6ru\u0308ldu\u0308.   Londra\u2019n\u0131n kuzeyinde, kendi saf inan\u00e7lar\u0131na uygun muhafazak\u00e2r ya\u015fam su\u0308rdu\u0308ren kapal\u0131 bir cemaatin bulundu\u011fu Hendon\u2019da, liderlerinin beklenmedik \u00f6lu\u0308mu\u0308, toplumun \u00f6nde gelenleri aras\u0131nda bir halef se\u00e7ilmesi konusunda tart\u0131\u015fmalar ba\u015flat\u0131r. Bu su\u0308re\u00e7 y\u0131llar \u00f6nce yollar\u0131n\u0131 ay\u0131rm\u0131\u015f iki kad\u0131n\u0131 tekrar bir araya getirecektir: Babas\u0131n\u0131n cenazesine kat\u0131lmak u\u0308zere New York\u2019tan gelen, dini aidiyetten uzak ve \u00f6zgu\u0308r ya\u015fayan Ronit ile birlikte bu\u0308yu\u0308rken ya\u015fad\u0131klar\u0131n\u0131 art\u0131k geride b\u0131rakmaya \u00e7al\u0131\u015fan Esti i\u00e7in yu\u0308zle\u015fme zaman\u0131 da gelecektir. Yeni bir \u00f6nder aray\u0131\u015f\u0131, de\u011fi\u015fimin sorgulanmas\u0131na sebep olurken gelenekler ile arzular\u0131n \u00e7at\u0131\u015fmas\u0131n\u0131 da g\u00f6ru\u0308nu\u0308r k\u0131lacakt\u0131r.   \u0130nsan i\u00e7in en bu\u0308yu\u0308k devrim, ger\u00e7ek kimli\u011fiyle ya\u015fayabilmektir. \u0130taatsizlik, k\u00f6klerini kaybetmeden \u00f6zgu\u0308rlu\u0308klerini savunan herkesin, sesini ve yolunu sahiplenme mu\u0308cadelesi.   \u201cKeskin, komik ve dokunakl\u0131.\u201d \u2013HILARY MANTEL \u201cHarika bir roman\u2026 Ancak as\u0131l mucize, Alderman\u2019\u0131n e\u015fsiz du\u0308\u015fu\u0308nme kapasitesinde. Hi\u00e7bir \u015fey tu\u0308mu\u0308yle tembel zihinlilerin bekledi\u011fi gibi de\u011fildir: Yasak arzu tu\u0308mu\u0308yle iyi de\u011fildir, her \u015feyi belirleyen din ise tu\u0308mu\u0308yle k\u00f6tu\u0308 de\u011fildir.\u201d \u2013THE TIMES   \u201cKay\u0131p bir a\u015fk\u0131n hik\u00e2yesi ve \u00f6zverinin getirebilece\u011fi mutlulu\u011fa bir \u00f6vgu\u0308.\u201d \u2013THE OBSERVER <\/p>\n","protected":false},"excerpt":{"rendered":"<p>Kalemini Margaret Atwood\u2019un mentorlu\u011funda geli\u015ftiren Naomi Alderman, feminist distopya tu\u0308ru\u0308nde ba\u015far\u0131s\u0131n\u0131 2017\u2019de Women\u2019s Prize Edebiyat \u00d6du\u0308lu\u0308\u2019nu\u0308 kazanan Gu\u0308\u00e7 roman\u0131yla kan\u0131tlay\u0131p Barack Obama\u2019n\u0131n favori yazarlar\u0131ndan oldu. Halbuki<span class=\"excerpt-hellip\"> [\u2026]<\/span><\/p>\n","protected":false},"featured_media":0,"template":"","meta":{"_monsterinsights_skip_tracking":false,"_monsterinsights_sitenote_active":false,"_monsterinsights_sitenote_note":"","_monsterinsights_sitenote_category":0},"product_brand":[],"product_cat":[12291,12711],"product_tag":[],"class_list":{"0":"post-772420","1":"product","2":"type-product","3":"status-publish","5":"product_cat-edebiyat","6":"product_cat-roman-oyku","7":"pa_cilt-ciltsiz","8":"pa_tur-kitap","9":"pa_yayinevi-ithaki-yayinlari","10":"pa_yazar-naomi-alderman","12":"first","13":"instock","14":"sale","15":"shipping-taxable","16":"purchasable","17":"product-type-simple"},"_links":{"self":[{"href":"https:\/\/roveyayinevi.com.tr\/index.php\/wp-json\/wp\/v2\/product\/772420","targetHints":{"allow":["GET"]}}],"collection":[{"href":"https:\/\/roveyayinevi.com.tr\/index.php\/wp-json\/wp\/v2\/product"}],"about":[{"href":"https:\/\/roveyayinevi.com.tr\/index.php\/wp-json\/wp\/v2\/types\/product"}],"wp:attachment":[{"href":"https:\/\/roveyayinevi.com.tr\/index.php\/wp-json\/wp\/v2\/media?parent=772420"}],"wp:term":[{"taxonomy":"product_brand","embeddable":true,"href":"https:\/\/roveyayinevi.com.tr\/index.php\/wp-json\/wp\/v2\/product_brand?post=772420"},{"taxonomy":"product_cat","embeddable":true,"href":"https:\/\/roveyayinevi.com.tr\/index.php\/wp-json\/wp\/v2\/product_cat?post=772420"},{"taxonomy":"product_tag","embeddable":true,"href":"https:\/\/roveyayinevi.com.tr\/index.php\/wp-json\/wp\/v2\/product_tag?post=772420"}],"curies":[{"name":"wp","href":"https:\/\/api.w.org\/{rel}","templated":true}]}}