{"id":772419,"date":"2025-08-28T15:39:10","date_gmt":"2025-08-28T12:39:10","guid":{"rendered":"https:\/\/roveyayinevi.com.tr\/index.php\/urun\/mitoloji-atlasi-ciltli\/"},"modified":"2026-04-15T03:38:47","modified_gmt":"2026-04-15T00:38:47","slug":"mitoloji-atlasi-ciltli","status":"publish","type":"product","link":"https:\/\/roveyayinevi.com.tr\/index.php\/urun\/mitoloji-atlasi-ciltli\/","title":{"rendered":"Mitoloji Atlas\u0131 (Ciltli)"},"content":{"rendered":"<p>B\u00fcy\u00fcl\u00fc ve mitolojik bir d\u00fcnyaya ad\u0131m atmaya haz\u0131r m\u0131s\u0131n\u0131z?Mitoloji Atlas\u0131, sizi b\u00fcy\u00fcleyici haritalar\u0131 ve efsaneleriyle mitlerin do\u011fdu\u011fu topraklara g\u00f6t\u00fcrecek ve on iki farkl\u0131 k\u00fclt\u00fcr\u00fcn s\u0131ra d\u0131\u015f\u0131 d\u00fcnyas\u0131n\u0131 ke\u015ffetmenizi sa\u011flayacak.Kimine g\u00f6re d\u00fcnya devasa bir a\u011fa\u00e7, kimine g\u00f6reyse ba\u015f a\u015fa\u011f\u0131 duran bir da\u011f. Baz\u0131lar\u0131 da hepimizin kocaman bir kaplumba\u011fan\u0131n s\u0131rt\u0131nda ya\u015fad\u0131\u011f\u0131na inan\u0131yor. Peki, hangisi ger\u00e7ek? Eh, bu da sizin hayal g\u00fcc\u00fcn\u00fcze kalm\u0131\u015f!!Bu yolculukta tanr\u0131lar, canavarlar, kahramanlar ve efsanevi yarat\u0131klarla kar\u015f\u0131la\u015facaks\u0131n\u0131z. Ama dikkatli olun! Yolunuza bir kurt adam \u00e7\u0131karsa sak\u0131n \u015fa\u015f\u0131rmay\u0131n&#8230; \u00e7\u00fcnk\u00fc buras\u0131 efsanelerin d\u00fcnyas\u0131!<\/p>\n","protected":false},"excerpt":{"rendered":"<p>B\u00fcy\u00fcl\u00fc ve mitolojik bir d\u00fcnyaya ad\u0131m atmaya haz\u0131r m\u0131s\u0131n\u0131z?Mitoloji Atlas\u0131, sizi b\u00fcy\u00fcleyici haritalar\u0131 ve efsaneleriyle mitlerin do\u011fdu\u011fu topraklara g\u00f6t\u00fcrecek ve on iki farkl\u0131 k\u00fclt\u00fcr\u00fcn s\u0131ra d\u0131\u015f\u0131<span class=\"excerpt-hellip\"> [\u2026]<\/span><\/p>\n","protected":false},"featured_media":0,"template":"","meta":{"_monsterinsights_skip_tracking":false,"_monsterinsights_sitenote_active":false,"_monsterinsights_sitenote_note":"","_monsterinsights_sitenote_category":0},"product_brand":[],"product_cat":[12274,15842],"product_tag":[],"class_list":{"0":"post-772419","1":"product","2":"type-product","3":"status-publish","5":"product_cat-cocuk-ve-genclik-kitaplari","6":"product_cat-egitici-kitaplar","7":"pa_cilt-ciltli","8":"pa_tur-kitap","9":"pa_yayinevi-epsilon-yayinlari","10":"pa_yazar-thiago-de-moraes","12":"first","13":"instock","14":"sale","15":"shipping-taxable","16":"purchasable","17":"product-type-simple"},"_links":{"self":[{"href":"https:\/\/roveyayinevi.com.tr\/index.php\/wp-json\/wp\/v2\/product\/772419","targetHints":{"allow":["GET"]}}],"collection":[{"href":"https:\/\/roveyayinevi.com.tr\/index.php\/wp-json\/wp\/v2\/product"}],"about":[{"href":"https:\/\/roveyayinevi.com.tr\/index.php\/wp-json\/wp\/v2\/types\/product"}],"wp:attachment":[{"href":"https:\/\/roveyayinevi.com.tr\/index.php\/wp-json\/wp\/v2\/media?parent=772419"}],"wp:term":[{"taxonomy":"product_brand","embeddable":true,"href":"https:\/\/roveyayinevi.com.tr\/index.php\/wp-json\/wp\/v2\/product_brand?post=772419"},{"taxonomy":"product_cat","embeddable":true,"href":"https:\/\/roveyayinevi.com.tr\/index.php\/wp-json\/wp\/v2\/product_cat?post=772419"},{"taxonomy":"product_tag","embeddable":true,"href":"https:\/\/roveyayinevi.com.tr\/index.php\/wp-json\/wp\/v2\/product_tag?post=772419"}],"curies":[{"name":"wp","href":"https:\/\/api.w.org\/{rel}","templated":true}]}}