{"id":772418,"date":"2025-08-28T15:39:07","date_gmt":"2025-08-28T12:39:07","guid":{"rendered":"https:\/\/roveyayinevi.com.tr\/index.php\/urun\/sana-bir-daha-asla-baba-demeyecegim\/"},"modified":"2026-04-15T03:38:47","modified_gmt":"2026-04-15T00:38:47","slug":"sana-bir-daha-asla-baba-demeyecegim","status":"publish","type":"product","link":"https:\/\/roveyayinevi.com.tr\/index.php\/urun\/sana-bir-daha-asla-baba-demeyecegim\/","title":{"rendered":"Sana Bir Daha Asla Baba Demeyece\u011fim"},"content":{"rendered":"<p>SON YILLARINEN SANSASYONEL DAVASI&#8221;Hem ma\u011fdurun hem de failin \u00e7ocu\u011fu olmak, kimsenin ta\u015f\u0131mamas\u0131 gereken korkun\u00e7 bir y\u00fck. Hayat\u0131m bir anda alt\u00fcst oldu. Ailemizin enkaz\u0131 bir labirente d\u00f6n\u00fc\u015ft\u00fc. Sorular bitmek bilmedi, cevaplar ise asla gelmedi.&#8221;BENZERS\u0130Z B\u0130R BA\u015eKALDIRI: UTAN\u00c7 TARAF DE\u011e\u0130\u015eT\u0130RMEL\u0130T\u00fcm d\u00fcnyan\u0131n g\u00f6zleri \u00f6n\u00fcnde g\u00f6r\u00fclen bir dava. Ak\u0131l almaz bir su\u00e7un kurban\u0131 olan bir anne ve k\u0131z: Gis\u00e8le Pelicot ve Caroline Darian. Kas\u0131m 2020\u2019de Caroline Darian, hayat\u0131n\u0131 de\u011fi\u015ftirecek bir telefon ald\u0131. Polisin dedi\u011fine g\u00f6re g\u00f6zalt\u0131ndaki babas\u0131n\u0131n ele ge\u00e7irilen bilgisayar\u0131nda y\u0131llard\u0131r s\u00fcren bir deh\u015fet gizliydi: 2013\u2019ten beri, kendi kar\u0131s\u0131n\u0131 ila\u00e7la bay\u0131lt\u0131yor ve onu, onlarca farkl\u0131 erke\u011fin eline teslim edip ya\u015fanan deh\u015feti kameraya al\u0131yordu. Bu, bir k\u0131z \u00e7ocu\u011funun, hayat\u0131 boyunca s\u0131\u011f\u0131nd\u0131\u011f\u0131 babas\u0131n\u0131n, en karanl\u0131k y\u00fcz\u00fcyle tan\u0131\u015ft\u0131\u011f\u0131 and\u0131. Ama Caroline, korkuya teslim olmak yerine aya\u011fa kalkmay\u0131 se\u00e7ti. Ya\u015fad\u0131\u011f\u0131 bu sars\u0131c\u0131 ger\u00e7ekle y\u00fczle\u015firken bug\u00fcne dek g\u00f6rmezden gelinen \u201ckimyasal boyun e\u011fdirmeye\u201d kar\u015f\u0131 b\u00fcy\u00fck bir m\u00fccadele ba\u015flatt\u0131. Kad\u0131nlara y\u00f6nelik \u015fiddetin g\u00f6lgede kalan y\u00fcz\u00fcn\u00fc a\u00e7\u0131\u011fa \u00e7\u0131karan bu cesur ve sars\u0131c\u0131 olay, kendi ac\u0131lar\u0131n\u0131 kolektif bir \u00e7\u0131\u011fl\u0131\u011fa d\u00f6n\u00fc\u015f- t\u00fcren iki kad\u0131n\u0131n sesi&#8230;<\/p>\n","protected":false},"excerpt":{"rendered":"<p>SON YILLARINEN SANSASYONEL DAVASI&#8221;Hem ma\u011fdurun hem de failin \u00e7ocu\u011fu olmak, kimsenin ta\u015f\u0131mamas\u0131 gereken korkun\u00e7 bir y\u00fck. Hayat\u0131m bir anda alt\u00fcst oldu. Ailemizin enkaz\u0131 bir labirente d\u00f6n\u00fc\u015ft\u00fc.<span class=\"excerpt-hellip\"> [\u2026]<\/span><\/p>\n","protected":false},"featured_media":0,"template":"","meta":{"_monsterinsights_skip_tracking":false,"_monsterinsights_sitenote_active":false,"_monsterinsights_sitenote_note":"","_monsterinsights_sitenote_category":0},"product_brand":[],"product_cat":[14009,12291],"product_tag":[],"class_list":{"0":"post-772418","1":"product","2":"type-product","3":"status-publish","5":"product_cat-biyografi-otobiyografi-edebiyat","6":"product_cat-edebiyat","7":"pa_cilt-ciltsiz","8":"pa_tur-kitap","9":"pa_yayinevi-epsilon-yayinlari","10":"pa_yazar-caroline-darian","12":"first","13":"instock","14":"sale","15":"shipping-taxable","16":"purchasable","17":"product-type-simple"},"_links":{"self":[{"href":"https:\/\/roveyayinevi.com.tr\/index.php\/wp-json\/wp\/v2\/product\/772418","targetHints":{"allow":["GET"]}}],"collection":[{"href":"https:\/\/roveyayinevi.com.tr\/index.php\/wp-json\/wp\/v2\/product"}],"about":[{"href":"https:\/\/roveyayinevi.com.tr\/index.php\/wp-json\/wp\/v2\/types\/product"}],"wp:attachment":[{"href":"https:\/\/roveyayinevi.com.tr\/index.php\/wp-json\/wp\/v2\/media?parent=772418"}],"wp:term":[{"taxonomy":"product_brand","embeddable":true,"href":"https:\/\/roveyayinevi.com.tr\/index.php\/wp-json\/wp\/v2\/product_brand?post=772418"},{"taxonomy":"product_cat","embeddable":true,"href":"https:\/\/roveyayinevi.com.tr\/index.php\/wp-json\/wp\/v2\/product_cat?post=772418"},{"taxonomy":"product_tag","embeddable":true,"href":"https:\/\/roveyayinevi.com.tr\/index.php\/wp-json\/wp\/v2\/product_tag?post=772418"}],"curies":[{"name":"wp","href":"https:\/\/api.w.org\/{rel}","templated":true}]}}