{"id":772416,"date":"2025-08-28T15:39:04","date_gmt":"2025-08-28T12:39:04","guid":{"rendered":"https:\/\/roveyayinevi.com.tr\/index.php\/urun\/podcast-gazeteciligi\/"},"modified":"2026-04-15T03:38:47","modified_gmt":"2026-04-15T00:38:47","slug":"podcast-gazeteciligi","status":"publish","type":"product","link":"https:\/\/roveyayinevi.com.tr\/index.php\/urun\/podcast-gazeteciligi\/","title":{"rendered":"Podcast Gazetecili\u011fi"},"content":{"rendered":"<p>Podcast gazetecili\u011finin y\u00fckseli\u015fi, yeni bir sesli habercilik anlay\u0131\u015f\u0131n\u0131 beraberinde getirdi. Podcast yay\u0131nc\u0131l\u0131\u011f\u0131, s\u00fcr\u00fckleyici hik\u00e2ye anlat\u0131m\u0131 sunarak ve daha \u00f6nce yeterince temsil edilmemi\u015f topluluklara ula\u015farak, dijital gazetecili\u011fin en h\u0131zl\u0131 b\u00fcy\u00fcyen t\u00fcrlerinden biri h\u00e2line geldi. Ancak bu b\u00fcy\u00fcme, dezenformasyon tehlikesi, sponsorlar\u0131n i\u00e7erik \u00fczerindeki etkisi, belirli platformlar\u0131n tekelci konumu ve gazetecilik ilkelerine ba\u011fl\u0131l\u0131k gibi kritik tart\u0131\u015fmalar\u0131 da beraberinde getiriyor. David O. Dowling, podcast yay\u0131nc\u0131l\u0131\u011f\u0131n\u0131n, habercili\u011fin temel i\u015flevlerini ve gazetecili\u011fin kimli\u011fini nas\u0131l d\u00f6n\u00fc\u015ft\u00fcrd\u00fc\u011f\u00fcn\u00fc ele al\u0131yor. Geleneksel ve dijital gazetecilikle etkile\u015fimini analiz ederek, bu yeni haber format\u0131n\u0131n getirdi\u011fi vaatleri ve riskleri de\u011ferlendiriyor. Haber ile e\u011flence, editoryal ile reklam, tarafs\u0131zl\u0131k ile \u00f6znellik aras\u0131ndaki s\u0131n\u0131rlar\u0131n giderek bulan\u0131kla\u015ft\u0131\u011f\u0131 bu ortamda, podcast yay\u0131nc\u0131l\u0131\u011f\u0131 bir yandan \u00f6zg\u00fcn seslere alan a\u00e7arken, di\u011fer yandan b\u00fcy\u00fck medya kurulu\u015flar\u0131n\u0131n ve siyasi akt\u00f6rlerin etkisini art\u0131rmas\u0131na da zemin haz\u0131rl\u0131yor. Podcast yay\u0131nc\u0131l\u0131\u011f\u0131n\u0131n gazetecilik \u00fczerindeki etkilerini anlamak isteyen herkes i\u00e7in vazge\u00e7ilmez bir kaynak. <\/p>\n","protected":false},"excerpt":{"rendered":"<p>Podcast gazetecili\u011finin y\u00fckseli\u015fi, yeni bir sesli habercilik anlay\u0131\u015f\u0131n\u0131 beraberinde getirdi. Podcast yay\u0131nc\u0131l\u0131\u011f\u0131, s\u00fcr\u00fckleyici hik\u00e2ye anlat\u0131m\u0131 sunarak ve daha \u00f6nce yeterince temsil edilmemi\u015f topluluklara ula\u015farak, dijital gazetecili\u011fin<span class=\"excerpt-hellip\"> [\u2026]<\/span><\/p>\n","protected":false},"featured_media":0,"template":"","meta":{"_monsterinsights_skip_tracking":false,"_monsterinsights_sitenote_active":false,"_monsterinsights_sitenote_note":"","_monsterinsights_sitenote_category":0},"product_brand":[],"product_cat":[15983,13488],"product_tag":[],"class_list":{"0":"post-772416","1":"product","2":"type-product","3":"status-publish","5":"product_cat-iletisim-ve-medya","6":"product_cat-toplum-ve-insan","7":"pa_cilt-ciltsiz","8":"pa_tur-kitap","9":"pa_yayinevi-anadolu-ajansi-yayinevi","10":"pa_yazar-david-o-dowling","12":"first","13":"instock","14":"sale","15":"shipping-taxable","16":"purchasable","17":"product-type-simple"},"_links":{"self":[{"href":"https:\/\/roveyayinevi.com.tr\/index.php\/wp-json\/wp\/v2\/product\/772416","targetHints":{"allow":["GET"]}}],"collection":[{"href":"https:\/\/roveyayinevi.com.tr\/index.php\/wp-json\/wp\/v2\/product"}],"about":[{"href":"https:\/\/roveyayinevi.com.tr\/index.php\/wp-json\/wp\/v2\/types\/product"}],"wp:attachment":[{"href":"https:\/\/roveyayinevi.com.tr\/index.php\/wp-json\/wp\/v2\/media?parent=772416"}],"wp:term":[{"taxonomy":"product_brand","embeddable":true,"href":"https:\/\/roveyayinevi.com.tr\/index.php\/wp-json\/wp\/v2\/product_brand?post=772416"},{"taxonomy":"product_cat","embeddable":true,"href":"https:\/\/roveyayinevi.com.tr\/index.php\/wp-json\/wp\/v2\/product_cat?post=772416"},{"taxonomy":"product_tag","embeddable":true,"href":"https:\/\/roveyayinevi.com.tr\/index.php\/wp-json\/wp\/v2\/product_tag?post=772416"}],"curies":[{"name":"wp","href":"https:\/\/api.w.org\/{rel}","templated":true}]}}