{"id":772414,"date":"2025-08-28T15:39:00","date_gmt":"2025-08-28T12:39:00","guid":{"rendered":"https:\/\/roveyayinevi.com.tr\/index.php\/urun\/yapay-zeka-ve-gazeteciligin-kesisimini-kesfetmek\/"},"modified":"2026-04-15T03:38:47","modified_gmt":"2026-04-15T00:38:47","slug":"yapay-zeka-ve-gazeteciligin-kesisimini-kesfetmek","status":"publish","type":"product","link":"https:\/\/roveyayinevi.com.tr\/index.php\/urun\/yapay-zeka-ve-gazeteciligin-kesisimini-kesfetmek\/","title":{"rendered":"Yapay Zeka ve Gazetecili\u011fin Kesi\u015fimini Ke\u015ffetmek"},"content":{"rendered":"<p>Yapay zek\u00e2 (YZ) ve medya \u00e7al\u0131\u015fmalar\u0131 alan\u0131ndaki uzmanl\u0131klar\u0131yla bilinen Santosh Kumar Biswal ve Anand J. Kulkarni, yapay zek\u00e2 ve gazetecili\u011fin kesi\u015fim noktas\u0131n\u0131 derinlemesine inceliyor. Eser, medya ve ileti\u015fim d\u00fcnyas\u0131n\u0131n k\u00fcreselle\u015fme s\u00fcrecindeki k\u00f6kenini, b\u00fcy\u00fcmesini ve geli\u015fimini takip ediyor. Eserde, art\u0131r\u0131lm\u0131\u015f ger\u00e7eklik, sanal ger\u00e7eklik ve geni\u015fletilmi\u015f ger\u00e7eklik gibi teknolojilerin k\u00fcresel ileti\u015fim devrimini nas\u0131l te\u015fvik etti\u011fi de tart\u0131\u015f\u0131l\u0131yor. Kitapta; teknoloji merkezli medya teorileri YZ ba\u011flam\u0131nda ele al\u0131n\u0131yor, YZ&#8217;nin veri gazetecili\u011fi i\u00e7in bir nimet mi yoksa bir tehdit mi oldu\u011fu sorgulan\u0131yor, YZ&#8217;nin haber muhabirli\u011fi ve vatanda\u015f gazetecili- \u011findeki rol\u00fc inceleniyor, YZ odakl\u0131 gazetecili\u011fin sosyo-k\u00fclt\u00fcrel etkileri ve ortaya \u00e7\u0131kan etik kayg\u0131lar\u0131 analiz ediliyor. Ayr\u0131ca; YZ&#8217;nin gazetecilik \u00fczerinde tart\u0131\u015fma konusu olan etkisi, YZ sistemlerinin haber i\u00e7eriklerini kullanmas\u0131yla ilgili medya kurulu\u015flar\u0131n\u0131n haklar\u0131 ve bu i\u00e7eriklerin kullan\u0131m\u0131 konusunda tazminat talepleri ele al\u0131n\u0131yor. Bu kitap, medya \u00e7al\u0131\u015fmalar\u0131, ileti\u015fim \u00e7al\u0131\u015fmalar\u0131, gazetecilik, sosyal medya, teknoloji \u00e7al\u0131\u015fmalar\u0131 ve dijital be\u015fer\u00ee bilimler alanlar\u0131nda \u00e7al\u0131\u015fan \u00f6\u011frenciler, ara\u015ft\u0131rmac\u0131lar ve profesyoneller i\u00e7in vazge\u00e7ilmez bir ba\u015fucu kayna\u011f\u0131d\u0131r. <\/p>\n","protected":false},"excerpt":{"rendered":"<p>Yapay zek\u00e2 (YZ) ve medya \u00e7al\u0131\u015fmalar\u0131 alan\u0131ndaki uzmanl\u0131klar\u0131yla bilinen Santosh Kumar Biswal ve Anand J. Kulkarni, yapay zek\u00e2 ve gazetecili\u011fin kesi\u015fim noktas\u0131n\u0131 derinlemesine inceliyor. Eser, medya<span class=\"excerpt-hellip\"> [\u2026]<\/span><\/p>\n","protected":false},"featured_media":0,"template":"","meta":{"_monsterinsights_skip_tracking":false,"_monsterinsights_sitenote_active":false,"_monsterinsights_sitenote_note":"","_monsterinsights_sitenote_category":0},"product_brand":[],"product_cat":[15983,13488],"product_tag":[],"class_list":{"0":"post-772414","1":"product","2":"type-product","3":"status-publish","5":"product_cat-iletisim-ve-medya","6":"product_cat-toplum-ve-insan","7":"pa_cilt-ciltsiz","8":"pa_tur-kitap","9":"pa_yayinevi-anadolu-ajansi-yayinevi","10":"pa_yazar-santosh-kumar-biswal-anand-j-kulkarni","12":"first","13":"instock","14":"sale","15":"shipping-taxable","16":"purchasable","17":"product-type-simple"},"_links":{"self":[{"href":"https:\/\/roveyayinevi.com.tr\/index.php\/wp-json\/wp\/v2\/product\/772414","targetHints":{"allow":["GET"]}}],"collection":[{"href":"https:\/\/roveyayinevi.com.tr\/index.php\/wp-json\/wp\/v2\/product"}],"about":[{"href":"https:\/\/roveyayinevi.com.tr\/index.php\/wp-json\/wp\/v2\/types\/product"}],"wp:attachment":[{"href":"https:\/\/roveyayinevi.com.tr\/index.php\/wp-json\/wp\/v2\/media?parent=772414"}],"wp:term":[{"taxonomy":"product_brand","embeddable":true,"href":"https:\/\/roveyayinevi.com.tr\/index.php\/wp-json\/wp\/v2\/product_brand?post=772414"},{"taxonomy":"product_cat","embeddable":true,"href":"https:\/\/roveyayinevi.com.tr\/index.php\/wp-json\/wp\/v2\/product_cat?post=772414"},{"taxonomy":"product_tag","embeddable":true,"href":"https:\/\/roveyayinevi.com.tr\/index.php\/wp-json\/wp\/v2\/product_tag?post=772414"}],"curies":[{"name":"wp","href":"https:\/\/api.w.org\/{rel}","templated":true}]}}