{"id":772411,"date":"2025-08-28T15:38:53","date_gmt":"2025-08-28T12:38:53","guid":{"rendered":"https:\/\/roveyayinevi.com.tr\/index.php\/urun\/makalat-2\/"},"modified":"2026-01-30T04:10:43","modified_gmt":"2026-01-30T01:10:43","slug":"makalat-2","status":"publish","type":"product","link":"https:\/\/roveyayinevi.com.tr\/index.php\/urun\/makalat-2\/","title":{"rendered":"Makalat"},"content":{"rendered":"<p>T\u00fcrk edebiyat\u0131n\u0131n \u00f6nemli kollar\u0131ndan biri de Bekt\u00e2\u015fi edebiyat\u0131d\u0131r\u2026 Hz. Ali ve Hac\u0131 Bekt\u00e2\u015f-\u0131 Vel\u00eeba\u015f tac\u0131 \u015fahsiyetlerdir\u2026 Hac\u0131 Bekt\u00e2\u015f-\u0131 Vel\u00ee, manevi ki\u015fili\u011fi yan\u0131nda Mak\u00e2l\u00e2t\u2019\u0131yla \u015f\u00f6hret bulmu\u015ftur. Elinizdeki \u00e7al\u0131\u015fma Mak\u00e2l\u00e2t\u2019\u0131n bir\u00e7ok yazma n\u00fcshas\u0131ndan yararlan\u0131larak haz\u0131rlanm\u0131\u015ft\u0131r. \u0130ki \u00f6nemli yazma esas al\u0131narak do\u011fru bir metin olu\u015fturulmaya \u00e7al\u0131\u015f\u0131lm\u0131\u015f ve herkesin anlayaca\u011f\u0131 bir dille g\u00fcn\u00fcm\u00fcz T\u00fcrk\u00e7esi\u2019ne aktar\u0131lm\u0131\u015ft\u0131r. Mak\u00e2l\u00e2t\u2019\u0131n d\u00fcnyas\u0131na dalmak tasavvufun evreninde yol almakt\u0131r.<\/p>\n","protected":false},"excerpt":{"rendered":"<p>T\u00fcrk edebiyat\u0131n\u0131n \u00f6nemli kollar\u0131ndan biri de Bekt\u00e2\u015fi edebiyat\u0131d\u0131r\u2026 Hz. Ali ve Hac\u0131 Bekt\u00e2\u015f-\u0131 Vel\u00eeba\u015f tac\u0131 \u015fahsiyetlerdir\u2026 Hac\u0131 Bekt\u00e2\u015f-\u0131 Vel\u00ee, manevi ki\u015fili\u011fi yan\u0131nda Mak\u00e2l\u00e2t\u2019\u0131yla \u015f\u00f6hret bulmu\u015ftur. Elinizdeki<span class=\"excerpt-hellip\"> [\u2026]<\/span><\/p>\n","protected":false},"featured_media":0,"template":"","meta":{"_monsterinsights_skip_tracking":false,"_monsterinsights_sitenote_active":false,"_monsterinsights_sitenote_note":"","_monsterinsights_sitenote_category":0},"product_brand":[],"product_cat":[12718,12719,15238],"product_tag":[],"class_list":{"0":"post-772411","1":"product","2":"type-product","3":"status-publish","5":"product_cat-din","6":"product_cat-islam","7":"product_cat-tasavvuf","8":"pa_cilt-ciltsiz","9":"pa_tur-kitap","10":"pa_yayinevi-kapi-yayinlari","11":"pa_yazar-haci-bektas-i-veli","13":"first","14":"instock","15":"sale","16":"shipping-taxable","17":"purchasable","18":"product-type-simple"},"_links":{"self":[{"href":"https:\/\/roveyayinevi.com.tr\/index.php\/wp-json\/wp\/v2\/product\/772411","targetHints":{"allow":["GET"]}}],"collection":[{"href":"https:\/\/roveyayinevi.com.tr\/index.php\/wp-json\/wp\/v2\/product"}],"about":[{"href":"https:\/\/roveyayinevi.com.tr\/index.php\/wp-json\/wp\/v2\/types\/product"}],"wp:attachment":[{"href":"https:\/\/roveyayinevi.com.tr\/index.php\/wp-json\/wp\/v2\/media?parent=772411"}],"wp:term":[{"taxonomy":"product_brand","embeddable":true,"href":"https:\/\/roveyayinevi.com.tr\/index.php\/wp-json\/wp\/v2\/product_brand?post=772411"},{"taxonomy":"product_cat","embeddable":true,"href":"https:\/\/roveyayinevi.com.tr\/index.php\/wp-json\/wp\/v2\/product_cat?post=772411"},{"taxonomy":"product_tag","embeddable":true,"href":"https:\/\/roveyayinevi.com.tr\/index.php\/wp-json\/wp\/v2\/product_tag?post=772411"}],"curies":[{"name":"wp","href":"https:\/\/api.w.org\/{rel}","templated":true}]}}