{"id":772410,"date":"2025-08-28T15:38:50","date_gmt":"2025-08-28T12:38:50","guid":{"rendered":"https:\/\/roveyayinevi.com.tr\/index.php\/urun\/susan-seylerin-gurultusu\/"},"modified":"2026-04-15T03:38:46","modified_gmt":"2026-04-15T00:38:46","slug":"susan-seylerin-gurultusu","status":"publish","type":"product","link":"https:\/\/roveyayinevi.com.tr\/index.php\/urun\/susan-seylerin-gurultusu\/","title":{"rendered":"Susan \u015eeylerin G\u00fcr\u00fclt\u00fcs\u00fc"},"content":{"rendered":"<p>\u015eiirleri, denemeleri ve akademik \u00e7al\u0131\u015fmalar\u0131yla tan\u0131d\u0131\u011f\u0131m\u0131z H\u00fcseyin K\u00f6se\u2019nin \u015fiirlerden yola \u00e7\u0131kan denemeleri Susan \u015eeylerin G\u00fcr\u00fclt\u00fcs\u00fc, \u201cgece diliyle\u201d yaz\u0131lm\u0131\u015f bir kitap.   \u201cK\u0131r\u0131labiliyoruz, \u0130yi ki\u2026\u201d, \u201cD\u00fczyaz\u0131 Gibiyiz Biraz, Ak\u0131lla Sevmenin Pi\u015fmanl\u0131\u011f\u0131&#8230;\u201d, \u201cKu\u015flar\u0131n Avaz\u0131y\u0131z, Susman\u0131n Yaz\u0131&#8230;\u201d ba\u015fl\u0131klar\u0131yla \u00fc\u00e7 b\u00f6l\u00fcme ayr\u0131lm\u0131\u015f kitaptaki d\u00fc\u015f\u00fcnce u\u00e7lar\u0131 Didem Madak\u2019tan Ahmet Oktay\u2019a, \u0130smet \u00d6zel\u2019den Enver Ercan\u2019a, \u015eeref Bilsel\u2019den Levent Karata\u015f\u2019a kadar pek \u00e7ok \u015faire ve \u015fiirine uzan\u0131yor. \u201cYazacak ne kald\u0131 ki?\u201d sorusuna bir cevap olarak \u00f6nemsizli\u011fin g\u00fcc\u00fcn\u00fc hat\u0131rlatacak, g\u00fcnd\u00fcz d\u00fc\u015flerinden el alm\u0131\u015f bir metin Susan \u015eeylerin G\u00fcr\u00fclt\u00fcs\u00fc. <\/p>\n","protected":false},"excerpt":{"rendered":"<p>\u015eiirleri, denemeleri ve akademik \u00e7al\u0131\u015fmalar\u0131yla tan\u0131d\u0131\u011f\u0131m\u0131z H\u00fcseyin K\u00f6se\u2019nin \u015fiirlerden yola \u00e7\u0131kan denemeleri Susan \u015eeylerin G\u00fcr\u00fclt\u00fcs\u00fc, \u201cgece diliyle\u201d yaz\u0131lm\u0131\u015f bir kitap. \u201cK\u0131r\u0131labiliyoruz, \u0130yi ki\u2026\u201d, \u201cD\u00fczyaz\u0131 Gibiyiz Biraz,<span class=\"excerpt-hellip\"> [\u2026]<\/span><\/p>\n","protected":false},"featured_media":0,"template":"","meta":{"_monsterinsights_skip_tracking":false,"_monsterinsights_sitenote_active":false,"_monsterinsights_sitenote_note":"","_monsterinsights_sitenote_category":0},"product_brand":[],"product_cat":[13072,12291],"product_tag":[],"class_list":{"0":"post-772410","1":"product","2":"type-product","3":"status-publish","5":"product_cat-arastirma-inceleme-referans","6":"product_cat-edebiyat","7":"pa_cilt-ciltsiz","8":"pa_tur-kitap","9":"pa_yayinevi-everest-yayinlari","10":"pa_yazar-huseyin-kose","12":"first","13":"instock","14":"sale","15":"shipping-taxable","16":"purchasable","17":"product-type-simple"},"_links":{"self":[{"href":"https:\/\/roveyayinevi.com.tr\/index.php\/wp-json\/wp\/v2\/product\/772410","targetHints":{"allow":["GET"]}}],"collection":[{"href":"https:\/\/roveyayinevi.com.tr\/index.php\/wp-json\/wp\/v2\/product"}],"about":[{"href":"https:\/\/roveyayinevi.com.tr\/index.php\/wp-json\/wp\/v2\/types\/product"}],"wp:attachment":[{"href":"https:\/\/roveyayinevi.com.tr\/index.php\/wp-json\/wp\/v2\/media?parent=772410"}],"wp:term":[{"taxonomy":"product_brand","embeddable":true,"href":"https:\/\/roveyayinevi.com.tr\/index.php\/wp-json\/wp\/v2\/product_brand?post=772410"},{"taxonomy":"product_cat","embeddable":true,"href":"https:\/\/roveyayinevi.com.tr\/index.php\/wp-json\/wp\/v2\/product_cat?post=772410"},{"taxonomy":"product_tag","embeddable":true,"href":"https:\/\/roveyayinevi.com.tr\/index.php\/wp-json\/wp\/v2\/product_tag?post=772410"}],"curies":[{"name":"wp","href":"https:\/\/api.w.org\/{rel}","templated":true}]}}