{"id":772409,"date":"2025-08-28T15:38:47","date_gmt":"2025-08-28T12:38:47","guid":{"rendered":"https:\/\/roveyayinevi.com.tr\/index.php\/urun\/yuvasiz-kuslar-gibi\/"},"modified":"2026-04-15T03:38:46","modified_gmt":"2026-04-15T00:38:46","slug":"yuvasiz-kuslar-gibi","status":"publish","type":"product","link":"https:\/\/roveyayinevi.com.tr\/index.php\/urun\/yuvasiz-kuslar-gibi\/","title":{"rendered":"Yuvas\u0131z Ku\u015flar Gibi"},"content":{"rendered":"<p>Psikiyatrist Cemal Dindar, Urfa\u2019da g\u00f6rev yapt\u0131\u011f\u0131 d\u00f6nemde yerel foto\u011fraf\u00e7\u0131 Mahmut Okka\u015f\u2019\u0131n \u00e7ekti\u011fi foto\u011fraflardan ve anlatt\u0131\u011f\u0131 \u00f6yk\u00fclerden yola \u00e7\u0131karak b\u00f6lgede ya\u015fam\u0131\u015f ve toplum taraf\u0131ndan \u201cdelilik\u201dle \u00f6zde\u015fle\u015ftirilmi\u015f insanlar\u0131 anlat\u0131yor bu defa. Sadece birer vakadan \u00f6te, derin insani y\u00f6nleriyle ele alarak. Bu yakla\u015f\u0131mla, \u00f6nyarg\u0131lar\u0131 sorgulamaya ve delili\u011fi bireysel bir trajediden ziyade toplumsal bir mesele olarak g\u00f6rmeye davet ediyor bizleri. Toplumsal d\u0131\u015flanm\u0131\u015fl\u0131k, ak\u0131l sa\u011fl\u0131\u011f\u0131 ve bireyin yaln\u0131zl\u0131\u011f\u0131 gibi derin temalar\u0131 i\u015flerken, yerel tarih ve k\u00fclt\u00fcrle de g\u00fc\u00e7l\u00fc bir ba\u011f kuran Dindar, bu sayede, delilik kavram\u0131n\u0131n sosyal, k\u00fclt\u00fcrel ve tarihsel ba\u011flam\u0131n\u0131 anlamam\u0131z\u0131 da sa\u011fl\u0131yor. Yuvas\u0131z Ku\u015flar Gibi: \u201cDelili\u011fin\u201d Resimli Sivil Tarihi, toplumsal belle\u011fe, \u00f6tekile\u015ftirmeye ve insan ruhunun k\u0131r\u0131lganl\u0131\u011f\u0131na dair derin bir yolculu\u011fa \u00e7\u0131kmak isteyenlere&#8230; <\/p>\n","protected":false},"excerpt":{"rendered":"<p>Psikiyatrist Cemal Dindar, Urfa\u2019da g\u00f6rev yapt\u0131\u011f\u0131 d\u00f6nemde yerel foto\u011fraf\u00e7\u0131 Mahmut Okka\u015f\u2019\u0131n \u00e7ekti\u011fi foto\u011fraflardan ve anlatt\u0131\u011f\u0131 \u00f6yk\u00fclerden yola \u00e7\u0131karak b\u00f6lgede ya\u015fam\u0131\u015f ve toplum taraf\u0131ndan \u201cdelilik\u201dle \u00f6zde\u015fle\u015ftirilmi\u015f insanlar\u0131<span class=\"excerpt-hellip\"> [\u2026]<\/span><\/p>\n","protected":false},"featured_media":0,"template":"","meta":{"_monsterinsights_skip_tracking":false,"_monsterinsights_sitenote_active":false,"_monsterinsights_sitenote_note":"","_monsterinsights_sitenote_category":0},"product_brand":[],"product_cat":[13072,12291],"product_tag":[],"class_list":{"0":"post-772409","1":"product","2":"type-product","3":"status-publish","5":"product_cat-arastirma-inceleme-referans","6":"product_cat-edebiyat","7":"pa_cilt-ciltsiz","8":"pa_tur-kitap","9":"pa_yayinevi-alfa-yayinlari","10":"pa_yazar-cemal-dindar","12":"first","13":"instock","14":"sale","15":"shipping-taxable","16":"purchasable","17":"product-type-simple"},"_links":{"self":[{"href":"https:\/\/roveyayinevi.com.tr\/index.php\/wp-json\/wp\/v2\/product\/772409","targetHints":{"allow":["GET"]}}],"collection":[{"href":"https:\/\/roveyayinevi.com.tr\/index.php\/wp-json\/wp\/v2\/product"}],"about":[{"href":"https:\/\/roveyayinevi.com.tr\/index.php\/wp-json\/wp\/v2\/types\/product"}],"wp:attachment":[{"href":"https:\/\/roveyayinevi.com.tr\/index.php\/wp-json\/wp\/v2\/media?parent=772409"}],"wp:term":[{"taxonomy":"product_brand","embeddable":true,"href":"https:\/\/roveyayinevi.com.tr\/index.php\/wp-json\/wp\/v2\/product_brand?post=772409"},{"taxonomy":"product_cat","embeddable":true,"href":"https:\/\/roveyayinevi.com.tr\/index.php\/wp-json\/wp\/v2\/product_cat?post=772409"},{"taxonomy":"product_tag","embeddable":true,"href":"https:\/\/roveyayinevi.com.tr\/index.php\/wp-json\/wp\/v2\/product_tag?post=772409"}],"curies":[{"name":"wp","href":"https:\/\/api.w.org\/{rel}","templated":true}]}}