{"id":772407,"date":"2025-08-28T15:38:43","date_gmt":"2025-08-28T12:38:43","guid":{"rendered":"https:\/\/roveyayinevi.com.tr\/index.php\/urun\/psikolojide-kliseler\/"},"modified":"2026-04-15T03:38:46","modified_gmt":"2026-04-15T00:38:46","slug":"psikolojide-kliseler","status":"publish","type":"product","link":"https:\/\/roveyayinevi.com.tr\/index.php\/urun\/psikolojide-kliseler\/","title":{"rendered":"Psikolojide Kli\u015feler"},"content":{"rendered":"<p>Hepimizin hayat\u0131nda en az bir kez kula\u011f\u0131m\u0131za \u00e7al\u0131nm\u0131\u015f kli\u015feler vard\u0131r. &#8220;Kad\u0131nlar komik erkeklerden ho\u015flan\u0131r!&#8221;,  &#8220;A\u015fk m\u0131, mant\u0131k m\u0131?&#8221; ya da &#8220;Her \u015fey \u00e7ocu\u011fum i\u00e7in!&#8221; gibi\u2026  Bunlar, insanl\u0131k tecr\u00fcbesinin nesilden nesle aktar\u0131m\u0131n\u0131 sa\u011flayan s\u00f6zl\u00fc k\u00fclt\u00fcr i\u00e7inde zamanla olu\u015fmu\u015f oldu\u011fu gibi \u00e7a\u011f\u0131n getirdi\u011fi d\u00fc\u015f\u00fcnce yap\u0131s\u0131yla olu\u015fmu\u015f basmakal\u0131p ifadeler de olabilir. Baz\u0131lar\u0131 \u00fczerine kitaplar yaz\u0131labilecek kadar derin anlamlar ifade edebilmekte; baz\u0131lar\u0131 da var olan yanl\u0131\u015flar\u0131 aktarmaktan \u00f6teye gidememektedir. Uzman Psikolog Semih Tezelli, Psikolojide Kli\u015feler Do\u011fru Bilinen Yanl\u0131\u015flar kitab\u0131nda bizleri, d\u00f6nem d\u00f6nem \u00fczerinde d\u00fc\u015f\u00fcnme gere\u011fi duydu\u011fumuz kli\u015fele\u015fmi\u015f ifadeler hakk\u0131nda psikolojik a\u00e7\u0131dan d\u00fc\u015f\u00fcnmeye davet ediyor.  E\u015f se\u00e7iminden gen haritalar\u0131na, sigara kullan\u0131m\u0131ndan depresyona akl\u0131n\u0131za gelebilecek pek \u00e7ok alanda yeni bak\u0131\u015f a\u00e7\u0131lar\u0131 sunan bu kitaptan sonra kli\u015fe ifadelere bamba\u015fka g\u00f6zlerle bakacaks\u0131n\u0131z.<\/p>\n","protected":false},"excerpt":{"rendered":"<p>Hepimizin hayat\u0131nda en az bir kez kula\u011f\u0131m\u0131za \u00e7al\u0131nm\u0131\u015f kli\u015feler vard\u0131r. &#8220;Kad\u0131nlar komik erkeklerden ho\u015flan\u0131r!&#8221;, &#8220;A\u015fk m\u0131, mant\u0131k m\u0131?&#8221; ya da &#8220;Her \u015fey \u00e7ocu\u011fum i\u00e7in!&#8221; gibi\u2026 Bunlar,<span class=\"excerpt-hellip\"> [\u2026]<\/span><\/p>\n","protected":false},"featured_media":0,"template":"","meta":{"_monsterinsights_skip_tracking":false,"_monsterinsights_sitenote_active":false,"_monsterinsights_sitenote_note":"","_monsterinsights_sitenote_category":0},"product_brand":[],"product_cat":[20502,12357],"product_tag":[],"class_list":{"0":"post-772407","1":"product","2":"type-product","3":"status-publish","5":"product_cat-basvuru-kitaplari-psikoloji","6":"product_cat-psikoloji","7":"pa_cilt-ciltsiz","8":"pa_tur-kitap","9":"pa_yayinevi-atac-yayinlari","10":"pa_yazar-semih-tezelli","12":"first","13":"instock","14":"sale","15":"shipping-taxable","16":"purchasable","17":"product-type-simple"},"_links":{"self":[{"href":"https:\/\/roveyayinevi.com.tr\/index.php\/wp-json\/wp\/v2\/product\/772407","targetHints":{"allow":["GET"]}}],"collection":[{"href":"https:\/\/roveyayinevi.com.tr\/index.php\/wp-json\/wp\/v2\/product"}],"about":[{"href":"https:\/\/roveyayinevi.com.tr\/index.php\/wp-json\/wp\/v2\/types\/product"}],"wp:attachment":[{"href":"https:\/\/roveyayinevi.com.tr\/index.php\/wp-json\/wp\/v2\/media?parent=772407"}],"wp:term":[{"taxonomy":"product_brand","embeddable":true,"href":"https:\/\/roveyayinevi.com.tr\/index.php\/wp-json\/wp\/v2\/product_brand?post=772407"},{"taxonomy":"product_cat","embeddable":true,"href":"https:\/\/roveyayinevi.com.tr\/index.php\/wp-json\/wp\/v2\/product_cat?post=772407"},{"taxonomy":"product_tag","embeddable":true,"href":"https:\/\/roveyayinevi.com.tr\/index.php\/wp-json\/wp\/v2\/product_tag?post=772407"}],"curies":[{"name":"wp","href":"https:\/\/api.w.org\/{rel}","templated":true}]}}