{"id":772406,"date":"2025-08-28T15:38:41","date_gmt":"2025-08-28T12:38:41","guid":{"rendered":"https:\/\/roveyayinevi.com.tr\/index.php\/urun\/omru-ikiye-katlamak\/"},"modified":"2026-04-15T03:38:46","modified_gmt":"2026-04-15T00:38:46","slug":"omru-ikiye-katlamak","status":"publish","type":"product","link":"https:\/\/roveyayinevi.com.tr\/index.php\/urun\/omru-ikiye-katlamak\/","title":{"rendered":"\u00d6mr\u00fc \u0130kiye Katlamak"},"content":{"rendered":"<p>\u0130nsanl\u0131k tarih boyunca hi\u00e7 olmad\u0131\u011f\u0131 kadar uzun ya\u015f\u0131yor! Peki, bu nas\u0131l m\u00fcmk\u00fcn oldu? A\u015f\u0131lar, hijyen, g\u00fcvenlik \u00f6nlemleri ve bilimdeki b\u00fcy\u00fck at\u0131l\u0131mlar sayesinde insan \u00f6mr\u00fc son y\u00fczy\u0131lda iki kat\u0131na \u00e7\u0131kt\u0131. Ama bu sadece bir ba\u015flang\u0131\u00e7\u2026   \u00d6mr\u00fc \u0130kiye Katlamak, modern t\u0131bb\u0131n ve bilimsel ke\u015fiflerin hayat\u0131m\u0131z\u0131 nas\u0131l de\u011fi\u015ftirdi\u011fini s\u00fcr\u00fckleyici bir dille anlat\u0131yor. A\u015f\u0131lar\u0131n d\u00fcnyay\u0131 nas\u0131l \u015fekillendirdi\u011fini, emniyet kemerlerinin hayat kurtaran g\u00fcc\u00fcn\u00fc ve hatta g\u00fcbrelerin bile insan \u00f6mr\u00fc \u00fczerindeki etkisini ke\u015ffetmeye haz\u0131r m\u0131s\u0131n\u0131z? Bilimin heyecan verici d\u00fcnyas\u0131na dal, ge\u00e7mi\u015fin \u00e7\u0131\u011f\u0131r a\u00e7an geli\u015fmelerini \u00f6\u011fren ve gelecekte bizi nelerin bekledi\u011fini ke\u015ffet! <\/p>\n","protected":false},"excerpt":{"rendered":"<p>\u0130nsanl\u0131k tarih boyunca hi\u00e7 olmad\u0131\u011f\u0131 kadar uzun ya\u015f\u0131yor! Peki, bu nas\u0131l m\u00fcmk\u00fcn oldu? A\u015f\u0131lar, hijyen, g\u00fcvenlik \u00f6nlemleri ve bilimdeki b\u00fcy\u00fck at\u0131l\u0131mlar sayesinde insan \u00f6mr\u00fc son y\u00fczy\u0131lda<span class=\"excerpt-hellip\"> [\u2026]<\/span><\/p>\n","protected":false},"featured_media":0,"template":"","meta":{"_monsterinsights_skip_tracking":false,"_monsterinsights_sitenote_active":false,"_monsterinsights_sitenote_note":"","_monsterinsights_sitenote_category":0},"product_brand":[],"product_cat":[13005,13006],"product_tag":[],"class_list":{"0":"post-772406","1":"product","2":"type-product","3":"status-publish","5":"product_cat-bilim-muhendislik","6":"product_cat-populer-bilim","7":"pa_cilt-ciltsiz","8":"pa_tur-kitap","9":"pa_yayinevi-orenda","10":"pa_yazar-steven-johnson","12":"first","13":"instock","14":"sale","15":"shipping-taxable","16":"purchasable","17":"product-type-simple"},"_links":{"self":[{"href":"https:\/\/roveyayinevi.com.tr\/index.php\/wp-json\/wp\/v2\/product\/772406","targetHints":{"allow":["GET"]}}],"collection":[{"href":"https:\/\/roveyayinevi.com.tr\/index.php\/wp-json\/wp\/v2\/product"}],"about":[{"href":"https:\/\/roveyayinevi.com.tr\/index.php\/wp-json\/wp\/v2\/types\/product"}],"wp:attachment":[{"href":"https:\/\/roveyayinevi.com.tr\/index.php\/wp-json\/wp\/v2\/media?parent=772406"}],"wp:term":[{"taxonomy":"product_brand","embeddable":true,"href":"https:\/\/roveyayinevi.com.tr\/index.php\/wp-json\/wp\/v2\/product_brand?post=772406"},{"taxonomy":"product_cat","embeddable":true,"href":"https:\/\/roveyayinevi.com.tr\/index.php\/wp-json\/wp\/v2\/product_cat?post=772406"},{"taxonomy":"product_tag","embeddable":true,"href":"https:\/\/roveyayinevi.com.tr\/index.php\/wp-json\/wp\/v2\/product_tag?post=772406"}],"curies":[{"name":"wp","href":"https:\/\/api.w.org\/{rel}","templated":true}]}}