{"id":772403,"date":"2025-08-28T15:38:35","date_gmt":"2025-08-28T12:38:35","guid":{"rendered":"https:\/\/roveyayinevi.com.tr\/index.php\/urun\/50-soruda-veri-bilimi\/"},"modified":"2026-04-15T03:38:46","modified_gmt":"2026-04-15T00:38:46","slug":"50-soruda-veri-bilimi","status":"publish","type":"product","link":"https:\/\/roveyayinevi.com.tr\/index.php\/urun\/50-soruda-veri-bilimi\/","title":{"rendered":"50 Soruda Veri Bilimi"},"content":{"rendered":"<p>1. Veri bilimi nedir?          2. Veri bilimi nas\u0131l yap\u0131l\u0131r?          3. Geleneksel programlama ile veri bilimi programlamas\u0131 aras\u0131nda ne gibi farkl\u0131l\u0131klar vard\u0131r?          4. Veri bilimi yapan ki\u015filere ne denir?          5. Hangi sekt\u00f6rlerde veri bilimi daha \u00e7ok kullan\u0131l\u0131yor? <\/p>\n","protected":false},"excerpt":{"rendered":"<p>1. Veri bilimi nedir? 2. Veri bilimi nas\u0131l yap\u0131l\u0131r? 3. Geleneksel programlama ile veri bilimi programlamas\u0131 aras\u0131nda ne gibi farkl\u0131l\u0131klar vard\u0131r? 4. Veri bilimi yapan ki\u015filere<span class=\"excerpt-hellip\"> [\u2026]<\/span><\/p>\n","protected":false},"featured_media":0,"template":"","meta":{"_monsterinsights_skip_tracking":false,"_monsterinsights_sitenote_active":false,"_monsterinsights_sitenote_note":"","_monsterinsights_sitenote_category":0},"product_brand":[],"product_cat":[14841,13043],"product_tag":[],"class_list":{"0":"post-772403","1":"product","2":"type-product","3":"status-publish","5":"product_cat-arastirma-inceleme-kuram","6":"product_cat-ekonomi","7":"pa_cilt-ciltsiz","8":"pa_tur-kitap","9":"pa_yayinevi-gazi-kitabevi","10":"pa_yazar-yasin-kutuk","12":"first","13":"instock","14":"sale","15":"shipping-taxable","16":"purchasable","17":"product-type-simple"},"_links":{"self":[{"href":"https:\/\/roveyayinevi.com.tr\/index.php\/wp-json\/wp\/v2\/product\/772403","targetHints":{"allow":["GET"]}}],"collection":[{"href":"https:\/\/roveyayinevi.com.tr\/index.php\/wp-json\/wp\/v2\/product"}],"about":[{"href":"https:\/\/roveyayinevi.com.tr\/index.php\/wp-json\/wp\/v2\/types\/product"}],"wp:attachment":[{"href":"https:\/\/roveyayinevi.com.tr\/index.php\/wp-json\/wp\/v2\/media?parent=772403"}],"wp:term":[{"taxonomy":"product_brand","embeddable":true,"href":"https:\/\/roveyayinevi.com.tr\/index.php\/wp-json\/wp\/v2\/product_brand?post=772403"},{"taxonomy":"product_cat","embeddable":true,"href":"https:\/\/roveyayinevi.com.tr\/index.php\/wp-json\/wp\/v2\/product_cat?post=772403"},{"taxonomy":"product_tag","embeddable":true,"href":"https:\/\/roveyayinevi.com.tr\/index.php\/wp-json\/wp\/v2\/product_tag?post=772403"}],"curies":[{"name":"wp","href":"https:\/\/api.w.org\/{rel}","templated":true}]}}