{"id":772401,"date":"2025-08-28T15:38:32","date_gmt":"2025-08-28T12:38:32","guid":{"rendered":"https:\/\/roveyayinevi.com.tr\/index.php\/urun\/cinin-kusak-ve-yol-girisimi-turkiye-ve-orta-dogu-stratejileri\/"},"modified":"2026-04-15T03:38:46","modified_gmt":"2026-04-15T00:38:46","slug":"cinin-kusak-ve-yol-girisimi-turkiye-ve-orta-dogu-stratejileri","status":"publish","type":"product","link":"https:\/\/roveyayinevi.com.tr\/index.php\/urun\/cinin-kusak-ve-yol-girisimi-turkiye-ve-orta-dogu-stratejileri\/","title":{"rendered":"\u00c7in\u2019in Ku\u015fak ve Yol Giri\u015fimi T\u00fcrkiye ve Orta Do\u011fu Stratejileri"},"content":{"rendered":"<p>\u0130\u00e7indekiler :   B\u0130R\u0130NC\u0130 B\u00d6L\u00dcM KURULU\u015eTAN KU\u015eAK VE YOL G\u0130R\u0130\u015e\u0130M\u0130NE (BRI) \u00c7\u0130N HALK CUMHUR\u0130YET\u0130\u2019N\u0130N GEL\u0130\u015e\u0130M\u0130   \u0130K\u0130NC\u0130 B\u00d6L\u00dcM TAR\u0130H\u0130 \u0130PEK YOLU   \u00dc\u00c7\u00dcNC\u00dc B\u00d6L\u00dcM \u0130PEK YOLUNU CANLANDIRMA DENEMELER\u0130   D\u00d6RD\u00dcNC\u00dc B\u00d6L\u00dcM KU\u015eAK VE YOL G\u0130R\u0130\u015e\u0130M\u0130N\u0130N DUYURULMASI   BE\u015e\u0130NC\u0130 B\u00d6L\u00dcM 21. Y\u00dcZYIL \u0130PEK YOLU EKONOM\u0130K KU\u015eA\u011eI (SREB)    ALTINCI B\u00d6L\u00dcM 21. Y\u00dcZYIL DEN\u0130Z \u0130PEK YOLU (MRS)      YED\u0130NC\u0130 B\u00d6L\u00dcM \u00c7\u0130N\u2019\u0130N D\u0130J\u0130TAL \u0130PEK YOLU G\u0130R\u0130\u015e\u0130M\u0130    SEK\u0130Z\u0130NC\u0130 B\u00d6L\u00dcM ENERJ\u0130 \u0130PEK YOLU   DOKUZUNCU B\u00d6L\u00dcM G\u0130R\u0130\u015e\u0130M\u0130N F\u0130NANSE ED\u0130LMES\u0130   ONUNCU B\u00d6L\u00dcM G\u0130R\u0130\u015e\u0130M\u0130N HAYATA GE\u00c7MES\u0130NDEK\u0130 ENGELLER   ON B\u0130R\u0130NC\u0130 B\u00d6L\u00dcM KU\u015eAK VE YOL G\u0130R\u0130\u015e\u0130M\u0130\u2019N\u0130N ORTA DO\u011eU STRATEJ\u0130LER\u0130   ON \u0130K\u0130NC\u0130 B\u00d6L\u00dcM KU\u015eAK VE YOL G\u0130R\u0130\u015e\u0130M\u0130\u2019N\u0130N T\u00dcRK\u0130YE STRATEJ\u0130LER\u0130 <\/p>\n","protected":false},"excerpt":{"rendered":"<p>\u0130\u00e7indekiler : B\u0130R\u0130NC\u0130 B\u00d6L\u00dcM KURULU\u015eTAN KU\u015eAK VE YOL G\u0130R\u0130\u015e\u0130M\u0130NE (BRI) \u00c7\u0130N HALK CUMHUR\u0130YET\u0130\u2019N\u0130N GEL\u0130\u015e\u0130M\u0130 \u0130K\u0130NC\u0130 B\u00d6L\u00dcM TAR\u0130H\u0130 \u0130PEK YOLU \u00dc\u00c7\u00dcNC\u00dc B\u00d6L\u00dcM \u0130PEK YOLUNU CANLANDIRMA DENEMELER\u0130 D\u00d6RD\u00dcNC\u00dc<span class=\"excerpt-hellip\"> [\u2026]<\/span><\/p>\n","protected":false},"featured_media":0,"template":"","meta":{"_monsterinsights_skip_tracking":false,"_monsterinsights_sitenote_active":false,"_monsterinsights_sitenote_note":"","_monsterinsights_sitenote_category":0},"product_brand":[],"product_cat":[12337,14543],"product_tag":[],"class_list":{"0":"post-772401","1":"product","2":"type-product","3":"status-publish","5":"product_cat-politika-siyaset","6":"product_cat-turkiye-siyaseti-ve-politikasi","7":"pa_cilt-ciltsiz","8":"pa_tur-kitap","9":"pa_yayinevi-gazi-kitabevi","10":"pa_yazar-ayse-tekdal-fildis-salih-berk-buyukyurt","12":"first","13":"instock","14":"sale","15":"shipping-taxable","16":"purchasable","17":"product-type-simple"},"_links":{"self":[{"href":"https:\/\/roveyayinevi.com.tr\/index.php\/wp-json\/wp\/v2\/product\/772401","targetHints":{"allow":["GET"]}}],"collection":[{"href":"https:\/\/roveyayinevi.com.tr\/index.php\/wp-json\/wp\/v2\/product"}],"about":[{"href":"https:\/\/roveyayinevi.com.tr\/index.php\/wp-json\/wp\/v2\/types\/product"}],"wp:attachment":[{"href":"https:\/\/roveyayinevi.com.tr\/index.php\/wp-json\/wp\/v2\/media?parent=772401"}],"wp:term":[{"taxonomy":"product_brand","embeddable":true,"href":"https:\/\/roveyayinevi.com.tr\/index.php\/wp-json\/wp\/v2\/product_brand?post=772401"},{"taxonomy":"product_cat","embeddable":true,"href":"https:\/\/roveyayinevi.com.tr\/index.php\/wp-json\/wp\/v2\/product_cat?post=772401"},{"taxonomy":"product_tag","embeddable":true,"href":"https:\/\/roveyayinevi.com.tr\/index.php\/wp-json\/wp\/v2\/product_tag?post=772401"}],"curies":[{"name":"wp","href":"https:\/\/api.w.org\/{rel}","templated":true}]}}