{"id":772398,"date":"2025-08-28T15:38:25","date_gmt":"2025-08-28T12:38:25","guid":{"rendered":"https:\/\/roveyayinevi.com.tr\/index.php\/urun\/marvin-redpost-sihirli-kristal\/"},"modified":"2026-04-15T03:38:46","modified_gmt":"2026-04-15T00:38:46","slug":"marvin-redpost-sihirli-kristal","status":"publish","type":"product","link":"https:\/\/roveyayinevi.com.tr\/index.php\/urun\/marvin-redpost-sihirli-kristal\/","title":{"rendered":"Marvin Redpost &#8211; Sihirli Kristal"},"content":{"rendered":"<p>Eyvah, Marvin b\u00fcy\u00fclenmek \u00fczere&#8230;&#8221;Yamuk Okul&#8221;un yarat\u0131c\u0131s\u0131 Louis Sachar&#8217;\u0131n onlarca dilde yay\u0131mlanan \u00fcnl\u00fc serisi &#8221;Marvin Redpost&#8221; dileklerin ger\u00e7ekle\u015fme olas\u0131l\u0131\u011f\u0131n\u0131 sorgulayan b\u00fcy\u00fcleyici bir hik\u00e2yeyle geri d\u00f6n\u00fcyor.  Okurun i\u00e7inde kelebekler u\u00e7u\u015fturacak bir macera vadeden Sihirli Kristal, arkada\u015f ili\u015fkilerinde duygusal ini\u015f \u00e7\u0131k\u0131\u015flar ve k\u00fcsme-bar\u0131\u015fma d\u00f6ng\u00fcs\u00fcn\u00fc ele al\u0131yor.Marvin&#8217;in yak\u0131n dostlar\u0131 Nick ve Stuart&#8217;\u0131n aras\u0131na kara kedi girer. Yaln\u0131z kalan Marvin&#8217;in can\u0131 s\u0131kk\u0131nd\u0131r. Okuldan sonra ne yapaca\u011f\u0131n\u0131 d\u00fc\u015f\u00fcn\u00fcrken s\u0131n\u0131f arkada\u015f\u0131 Casey&#8217;nin ev davetini kabul eder. Daha \u00f6nce hi\u00e7 gitmedi\u011fi bu evde tuhaf \u015feyler olmak \u00fczeredir: Casey, ortaya \u00e7\u0131kard\u0131\u011f\u0131 sihirli bir kristalin yard\u0131m\u0131yla Marvin&#8217;in b\u00fct\u00fcn dileklerini ger\u00e7e\u011fe d\u00f6n\u00fc\u015ft\u00fcr\u00fcr! Hatta Casey&#8217;nin bundan b\u00f6yle hi\u00e7 &#8221;konu\u015fmamas\u0131&#8221; dile\u011fini bile&#8230; Arkada\u015flar aras\u0131nda olu\u015fan k\u0131rg\u0131nl\u0131klar\u0131n nedenlerini ve sonu\u00e7lar\u0131n\u0131 ger\u00e7ek\u00e7i bir bak\u0131\u015fla yans\u0131tan Marvin Redpost&#8217;un bu en duygusal ser\u00fcveni, \u00f6z\u00fcr dilemenin ve affetmenin de\u011ferini y\u00fccelten bir anlat\u0131 sunuyor.Bu kitab\u0131 okuyanlar\u0131 neler bekliyor?* Hakl\u0131yken haks\u0131z duruma d\u00fc\u015fmek ve kendini savunmak \u00fczerine empati kurduruyor.* Duygular\u0131 do\u011fu ifade etmenin kar\u015f\u0131l\u0131kl\u0131 ileti\u015fimdeki \u00f6nemini fark ettiriyor.<\/p>\n","protected":false},"excerpt":{"rendered":"<p>Eyvah, Marvin b\u00fcy\u00fclenmek \u00fczere&#8230;&#8221;Yamuk Okul&#8221;un yarat\u0131c\u0131s\u0131 Louis Sachar&#8217;\u0131n onlarca dilde yay\u0131mlanan \u00fcnl\u00fc serisi &#8221;Marvin Redpost&#8221; dileklerin ger\u00e7ekle\u015fme olas\u0131l\u0131\u011f\u0131n\u0131 sorgulayan b\u00fcy\u00fcleyici bir hik\u00e2yeyle geri d\u00f6n\u00fcyor. Okurun i\u00e7inde<span class=\"excerpt-hellip\"> [\u2026]<\/span><\/p>\n","protected":false},"featured_media":0,"template":"","meta":{"_monsterinsights_skip_tracking":false,"_monsterinsights_sitenote_active":false,"_monsterinsights_sitenote_note":"","_monsterinsights_sitenote_category":0},"product_brand":[],"product_cat":[12291,12711],"product_tag":[],"class_list":{"0":"post-772398","1":"product","2":"type-product","3":"status-publish","5":"product_cat-edebiyat","6":"product_cat-roman-oyku","7":"pa_cilt-ciltsiz","8":"pa_tur-kitap","9":"pa_yayinevi-tudem-yayinlari","10":"pa_yazar-louis-sachar","12":"first","13":"instock","14":"sale","15":"shipping-taxable","16":"purchasable","17":"product-type-simple"},"_links":{"self":[{"href":"https:\/\/roveyayinevi.com.tr\/index.php\/wp-json\/wp\/v2\/product\/772398","targetHints":{"allow":["GET"]}}],"collection":[{"href":"https:\/\/roveyayinevi.com.tr\/index.php\/wp-json\/wp\/v2\/product"}],"about":[{"href":"https:\/\/roveyayinevi.com.tr\/index.php\/wp-json\/wp\/v2\/types\/product"}],"wp:attachment":[{"href":"https:\/\/roveyayinevi.com.tr\/index.php\/wp-json\/wp\/v2\/media?parent=772398"}],"wp:term":[{"taxonomy":"product_brand","embeddable":true,"href":"https:\/\/roveyayinevi.com.tr\/index.php\/wp-json\/wp\/v2\/product_brand?post=772398"},{"taxonomy":"product_cat","embeddable":true,"href":"https:\/\/roveyayinevi.com.tr\/index.php\/wp-json\/wp\/v2\/product_cat?post=772398"},{"taxonomy":"product_tag","embeddable":true,"href":"https:\/\/roveyayinevi.com.tr\/index.php\/wp-json\/wp\/v2\/product_tag?post=772398"}],"curies":[{"name":"wp","href":"https:\/\/api.w.org\/{rel}","templated":true}]}}