{"id":772388,"date":"2025-08-28T15:38:13","date_gmt":"2025-08-28T12:38:13","guid":{"rendered":"https:\/\/roveyayinevi.com.tr\/index.php\/urun\/super-cengel-bulmaca-2\/"},"modified":"2026-04-15T03:38:46","modified_gmt":"2026-04-15T00:38:46","slug":"super-cengel-bulmaca-2","status":"publish","type":"product","link":"https:\/\/roveyayinevi.com.tr\/index.php\/urun\/super-cengel-bulmaca-2\/","title":{"rendered":"S\u00fcper \u00c7engel Bulmaca 2"},"content":{"rendered":"<p>Bulmaca Tutkunlar\u0131 \u0130\u00e7in Vazge\u00e7ilmez Bir Seri! Bamba\u015fka bir bulmaca deneyimine haz\u0131r olun! Zihninizi \u00e7al\u0131\u015ft\u0131rman\u0131n, e\u011flenceli vakit ge\u00e7irmenin ve bilgi da\u011farc\u0131\u011f\u0131n\u0131z\u0131 geni\u015fletmenin en keyifli yolu burada! Bu \u00f6zel bulmaca serisi, sizi sayfalar dolusu \u00e7engel bulmaca ile bulu\u015fturuyor.   Her bulmaca, dikkatinizi art\u0131rmaya, haf\u0131zan\u0131z\u0131 g\u00fc\u00e7lendirmeye ve \u00e7\u00f6z\u00fcm odakl\u0131 d\u00fc\u015f\u00fcnmenize katk\u0131 sa\u011flayacak. Sayfalar aras\u0131nda ilerledik\u00e7e, bulmaca \u00e7\u00f6zmenin ne kadar keyifli oldu\u011funu bir kez daha ke\u015ffedeceksiniz.   Kaleminizi al\u0131n, sayfalar\u0131 \u00e7evirin ve bu e\u011flenceli serinin tad\u0131n\u0131 \u00e7\u0131kar\u0131n!<\/p>\n","protected":false},"excerpt":{"rendered":"<p>Bulmaca Tutkunlar\u0131 \u0130\u00e7in Vazge\u00e7ilmez Bir Seri! Bamba\u015fka bir bulmaca deneyimine haz\u0131r olun! Zihninizi \u00e7al\u0131\u015ft\u0131rman\u0131n, e\u011flenceli vakit ge\u00e7irmenin ve bilgi da\u011farc\u0131\u011f\u0131n\u0131z\u0131 geni\u015fletmenin en keyifli yolu burada! Bu<span class=\"excerpt-hellip\"> [\u2026]<\/span><\/p>\n","protected":false},"featured_media":0,"template":"","meta":{"_monsterinsights_skip_tracking":false,"_monsterinsights_sitenote_active":false,"_monsterinsights_sitenote_note":"","_monsterinsights_sitenote_category":0},"product_brand":[],"product_cat":[16943,15563],"product_tag":[],"class_list":{"0":"post-772388","1":"product","2":"type-product","3":"status-publish","5":"product_cat-bilmeceler-bulmacalar","6":"product_cat-hobi","7":"pa_cilt-ciltsiz","8":"pa_tur-kitap10","9":"pa_yayinevi-dokuz-yayinlari","10":"pa_yazar-hakan-kayar-zeliha-kayar","12":"first","13":"instock","14":"sale","15":"shipping-taxable","16":"purchasable","17":"product-type-simple"},"_links":{"self":[{"href":"https:\/\/roveyayinevi.com.tr\/index.php\/wp-json\/wp\/v2\/product\/772388","targetHints":{"allow":["GET"]}}],"collection":[{"href":"https:\/\/roveyayinevi.com.tr\/index.php\/wp-json\/wp\/v2\/product"}],"about":[{"href":"https:\/\/roveyayinevi.com.tr\/index.php\/wp-json\/wp\/v2\/types\/product"}],"wp:attachment":[{"href":"https:\/\/roveyayinevi.com.tr\/index.php\/wp-json\/wp\/v2\/media?parent=772388"}],"wp:term":[{"taxonomy":"product_brand","embeddable":true,"href":"https:\/\/roveyayinevi.com.tr\/index.php\/wp-json\/wp\/v2\/product_brand?post=772388"},{"taxonomy":"product_cat","embeddable":true,"href":"https:\/\/roveyayinevi.com.tr\/index.php\/wp-json\/wp\/v2\/product_cat?post=772388"},{"taxonomy":"product_tag","embeddable":true,"href":"https:\/\/roveyayinevi.com.tr\/index.php\/wp-json\/wp\/v2\/product_tag?post=772388"}],"curies":[{"name":"wp","href":"https:\/\/api.w.org\/{rel}","templated":true}]}}