{"id":772387,"date":"2025-08-28T15:38:12","date_gmt":"2025-08-28T12:38:12","guid":{"rendered":"https:\/\/roveyayinevi.com.tr\/index.php\/urun\/dogu-asyanin-politik-ekonomisi\/"},"modified":"2026-04-15T03:38:46","modified_gmt":"2026-04-15T00:38:46","slug":"dogu-asyanin-politik-ekonomisi","status":"publish","type":"product","link":"https:\/\/roveyayinevi.com.tr\/index.php\/urun\/dogu-asyanin-politik-ekonomisi\/","title":{"rendered":"Do\u011fu Asya&#8217;n\u0131n Politik Ekonomisi"},"content":{"rendered":"<p>Alan\u0131nda uzman akademisyenlerin katk\u0131lar\u0131yla haz\u0131rlanan bu kitap, Do\u011fu Asya \u00fclkelerinin k\u00fcresel ekonomi politik sistemdeki konumlar\u0131n\u0131, ge\u00e7mi\u015ften g\u00fcn\u00fcm\u00fcze uzanan kalk\u0131nma deneyimlerini ve uluslararas\u0131 ili\u015fkilerdeki etkilerini derinlemesine incelemektedir.   Do\u011fu Asya\u2019n\u0131n politik ekonomisi \u00fczerine yap\u0131lm\u0131\u015f nadir T\u00fcrk\u00e7e \u00e7al\u0131\u015fmalardan biri olan bu eser, geni\u015f kapsam\u0131yla ve g\u00fcncel analizleriyle k\u00fcresel ekonomik sistemin merkezinin Bat\u0131\u2019dan Do\u011fu\u2019ya kay\u0131\u015f\u0131n\u0131 ele almaktad\u0131r.   Do\u011fu Aya\u2019n\u0131n Politik Ekonomisi, b\u00f6lgenin kalk\u0131nma hikayesini, uluslararas\u0131 sistemdeki de\u011fi\u015fen dengelerle birlikte ele alan de\u011ferli bir referanst\u0131r ve bu y\u00f6n\u00fcyle ekonomi, siyaset bilimi, uluslararas\u0131 ili\u015fkiler ve i\u015fletme gibi farkl\u0131 alanlara ilgi duyan ara\u015ft\u0131rmac\u0131lar i\u00e7in \u00f6nemli bir kaynakt\u0131r. <\/p>\n","protected":false},"excerpt":{"rendered":"<p>Alan\u0131nda uzman akademisyenlerin katk\u0131lar\u0131yla haz\u0131rlanan bu kitap, Do\u011fu Asya \u00fclkelerinin k\u00fcresel ekonomi politik sistemdeki konumlar\u0131n\u0131, ge\u00e7mi\u015ften g\u00fcn\u00fcm\u00fcze uzanan kalk\u0131nma deneyimlerini ve uluslararas\u0131 ili\u015fkilerdeki etkilerini derinlemesine incelemektedir.<span class=\"excerpt-hellip\"> [\u2026]<\/span><\/p>\n","protected":false},"featured_media":0,"template":"","meta":{"_monsterinsights_skip_tracking":false,"_monsterinsights_sitenote_active":false,"_monsterinsights_sitenote_note":"","_monsterinsights_sitenote_category":0},"product_brand":[],"product_cat":[13044,13043],"product_tag":[],"class_list":{"0":"post-772387","1":"product","2":"type-product","3":"status-publish","5":"product_cat-dunya-ekonomisi","6":"product_cat-ekonomi","7":"pa_cilt-ciltsiz","8":"pa_tur-kitap","9":"pa_yayinevi-bogazici-universitesi-yayinevi","10":"pa_yazar-kolektif","12":"first","13":"instock","14":"sale","15":"shipping-taxable","16":"purchasable","17":"product-type-simple"},"_links":{"self":[{"href":"https:\/\/roveyayinevi.com.tr\/index.php\/wp-json\/wp\/v2\/product\/772387","targetHints":{"allow":["GET"]}}],"collection":[{"href":"https:\/\/roveyayinevi.com.tr\/index.php\/wp-json\/wp\/v2\/product"}],"about":[{"href":"https:\/\/roveyayinevi.com.tr\/index.php\/wp-json\/wp\/v2\/types\/product"}],"wp:attachment":[{"href":"https:\/\/roveyayinevi.com.tr\/index.php\/wp-json\/wp\/v2\/media?parent=772387"}],"wp:term":[{"taxonomy":"product_brand","embeddable":true,"href":"https:\/\/roveyayinevi.com.tr\/index.php\/wp-json\/wp\/v2\/product_brand?post=772387"},{"taxonomy":"product_cat","embeddable":true,"href":"https:\/\/roveyayinevi.com.tr\/index.php\/wp-json\/wp\/v2\/product_cat?post=772387"},{"taxonomy":"product_tag","embeddable":true,"href":"https:\/\/roveyayinevi.com.tr\/index.php\/wp-json\/wp\/v2\/product_tag?post=772387"}],"curies":[{"name":"wp","href":"https:\/\/api.w.org\/{rel}","templated":true}]}}