{"id":772375,"date":"2025-08-28T15:37:42","date_gmt":"2025-08-28T12:37:42","guid":{"rendered":"https:\/\/roveyayinevi.com.tr\/index.php\/urun\/super-patates-supermarkette-spor-zamani\/"},"modified":"2026-04-15T03:38:45","modified_gmt":"2026-04-15T00:38:45","slug":"super-patates-supermarkette-spor-zamani","status":"publish","type":"product","link":"https:\/\/roveyayinevi.com.tr\/index.php\/urun\/super-patates-supermarkette-spor-zamani\/","title":{"rendered":"S\u00fcper Patates &#8211; S\u00fcpermarkette Spor Zaman\u0131"},"content":{"rendered":"<p>Bezonya \u00f6d\u00fcller i\u00e7in geliyor!   S\u00fcper Patates kendini \u00e7ok enerjik hissediyor! S\u00fcpermarkette bir spor g\u00fcn\u00fc d\u00fczenliyor ve \u00f6d\u00fcl ya\u011fmuru ba\u015fl\u0131yor! Sebze ve meyveler ko\u015fmaya haz\u0131rlan\u0131rken ve Ku\u015fkonmaz yar\u0131\u015f\u0131 ba\u015flatmaya haz\u0131rken ne ters gidebilir ki?!<\/p>\n","protected":false},"excerpt":{"rendered":"<p>Bezonya \u00f6d\u00fcller i\u00e7in geliyor! S\u00fcper Patates kendini \u00e7ok enerjik hissediyor! S\u00fcpermarkette bir spor g\u00fcn\u00fc d\u00fczenliyor ve \u00f6d\u00fcl ya\u011fmuru ba\u015fl\u0131yor! Sebze ve meyveler ko\u015fmaya haz\u0131rlan\u0131rken ve Ku\u015fkonmaz<span class=\"excerpt-hellip\"> [\u2026]<\/span><\/p>\n","protected":false},"featured_media":0,"template":"","meta":{"_monsterinsights_skip_tracking":false,"_monsterinsights_sitenote_active":false,"_monsterinsights_sitenote_note":"","_monsterinsights_sitenote_category":0},"product_brand":[],"product_cat":[12274,12518],"product_tag":[],"class_list":{"0":"post-772375","1":"product","2":"type-product","3":"status-publish","5":"product_cat-cocuk-ve-genclik-kitaplari","6":"product_cat-okul-oncesi-kitaplar","7":"pa_cilt-ciltsiz","8":"pa_tur-kitap","9":"pa_yayinevi-beta-kids","10":"pa_yazar-sue-hendra-paul-linnet","12":"first","13":"instock","14":"sale","15":"shipping-taxable","16":"purchasable","17":"product-type-simple"},"_links":{"self":[{"href":"https:\/\/roveyayinevi.com.tr\/index.php\/wp-json\/wp\/v2\/product\/772375","targetHints":{"allow":["GET"]}}],"collection":[{"href":"https:\/\/roveyayinevi.com.tr\/index.php\/wp-json\/wp\/v2\/product"}],"about":[{"href":"https:\/\/roveyayinevi.com.tr\/index.php\/wp-json\/wp\/v2\/types\/product"}],"wp:attachment":[{"href":"https:\/\/roveyayinevi.com.tr\/index.php\/wp-json\/wp\/v2\/media?parent=772375"}],"wp:term":[{"taxonomy":"product_brand","embeddable":true,"href":"https:\/\/roveyayinevi.com.tr\/index.php\/wp-json\/wp\/v2\/product_brand?post=772375"},{"taxonomy":"product_cat","embeddable":true,"href":"https:\/\/roveyayinevi.com.tr\/index.php\/wp-json\/wp\/v2\/product_cat?post=772375"},{"taxonomy":"product_tag","embeddable":true,"href":"https:\/\/roveyayinevi.com.tr\/index.php\/wp-json\/wp\/v2\/product_tag?post=772375"}],"curies":[{"name":"wp","href":"https:\/\/api.w.org\/{rel}","templated":true}]}}