{"id":772374,"date":"2025-08-28T15:37:40","date_gmt":"2025-08-28T12:37:40","guid":{"rendered":"https:\/\/roveyayinevi.com.tr\/index.php\/urun\/bir-kurt-sevdim-veda\/"},"modified":"2026-04-15T03:38:45","modified_gmt":"2026-04-15T00:38:45","slug":"bir-kurt-sevdim-veda","status":"publish","type":"product","link":"https:\/\/roveyayinevi.com.tr\/index.php\/urun\/bir-kurt-sevdim-veda\/","title":{"rendered":"Bir K\u00fcrt Sevdim-Veda"},"content":{"rendered":"<p>\u201cYara, \u0131\u015f\u0131\u011f\u0131n i\u00e7eri s\u0131zd\u0131\u011f\u0131 yerdir.\u201d   Birbirlerinin hem karasevdas\u0131 hem de kalplerindeki en b\u00fcy\u00fck yaras\u0131\u2026 Ama ayn\u0131 zamanda birbirlerinin yaral\u0131 \u015fifac\u0131s\u0131yd\u0131 onlar. Diyarbak\u0131rl\u0131 \u015eahin ile Bal\u0131kesirli G\u00fcl\u015fah\u2019\u0131n bitti sand\u0131klar\u0131 sevdalar\u0131; y\u0131llar\u0131, yollar\u0131, kurallar\u0131 ve olmazlar\u0131 a\u015f\u0131p onlar\u0131 tekrar Diyarbak\u0131r sokaklar\u0131nda bir araya getirdi\u011finde, bu bulu\u015fma yaln\u0131zca bir vuslat olmad\u0131. Birbirlerine duyduklar\u0131 a\u015fkla kendilerini de ilk kez bu kadar derin tan\u0131maya ba\u015flad\u0131lar. Ve G\u00fcl\u015fah bu a\u015fk\u0131n i\u00e7inde \u00f6nce cay\u0131r cay\u0131r yanmay\u0131, sonra k\u00fcllerinden yeniden do\u011farak kendini kendinden do\u011furmay\u0131 \u00f6\u011frendi.   Bir K\u00fcrt Sevdim ile milyonlar\u0131n kalbine dokunan Dilek Bilgi\u00e7 Esen, bu kez bir a\u015fk\u0131n k\u00fclleri aras\u0131ndan yeniden do\u011fan g\u00fc\u00e7l\u00fc bir kad\u0131n\u0131n \u00f6yk\u00fcs\u00fcn\u00fc anlat\u0131yor.   Gidenle de\u011fil, kalanla tamamlanan bir y\u00fcre\u011fin\u2026 A\u015fkla, ac\u0131yla, inatla yeniden yaz\u0131lan bir kaderin\u2026 Ve sevdayla yo\u011frulmu\u015f bir iyile\u015fmenin destan\u0131n\u0131\u2026   \u00c7OKSATAN B\u0130R K\u00dcRT SEVD\u0130M K\u0130TABININ YAZARI D\u0130LEK B\u0130LG\u0130\u00c7 ESEN\u2019DEN\u2026 <\/p>\n","protected":false},"excerpt":{"rendered":"<p>\u201cYara, \u0131\u015f\u0131\u011f\u0131n i\u00e7eri s\u0131zd\u0131\u011f\u0131 yerdir.\u201d Birbirlerinin hem karasevdas\u0131 hem de kalplerindeki en b\u00fcy\u00fck yaras\u0131\u2026 Ama ayn\u0131 zamanda birbirlerinin yaral\u0131 \u015fifac\u0131s\u0131yd\u0131 onlar. Diyarbak\u0131rl\u0131 \u015eahin ile Bal\u0131kesirli G\u00fcl\u015fah\u2019\u0131n<span class=\"excerpt-hellip\"> [\u2026]<\/span><\/p>\n","protected":false},"featured_media":0,"template":"","meta":{"_monsterinsights_skip_tracking":false,"_monsterinsights_sitenote_active":false,"_monsterinsights_sitenote_note":"","_monsterinsights_sitenote_category":0},"product_brand":[],"product_cat":[13835],"product_tag":[],"class_list":{"0":"post-772374","1":"product","2":"type-product","3":"status-publish","5":"product_cat-cok-satanlar","6":"pa_cilt-ciltsiz","7":"pa_tur-kitap","8":"pa_yayinevi-muptela-yayinevi","9":"pa_yazar-dilek-bilgic-esen","11":"first","12":"instock","13":"sale","14":"shipping-taxable","15":"purchasable","16":"product-type-simple"},"_links":{"self":[{"href":"https:\/\/roveyayinevi.com.tr\/index.php\/wp-json\/wp\/v2\/product\/772374","targetHints":{"allow":["GET"]}}],"collection":[{"href":"https:\/\/roveyayinevi.com.tr\/index.php\/wp-json\/wp\/v2\/product"}],"about":[{"href":"https:\/\/roveyayinevi.com.tr\/index.php\/wp-json\/wp\/v2\/types\/product"}],"wp:attachment":[{"href":"https:\/\/roveyayinevi.com.tr\/index.php\/wp-json\/wp\/v2\/media?parent=772374"}],"wp:term":[{"taxonomy":"product_brand","embeddable":true,"href":"https:\/\/roveyayinevi.com.tr\/index.php\/wp-json\/wp\/v2\/product_brand?post=772374"},{"taxonomy":"product_cat","embeddable":true,"href":"https:\/\/roveyayinevi.com.tr\/index.php\/wp-json\/wp\/v2\/product_cat?post=772374"},{"taxonomy":"product_tag","embeddable":true,"href":"https:\/\/roveyayinevi.com.tr\/index.php\/wp-json\/wp\/v2\/product_tag?post=772374"}],"curies":[{"name":"wp","href":"https:\/\/api.w.org\/{rel}","templated":true}]}}