{"id":772372,"date":"2025-08-28T15:37:37","date_gmt":"2025-08-28T12:37:37","guid":{"rendered":"https:\/\/roveyayinevi.com.tr\/index.php\/urun\/kendine-donus\/"},"modified":"2026-04-15T03:38:45","modified_gmt":"2026-04-15T00:38:45","slug":"kendine-donus","status":"publish","type":"product","link":"https:\/\/roveyayinevi.com.tr\/index.php\/urun\/kendine-donus\/","title":{"rendered":"Kendine D\u00f6n\u00fc\u015f"},"content":{"rendered":"<p>Psikoloji bilimine yapt\u0131\u011f\u0131 derin katk\u0131larla tarihe ge\u00e7en Analitik Psikoloji\u2019nin babas\u0131 Carl Gustav Jung\u2019un karma\u015f\u0131k ve \u00e7ok katmanl\u0131 d\u00fcnyas\u0131na do\u011fru kendinizi de ke\u015ffedece\u011finiz heyecanl\u0131 bir yolculuk\u2026 Uzman Psikolojik Dan\u0131\u015fman Dr. \u00dcmit Ak\u00e7akaya, uzun y\u0131llard\u0131r \u00fczerinde \u00e7al\u0131\u015ft\u0131\u011f\u0131 Jung\u2019un zengin kuram\u0131n\u0131 anla\u015f\u0131labilir ve uygulanabilir bir \u015fekilde ele al\u0131yor. Psi\u015fe, bilin\u00e7, bilin\u00e7d\u0131\u015f\u0131, ego, g\u00f6lge, persona, anima-animus, kendilik ve bireyle\u015fme gibi temel kavramlar\u0131 ayr\u0131nt\u0131l\u0131 bir bi\u00e7imde incelerken Jung\u2019un hayat\u0131na ve ki\u015fili\u011fine dair s\u0131rlar da veriyor. Akademik bir \u00e7al\u0131\u015fma niteli\u011fi ta\u015f\u0131yan bu kitap ayn\u0131 zamanda hayat\u0131n i\u00e7inden verdi\u011fi \u00f6rnekler, sorular ve cevaplarla okurun kendi i\u00e7sel yolculu\u011funu ba\u015flatmas\u0131 i\u00e7in bir yol haritas\u0131 da sunuyor. Kendine D\u00f6n\u00fc\u015f, kendini tan\u0131mak ve anlamak isteyen herkesi g\u00f6lgeleriyle y\u00fczle\u015ftiriyor ve ger\u00e7ek benliklerini tan\u0131ma yolunda bir ad\u0131m atmas\u0131n\u0131 sa\u011fl\u0131yor. Zorlu oldu\u011fu kadar ayd\u0131nlat\u0131c\u0131 da olan bu yolun sonunda uyanmaya ve i\u00e7sel \u0131\u015f\u0131\u011f\u0131n\u0131z\u0131 yakmaya haz\u0131r olun. <\/p>\n","protected":false},"excerpt":{"rendered":"<p>Psikoloji bilimine yapt\u0131\u011f\u0131 derin katk\u0131larla tarihe ge\u00e7en Analitik Psikoloji\u2019nin babas\u0131 Carl Gustav Jung\u2019un karma\u015f\u0131k ve \u00e7ok katmanl\u0131 d\u00fcnyas\u0131na do\u011fru kendinizi de ke\u015ffedece\u011finiz heyecanl\u0131 bir yolculuk\u2026 Uzman<span class=\"excerpt-hellip\"> [\u2026]<\/span><\/p>\n","protected":false},"featured_media":0,"template":"","meta":{"_monsterinsights_skip_tracking":false,"_monsterinsights_sitenote_active":false,"_monsterinsights_sitenote_note":"","_monsterinsights_sitenote_category":0},"product_brand":[],"product_cat":[12357],"product_tag":[],"class_list":{"0":"post-772372","1":"product","2":"type-product","3":"status-publish","5":"product_cat-psikoloji","6":"pa_cilt-ciltsiz","7":"pa_tur-kitap","8":"pa_yayinevi-ucuncu-goz","9":"pa_yazar-umit-akcakaya","11":"first","12":"instock","13":"sale","14":"shipping-taxable","15":"purchasable","16":"product-type-simple"},"_links":{"self":[{"href":"https:\/\/roveyayinevi.com.tr\/index.php\/wp-json\/wp\/v2\/product\/772372","targetHints":{"allow":["GET"]}}],"collection":[{"href":"https:\/\/roveyayinevi.com.tr\/index.php\/wp-json\/wp\/v2\/product"}],"about":[{"href":"https:\/\/roveyayinevi.com.tr\/index.php\/wp-json\/wp\/v2\/types\/product"}],"wp:attachment":[{"href":"https:\/\/roveyayinevi.com.tr\/index.php\/wp-json\/wp\/v2\/media?parent=772372"}],"wp:term":[{"taxonomy":"product_brand","embeddable":true,"href":"https:\/\/roveyayinevi.com.tr\/index.php\/wp-json\/wp\/v2\/product_brand?post=772372"},{"taxonomy":"product_cat","embeddable":true,"href":"https:\/\/roveyayinevi.com.tr\/index.php\/wp-json\/wp\/v2\/product_cat?post=772372"},{"taxonomy":"product_tag","embeddable":true,"href":"https:\/\/roveyayinevi.com.tr\/index.php\/wp-json\/wp\/v2\/product_tag?post=772372"}],"curies":[{"name":"wp","href":"https:\/\/api.w.org\/{rel}","templated":true}]}}