{"id":772370,"date":"2025-08-28T15:37:33","date_gmt":"2025-08-28T12:37:33","guid":{"rendered":"https:\/\/roveyayinevi.com.tr\/index.php\/urun\/davul-kitabi\/"},"modified":"2026-04-15T03:38:45","modified_gmt":"2026-04-15T00:38:45","slug":"davul-kitabi","status":"publish","type":"product","link":"https:\/\/roveyayinevi.com.tr\/index.php\/urun\/davul-kitabi\/","title":{"rendered":"Davul Kitab\u0131"},"content":{"rendered":"<p>\u015eahane bir emek&#8230; Anla\u015f\u0131l\u0131rl\u0131\u011f\u0131 ve teknik bilgilerini \u00e7ok be\u011fendim&#8230; Bravo. Ayd\u0131n Karabulut   T\u00fcrk davulcular\u0131n\u0131n baterinin i\u00e7eri\u011fi konusundaki en b\u00fcy\u00fck s\u0131k\u0131nt\u0131lar\u0131ndan biri yabanc\u0131 metot ve videolar\u0131 tam anlayamamalar\u0131d\u0131r. Bu metod ve interaktif videolar\u0131n konular\u0131n anla\u015f\u0131labilirli\u011fine yard\u0131mc\u0131 olaca\u011f\u0131na \u015fimdiden seviniyorum. Mehmet Y\u00fczge\u00e7   \u00c7ok kapsaml\u0131 bir \u00e7al\u0131\u015fma. Davul \u00f6\u011frenme konusunda teknik, et\u00fcdler ve ekipman kullan\u0131m\u0131 gibi \u00e7ok \u00e7e\u015fitli detaylar\u0131 kapsayan bir kitap. T\u00fcrk m\u00fczi\u011fi ile ilgili b\u00f6l\u00fcmler beklenmedik g\u00fczel bir s\u00fcrpriz. Cengiz Baysal   Ger\u00e7ekten \u00e7ok kapsaml\u0131 bir \u00e7al\u0131\u015fma olmu\u015f. Tabure pozisyonundan, davul kurulumuna \u00f6zellikle T\u00fcrk usullerinin davul setine uygulanmas\u0131 takdiri hak ediyor. Ger\u00e7ekten b\u00fcy\u00fck bir bo\u015flu\u011fu yakalam\u0131\u015f. Ar\u0131kan Sirakaya   Harika bir metod. Yeni ba\u015flayanlar i\u00e7in g\u00fczel bir k\u0131lavuz. Okan Duman \u0130lklere imza atan bir \u00e7al\u0131\u015fma olarak literat\u00fcrde alaca\u011f\u0131 yere g\u00f6z k\u0131rp\u0131yor, i\u00e7erik ve konu dizilimi olarak \u00f6nc\u00fcl fakat ge\u00e7mi\u015fte \u00fcst\u00fcnk\u00f6r\u00fc ele al\u0131nm\u0131\u015f ba\u015fl\u0131klar fark yarat\u0131yor. Sertan So\u011fukp\u0131nar   <\/p>\n","protected":false},"excerpt":{"rendered":"<p>\u015eahane bir emek&#8230; Anla\u015f\u0131l\u0131rl\u0131\u011f\u0131 ve teknik bilgilerini \u00e7ok be\u011fendim&#8230; Bravo. Ayd\u0131n Karabulut T\u00fcrk davulcular\u0131n\u0131n baterinin i\u00e7eri\u011fi konusundaki en b\u00fcy\u00fck s\u0131k\u0131nt\u0131lar\u0131ndan biri yabanc\u0131 metot ve videolar\u0131 tam<span class=\"excerpt-hellip\"> [\u2026]<\/span><\/p>\n","protected":false},"featured_media":0,"template":"","meta":{"_monsterinsights_skip_tracking":false,"_monsterinsights_sitenote_active":false,"_monsterinsights_sitenote_note":"","_monsterinsights_sitenote_category":0},"product_brand":[],"product_cat":[14556],"product_tag":[],"class_list":{"0":"post-772370","1":"product","2":"type-product","3":"status-publish","5":"product_cat-muzik","6":"pa_cilt-ciltsiz","7":"pa_tur-kitap","8":"pa_yayinevi-inkilap-kitabevi","9":"pa_yazar-huseyin-man","11":"first","12":"instock","13":"sale","14":"shipping-taxable","15":"purchasable","16":"product-type-simple"},"_links":{"self":[{"href":"https:\/\/roveyayinevi.com.tr\/index.php\/wp-json\/wp\/v2\/product\/772370","targetHints":{"allow":["GET"]}}],"collection":[{"href":"https:\/\/roveyayinevi.com.tr\/index.php\/wp-json\/wp\/v2\/product"}],"about":[{"href":"https:\/\/roveyayinevi.com.tr\/index.php\/wp-json\/wp\/v2\/types\/product"}],"wp:attachment":[{"href":"https:\/\/roveyayinevi.com.tr\/index.php\/wp-json\/wp\/v2\/media?parent=772370"}],"wp:term":[{"taxonomy":"product_brand","embeddable":true,"href":"https:\/\/roveyayinevi.com.tr\/index.php\/wp-json\/wp\/v2\/product_brand?post=772370"},{"taxonomy":"product_cat","embeddable":true,"href":"https:\/\/roveyayinevi.com.tr\/index.php\/wp-json\/wp\/v2\/product_cat?post=772370"},{"taxonomy":"product_tag","embeddable":true,"href":"https:\/\/roveyayinevi.com.tr\/index.php\/wp-json\/wp\/v2\/product_tag?post=772370"}],"curies":[{"name":"wp","href":"https:\/\/api.w.org\/{rel}","templated":true}]}}