{"id":772369,"date":"2025-08-28T15:37:30","date_gmt":"2025-08-28T12:37:30","guid":{"rendered":"https:\/\/roveyayinevi.com.tr\/index.php\/urun\/cani-sikilan-balina-mektup-yaziyor\/"},"modified":"2026-04-13T03:34:49","modified_gmt":"2026-04-13T00:34:49","slug":"cani-sikilan-balina-mektup-yaziyor","status":"publish","type":"product","link":"https:\/\/roveyayinevi.com.tr\/index.php\/urun\/cani-sikilan-balina-mektup-yaziyor\/","title":{"rendered":"Can\u0131 S\u0131k\u0131lan Balina Mektup Yaz\u0131yor"},"content":{"rendered":"<p>\u00d6\u011fretmenlikten emekli olan Profes\u00f6r Balina can s\u0131k\u0131nt\u0131s\u0131ndan \u201cUfkun \u00d6b\u00fcr Taraf\u0131nda Ya\u015fayan\u201d herkese mektup yazmaya ba\u015flar. Ona Profes\u00f6r de\u011fil de mesela \u201cBalino\u015f\u201d diye hitap edecek, yak\u0131n bir arkada\u015f\u0131n\u0131n olmas\u0131n\u0131 \u00e7ok ister.  Yazd\u0131\u011f\u0131 bu mektuplar Profes\u00f6r Balina&#8217;ya istedi\u011finden \u00e7ok daha fazlas\u0131n\u0131 getirecek; penguenler, balinalar, foklar, Balina Burnu Olimpiyatlar\u0131 i\u00e7in y\u0131llar sonra yeniden bir araya gelecektir! <\/p>\n","protected":false},"excerpt":{"rendered":"<p>\u00d6\u011fretmenlikten emekli olan Profes\u00f6r Balina can s\u0131k\u0131nt\u0131s\u0131ndan \u201cUfkun \u00d6b\u00fcr Taraf\u0131nda Ya\u015fayan\u201d herkese mektup yazmaya ba\u015flar. Ona Profes\u00f6r de\u011fil de mesela \u201cBalino\u015f\u201d diye hitap edecek, yak\u0131n bir<span class=\"excerpt-hellip\"> [\u2026]<\/span><\/p>\n","protected":false},"featured_media":0,"template":"","meta":{"_monsterinsights_skip_tracking":false,"_monsterinsights_sitenote_active":false,"_monsterinsights_sitenote_note":"","_monsterinsights_sitenote_category":0},"product_brand":[],"product_cat":[12274,12284],"product_tag":[],"class_list":{"0":"post-772369","1":"product","2":"type-product","3":"status-publish","5":"product_cat-cocuk-ve-genclik-kitaplari","6":"product_cat-hikayeler","7":"pa_cilt-ciltsiz","8":"pa_tur-kitap","9":"pa_yayinevi-beyaz-balina-yayinlari","10":"pa_yazar-megumi-iwasa","12":"first","13":"instock","14":"sale","15":"shipping-taxable","16":"purchasable","17":"product-type-simple"},"_links":{"self":[{"href":"https:\/\/roveyayinevi.com.tr\/index.php\/wp-json\/wp\/v2\/product\/772369","targetHints":{"allow":["GET"]}}],"collection":[{"href":"https:\/\/roveyayinevi.com.tr\/index.php\/wp-json\/wp\/v2\/product"}],"about":[{"href":"https:\/\/roveyayinevi.com.tr\/index.php\/wp-json\/wp\/v2\/types\/product"}],"wp:attachment":[{"href":"https:\/\/roveyayinevi.com.tr\/index.php\/wp-json\/wp\/v2\/media?parent=772369"}],"wp:term":[{"taxonomy":"product_brand","embeddable":true,"href":"https:\/\/roveyayinevi.com.tr\/index.php\/wp-json\/wp\/v2\/product_brand?post=772369"},{"taxonomy":"product_cat","embeddable":true,"href":"https:\/\/roveyayinevi.com.tr\/index.php\/wp-json\/wp\/v2\/product_cat?post=772369"},{"taxonomy":"product_tag","embeddable":true,"href":"https:\/\/roveyayinevi.com.tr\/index.php\/wp-json\/wp\/v2\/product_tag?post=772369"}],"curies":[{"name":"wp","href":"https:\/\/api.w.org\/{rel}","templated":true}]}}