{"id":772367,"date":"2025-08-28T15:37:26","date_gmt":"2025-08-28T12:37:26","guid":{"rendered":"https:\/\/roveyayinevi.com.tr\/index.php\/urun\/sari-pasa-ve-turk-mucizesi\/"},"modified":"2026-04-15T03:38:45","modified_gmt":"2026-04-15T00:38:45","slug":"sari-pasa-ve-turk-mucizesi","status":"publish","type":"product","link":"https:\/\/roveyayinevi.com.tr\/index.php\/urun\/sari-pasa-ve-turk-mucizesi\/","title":{"rendered":"Sar\u0131 Pa\u015fa ve T\u00fcrk Mucizesi"},"content":{"rendered":"<p>B\u0130R M\u0130LLET K\u00dcLLER\u0130NDEN DO\u011eAR\u2026 VE O DO\u011eU\u015eUN ADI SARI PA\u015eA OLUR.   Mustafa Kemal Atat\u00fcrk\u2019\u00fcn \u00e7ocukluk y\u0131llar\u0131ndan cephelerdeki kahramanl\u0131klar\u0131na, diplomasi zaferlerinden Cumhuriyet\u2019in kurulu\u015funa uzanan bu kitap; sadece bir liderin de\u011fil, T\u00fcrk milletinin yeniden do\u011fu\u015funun \u00f6yk\u00fcs\u00fcn\u00fc anlat\u0131yor. Kaya Boztepe, y\u0131llar s\u00fcren ara\u015ft\u0131rmalarla harmanlad\u0131\u011f\u0131 bu eserde, \u00e7o\u011fu zaman unutulmu\u015f ya da g\u00f6lgede kalm\u0131\u015f detaylar\u0131 g\u00fcn y\u00fcz\u00fcne \u00e7\u0131kar\u0131yor.   Atat\u00fcrk\u2019\u00fcn Harbiye\u2019deki arkada\u015fl\u0131klar\u0131ndan saraya damat olmas\u0131 istenmesine, Sofya\u2019da Kral Ferdinand\u2019la izledi\u011fi operaya, \u00c7anakkale\u2019deki k\u0131nal\u0131 kuzulara kadar pek \u00e7ok sahne bir roman kurgusu gibi ak\u0131p giderken, okuyucu tarihle duygusal bir ba\u011f kuruyor.   Sadece tarih merakl\u0131lar\u0131na de\u011fil; d\u00fcr\u00fcstl\u00fc\u011f\u00fcn, cesaretin, vizyonun ve vatan sevgisinin ne demek oldu\u011funu anlamak isteyen herkese&#8230; \u00c7\u00fcnk\u00fc baz\u0131 kitaplar tarihi anlatmaz, ya\u015fat\u0131r. Bu kitap da onlardan biri&#8230; <\/p>\n","protected":false},"excerpt":{"rendered":"<p>B\u0130R M\u0130LLET K\u00dcLLER\u0130NDEN DO\u011eAR\u2026 VE O DO\u011eU\u015eUN ADI SARI PA\u015eA OLUR. Mustafa Kemal Atat\u00fcrk\u2019\u00fcn \u00e7ocukluk y\u0131llar\u0131ndan cephelerdeki kahramanl\u0131klar\u0131na, diplomasi zaferlerinden Cumhuriyet\u2019in kurulu\u015funa uzanan bu kitap; sadece<span class=\"excerpt-hellip\"> [\u2026]<\/span><\/p>\n","protected":false},"featured_media":0,"template":"","meta":{"_monsterinsights_skip_tracking":false,"_monsterinsights_sitenote_active":false,"_monsterinsights_sitenote_note":"","_monsterinsights_sitenote_category":0},"product_brand":[],"product_cat":[12530,12304],"product_tag":[],"class_list":{"0":"post-772367","1":"product","2":"type-product","3":"status-publish","5":"product_cat-mustafa-kemal-ataturk","6":"product_cat-tarih","7":"pa_cilt-ciltsiz","8":"pa_tur-kitap","9":"pa_yayinevi-destek-yayinlari","10":"pa_yazar-kaya-boztepe","12":"first","13":"instock","14":"sale","15":"shipping-taxable","16":"purchasable","17":"product-type-simple"},"_links":{"self":[{"href":"https:\/\/roveyayinevi.com.tr\/index.php\/wp-json\/wp\/v2\/product\/772367","targetHints":{"allow":["GET"]}}],"collection":[{"href":"https:\/\/roveyayinevi.com.tr\/index.php\/wp-json\/wp\/v2\/product"}],"about":[{"href":"https:\/\/roveyayinevi.com.tr\/index.php\/wp-json\/wp\/v2\/types\/product"}],"wp:attachment":[{"href":"https:\/\/roveyayinevi.com.tr\/index.php\/wp-json\/wp\/v2\/media?parent=772367"}],"wp:term":[{"taxonomy":"product_brand","embeddable":true,"href":"https:\/\/roveyayinevi.com.tr\/index.php\/wp-json\/wp\/v2\/product_brand?post=772367"},{"taxonomy":"product_cat","embeddable":true,"href":"https:\/\/roveyayinevi.com.tr\/index.php\/wp-json\/wp\/v2\/product_cat?post=772367"},{"taxonomy":"product_tag","embeddable":true,"href":"https:\/\/roveyayinevi.com.tr\/index.php\/wp-json\/wp\/v2\/product_tag?post=772367"}],"curies":[{"name":"wp","href":"https:\/\/api.w.org\/{rel}","templated":true}]}}