{"id":772366,"date":"2025-08-28T15:37:23","date_gmt":"2025-08-28T12:37:23","guid":{"rendered":"https:\/\/roveyayinevi.com.tr\/index.php\/urun\/gokcen\/"},"modified":"2026-04-15T03:38:45","modified_gmt":"2026-04-15T00:38:45","slug":"gokcen","status":"publish","type":"product","link":"https:\/\/roveyayinevi.com.tr\/index.php\/urun\/gokcen\/","title":{"rendered":"G\u00f6k\u00e7en"},"content":{"rendered":"<p>T\u00dcRK HAVACILI\u011eININ G\u00d6\u011eS\u00dcN\u00dc KABARTAN B\u0130R \u00d6YK\u00dc: SAB\u0130HA G\u00d6K\u00c7EN\u2019\u0130N \u0130LHAM VEREN HAYATI&#8230;   Sava\u015flar\u0131n, ink\u0131laplar\u0131n ve de\u011fi\u015fimin tam ortas\u0131nda b\u00fcy\u00fcyen bir k\u0131z \u00e7ocu\u011funun, Atat\u00fcrk\u2019\u00fcn k\u0131z\u0131n\u0131n, T\u00fcrkiye\u2019nin g\u00f6ky\u00fcz\u00fcne a\u00e7\u0131lan ilk kad\u0131n sava\u015f pilotu olma yolculu\u011fu&#8230; Sabiha G\u00f6k\u00e7en, yaln\u0131zca bir Cumhuriyet kad\u0131n\u0131 de\u011fil; \u00e7a\u011f\u0131n\u0131n \u00f6tesinde bir cesaret, azim ve vizyon \u00f6rne\u011fidir. G\u00fcl\u015fah \u00c7eliker, y\u0131llara yay\u0131lan ara\u015ft\u0131rmalar\u0131ndan ve Sabiha G\u00f6k\u00e7en\u2019in bizzat kendisiyle yapt\u0131\u011f\u0131 \u00f6zel r\u00f6portajlardan derledi\u011fi bu biyografik romanda, G\u00f6k\u00e7en\u2019in Atat\u00fcrk ile ilk kar\u015f\u0131la\u015fmas\u0131ndan \u00c7ankaya K\u00f6\u015fk\u00fc\u2019nde ba\u015flayan hayat\u0131na, ulusal ve uluslararas\u0131 ba\u015far\u0131lara uzanan ilham dolu yolculu\u011funu g\u00f6zler \u00f6n\u00fcne seriyor. Sadece bir biyografi de\u011fil; ayn\u0131 zamanda Cumhuriyet\u2019in idealist ruhunu, Atat\u00fcrk\u2019\u00fcn e\u011fitim ve kad\u0131n vizyonunu yans\u0131tan e\u015fsiz bir tan\u0131kl\u0131k&#8230; \u201cG\u00f6ky\u00fcz\u00fc sadece erkeklere ait de\u011fil&#8230;\u201d diyerek tarihe ad\u0131n\u0131 yazd\u0131ran bir \u00f6nc\u00fcn\u00fcn, gen\u00e7 nesillere b\u0131rak\u0131lm\u0131\u015f en de\u011ferli miras\u0131&#8230;   \u201cHatta g\u00fcn gelecek insano\u011flu uzaya gidecek, ba\u015fka d\u00fcnyalara gidecek, Ay\u2019\u0131 ve benzeri gezegenleri bile fethedecek&#8230;\u201d &#8211; Mustafa Kemal Atat\u00fcrk   Modern T\u00fcrk kad\u0131n\u0131n\u0131n y\u00fckseli\u015fi g\u00f6ky\u00fcz\u00fcnde ba\u015flar. Ve bu y\u00fckseli\u015fin ad\u0131: Sabiha G\u00f6k\u00e7en. <\/p>\n","protected":false},"excerpt":{"rendered":"<p>T\u00dcRK HAVACILI\u011eININ G\u00d6\u011eS\u00dcN\u00dc KABARTAN B\u0130R \u00d6YK\u00dc: SAB\u0130HA G\u00d6K\u00c7EN\u2019\u0130N \u0130LHAM VEREN HAYATI&#8230; Sava\u015flar\u0131n, ink\u0131laplar\u0131n ve de\u011fi\u015fimin tam ortas\u0131nda b\u00fcy\u00fcyen bir k\u0131z \u00e7ocu\u011funun, Atat\u00fcrk\u2019\u00fcn k\u0131z\u0131n\u0131n, T\u00fcrkiye\u2019nin g\u00f6ky\u00fcz\u00fcne a\u00e7\u0131lan<span class=\"excerpt-hellip\"> [\u2026]<\/span><\/p>\n","protected":false},"featured_media":0,"template":"","meta":{"_monsterinsights_skip_tracking":false,"_monsterinsights_sitenote_active":false,"_monsterinsights_sitenote_note":"","_monsterinsights_sitenote_category":0},"product_brand":[],"product_cat":[14009,12291],"product_tag":[],"class_list":{"0":"post-772366","1":"product","2":"type-product","3":"status-publish","5":"product_cat-biyografi-otobiyografi-edebiyat","6":"product_cat-edebiyat","7":"pa_cilt-ciltsiz","8":"pa_tur-kitap","9":"pa_yayinevi-destek-yayinlari","10":"pa_yazar-gulsah-celiker","12":"first","13":"instock","14":"sale","15":"shipping-taxable","16":"purchasable","17":"product-type-simple"},"_links":{"self":[{"href":"https:\/\/roveyayinevi.com.tr\/index.php\/wp-json\/wp\/v2\/product\/772366","targetHints":{"allow":["GET"]}}],"collection":[{"href":"https:\/\/roveyayinevi.com.tr\/index.php\/wp-json\/wp\/v2\/product"}],"about":[{"href":"https:\/\/roveyayinevi.com.tr\/index.php\/wp-json\/wp\/v2\/types\/product"}],"wp:attachment":[{"href":"https:\/\/roveyayinevi.com.tr\/index.php\/wp-json\/wp\/v2\/media?parent=772366"}],"wp:term":[{"taxonomy":"product_brand","embeddable":true,"href":"https:\/\/roveyayinevi.com.tr\/index.php\/wp-json\/wp\/v2\/product_brand?post=772366"},{"taxonomy":"product_cat","embeddable":true,"href":"https:\/\/roveyayinevi.com.tr\/index.php\/wp-json\/wp\/v2\/product_cat?post=772366"},{"taxonomy":"product_tag","embeddable":true,"href":"https:\/\/roveyayinevi.com.tr\/index.php\/wp-json\/wp\/v2\/product_tag?post=772366"}],"curies":[{"name":"wp","href":"https:\/\/api.w.org\/{rel}","templated":true}]}}