{"id":772365,"date":"2025-08-28T15:37:20","date_gmt":"2025-08-28T12:37:20","guid":{"rendered":"https:\/\/roveyayinevi.com.tr\/index.php\/urun\/her-karsilasma-bir-mesajdir\/"},"modified":"2026-04-15T03:38:45","modified_gmt":"2026-04-15T00:38:45","slug":"her-karsilasma-bir-mesajdir","status":"publish","type":"product","link":"https:\/\/roveyayinevi.com.tr\/index.php\/urun\/her-karsilasma-bir-mesajdir\/","title":{"rendered":"Her Kar\u015f\u0131la\u015fma Bir Mesajd\u0131r"},"content":{"rendered":"<p>NE ARADI\u011eINI B\u0130LENE HER \u015eEY \u0130\u015eARETT\u0130R   \u201cTemiz bir kalpte kin bar\u0131nmaz. Hakikati arayan bir dil, yalanla kirlenmez. Hayatta her \u015fey ters gidiyorsa, bil ki sen ters y\u00f6ne girmi\u015fsin.\u201d   \u0130nsan, neyin pe\u015finden ko\u015fmu\u015fsa, hep ona gecikmi\u015ftir. En \u00e7ok neyi zorlam\u0131\u015fsa, ona zorlanm\u0131\u015ft\u0131r. Neyi \u00e7eki\u015ftirmi\u015fse onu k\u0131rm\u0131\u015ft\u0131r. Neyi hakikat sand\u0131ysa onun r\u00fcyas\u0131na kap\u0131lm\u0131\u015ft\u0131r ve yine o r\u00fcyan\u0131n hakikatiyle s\u0131nanm\u0131\u015ft\u0131r. Bu bir ceza de\u011fildir, bedeldir sadece. Ya\u015fam, r\u00fcyayla hakikatin s\u00fcrekli yer de\u011fi\u015ftirdi\u011fi, \u00e7o\u011fu zaman i\u00e7 i\u00e7e ge\u00e7ti\u011fi bir s\u0131nav.   Gen\u00e7 bir dervi\u015fle, ge\u00e7mi\u015fle hesab\u0131n\u0131 kapatamam\u0131\u015f yorgun bir kad\u0131n\u0131n, y\u0131llar sonra hi\u00e7 hesapta yokken yeniden kar\u015f\u0131la\u015fmalar\u0131, k\u00fcllenmeyen dostluklar\u0131n\u0131n bir kez daha s\u0131nanmas\u0131na neden olur, \u00e7\u00fcnk\u00fc onlar\u0131n birbirine \u00f6\u011fretece\u011fi \u015feyler hen\u00fcz bitmemi\u015ftir.   Kitaplar\u0131 15\u2019ten fazla dile \u00e7evrilmi\u015f olan Hakan Meng\u00fc\u00e7\u2019ten size d\u00f6n\u00fc\u015f\u00fcm kap\u0131lar\u0131n\u0131 a\u00e7acak bir roman<\/p>\n","protected":false},"excerpt":{"rendered":"<p>NE ARADI\u011eINI B\u0130LENE HER \u015eEY \u0130\u015eARETT\u0130R \u201cTemiz bir kalpte kin bar\u0131nmaz. Hakikati arayan bir dil, yalanla kirlenmez. Hayatta her \u015fey ters gidiyorsa, bil ki sen ters<span class=\"excerpt-hellip\"> [\u2026]<\/span><\/p>\n","protected":false},"featured_media":0,"template":"","meta":{"_monsterinsights_skip_tracking":false,"_monsterinsights_sitenote_active":false,"_monsterinsights_sitenote_note":"","_monsterinsights_sitenote_category":0},"product_brand":[],"product_cat":[12291,12711],"product_tag":[],"class_list":{"0":"post-772365","1":"product","2":"type-product","3":"status-publish","5":"product_cat-edebiyat","6":"product_cat-roman-oyku","7":"pa_cilt-ciltsiz","8":"pa_tur-kitap","9":"pa_yayinevi-destek-yayinlari","10":"pa_yazar-hakan-menguc","12":"first","13":"instock","14":"sale","15":"shipping-taxable","16":"purchasable","17":"product-type-simple"},"_links":{"self":[{"href":"https:\/\/roveyayinevi.com.tr\/index.php\/wp-json\/wp\/v2\/product\/772365","targetHints":{"allow":["GET"]}}],"collection":[{"href":"https:\/\/roveyayinevi.com.tr\/index.php\/wp-json\/wp\/v2\/product"}],"about":[{"href":"https:\/\/roveyayinevi.com.tr\/index.php\/wp-json\/wp\/v2\/types\/product"}],"wp:attachment":[{"href":"https:\/\/roveyayinevi.com.tr\/index.php\/wp-json\/wp\/v2\/media?parent=772365"}],"wp:term":[{"taxonomy":"product_brand","embeddable":true,"href":"https:\/\/roveyayinevi.com.tr\/index.php\/wp-json\/wp\/v2\/product_brand?post=772365"},{"taxonomy":"product_cat","embeddable":true,"href":"https:\/\/roveyayinevi.com.tr\/index.php\/wp-json\/wp\/v2\/product_cat?post=772365"},{"taxonomy":"product_tag","embeddable":true,"href":"https:\/\/roveyayinevi.com.tr\/index.php\/wp-json\/wp\/v2\/product_tag?post=772365"}],"curies":[{"name":"wp","href":"https:\/\/api.w.org\/{rel}","templated":true}]}}