{"id":772364,"date":"2025-08-28T15:37:18","date_gmt":"2025-08-28T12:37:18","guid":{"rendered":"https:\/\/roveyayinevi.com.tr\/index.php\/urun\/kader-carpismasi-hediyeli-kutu-ciltli\/"},"modified":"2026-04-15T03:38:45","modified_gmt":"2026-04-15T00:38:45","slug":"kader-carpismasi-hediyeli-kutu-ciltli","status":"publish","type":"product","link":"https:\/\/roveyayinevi.com.tr\/index.php\/urun\/kader-carpismasi-hediyeli-kutu-ciltli\/","title":{"rendered":"Kader \u00c7arp\u0131\u015fmas\u0131 (Hediyeli Kutu-Ciltli)"},"content":{"rendered":"<p>Kader \u00c7arp\u0131\u015fmas\u0131 (Ciltli) \u00d6zel Kesim K\u00f6\u015fe Ayra\u00e7 \u00d6zel Tasar\u0131m Defter \u00d6zel Tasar\u0131m Poster \u00d6zel Tasar\u0131m Kartpostal Kare Ayra\u00e7<\/p>\n","protected":false},"excerpt":{"rendered":"<p>Kader \u00c7arp\u0131\u015fmas\u0131 (Ciltli) \u00d6zel Kesim K\u00f6\u015fe Ayra\u00e7 \u00d6zel Tasar\u0131m Defter \u00d6zel Tasar\u0131m Poster \u00d6zel Tasar\u0131m Kartpostal Kare Ayra\u00e7<\/p>\n","protected":false},"featured_media":0,"template":"","meta":{"_monsterinsights_skip_tracking":false,"_monsterinsights_sitenote_active":false,"_monsterinsights_sitenote_note":"","_monsterinsights_sitenote_category":0},"product_brand":[],"product_cat":[12291,12711],"product_tag":[],"class_list":{"0":"post-772364","1":"product","2":"type-product","3":"status-publish","5":"product_cat-edebiyat","6":"product_cat-roman-oyku","7":"pa_cilt-ciltli","8":"pa_tur-kitap","9":"pa_yayinevi-ephesus-yayinlari","10":"pa_yazar-fatih-murat-arsal","12":"first","13":"instock","14":"sale","15":"shipping-taxable","16":"purchasable","17":"product-type-simple"},"_links":{"self":[{"href":"https:\/\/roveyayinevi.com.tr\/index.php\/wp-json\/wp\/v2\/product\/772364","targetHints":{"allow":["GET"]}}],"collection":[{"href":"https:\/\/roveyayinevi.com.tr\/index.php\/wp-json\/wp\/v2\/product"}],"about":[{"href":"https:\/\/roveyayinevi.com.tr\/index.php\/wp-json\/wp\/v2\/types\/product"}],"wp:attachment":[{"href":"https:\/\/roveyayinevi.com.tr\/index.php\/wp-json\/wp\/v2\/media?parent=772364"}],"wp:term":[{"taxonomy":"product_brand","embeddable":true,"href":"https:\/\/roveyayinevi.com.tr\/index.php\/wp-json\/wp\/v2\/product_brand?post=772364"},{"taxonomy":"product_cat","embeddable":true,"href":"https:\/\/roveyayinevi.com.tr\/index.php\/wp-json\/wp\/v2\/product_cat?post=772364"},{"taxonomy":"product_tag","embeddable":true,"href":"https:\/\/roveyayinevi.com.tr\/index.php\/wp-json\/wp\/v2\/product_tag?post=772364"}],"curies":[{"name":"wp","href":"https:\/\/api.w.org\/{rel}","templated":true}]}}