{"id":772363,"date":"2025-08-28T15:37:15","date_gmt":"2025-08-28T12:37:15","guid":{"rendered":"https:\/\/roveyayinevi.com.tr\/index.php\/urun\/kader-carpismasi-ciltli\/"},"modified":"2026-04-15T03:38:45","modified_gmt":"2026-04-15T00:38:45","slug":"kader-carpismasi-ciltli","status":"publish","type":"product","link":"https:\/\/roveyayinevi.com.tr\/index.php\/urun\/kader-carpismasi-ciltli\/","title":{"rendered":"Kader \u00c7arp\u0131\u015fmas\u0131 (Ciltli)"},"content":{"rendered":"<p>Kaderin \u00e7arp\u0131c\u0131 s\u00fcrprizlerine, g\u00f6z al\u0131c\u0131 rastlant\u0131lar\u0131na engel olamayacak kadar k\u00fc\u00e7\u00fclm\u00fc\u015ft\u00fc sanki g\u00fczel \u0130zmir. \u00d6nce karanl\u0131k bir gecenin koynunda, izbe bir sokakta g\u00f6rm\u00fc\u015ft\u00fc g\u00f6\u00e7men k\u0131z\u0131n\u0131&#8230; Sonra ya\u011fmurlu bir sabahta ve ard\u0131ndan dondurucu bir ak\u015famda kar\u015f\u0131s\u0131na \u00e7\u0131km\u0131\u015ft\u0131. Her seferinde daha hasta, daha \u00e7aresiz, daha t\u00fckenmi\u015f&#8230; &#8220;Bu kadar s\u0131k kar\u015f\u0131la\u015fmay\u0131 b\u0131rakmal\u0131y\u0131z,&#8221; demi\u015fti gen\u00e7 adam p\u00fcr\u00fczs\u00fcz sesiyle. &#8220;Yoksa seni takip etti\u011fimi d\u00fc\u015f\u00fcnmeye ba\u015flayacaks\u0131n!&#8221; G\u00f6\u00e7men k\u0131z\u0131n, \u00f6l\u00fcm\u00fc hasretle bekleyen defalarca k\u0131r\u0131lm\u0131\u015f hassas bir kalbi vard\u0131. Oysa kaderin plan\u0131na g\u00f6re bu naif g\u00fczellik, g\u00f6kten d\u00fc\u015fen ferah bir su damlas\u0131yd\u0131. Bir akarsuya kar\u0131\u015f\u0131p \u00e7a\u011flayan\u0131na eri\u015fecek, bilinmezine do\u011fru co\u015fkuyla devam edecekti. Ta ki g\u00fc\u00e7l\u00fc bir kayaya \u00e7arp\u0131p duruluncaya kadar. Kayas\u0131na s\u0131ms\u0131k\u0131 sar\u0131lacak, huzuru ve a\u015fk\u0131 o dinginlikte bulacakt\u0131. Zorluklar imk\u00e2ns\u0131z\u0131, imk\u00e2ns\u0131zl\u0131k ise sevgiyi y\u00fcceltir. Saf a\u015fk hi\u00e7 bu kadar g\u00fczel anlat\u0131lmam\u0131\u015ft\u0131 diyece\u011finiz bir FMArsal roman\u0131 daha! Uyar\u0131: Yeti\u015fkin okurlar i\u00e7indir.<\/p>\n","protected":false},"excerpt":{"rendered":"<p>Kaderin \u00e7arp\u0131c\u0131 s\u00fcrprizlerine, g\u00f6z al\u0131c\u0131 rastlant\u0131lar\u0131na engel olamayacak kadar k\u00fc\u00e7\u00fclm\u00fc\u015ft\u00fc sanki g\u00fczel \u0130zmir. \u00d6nce karanl\u0131k bir gecenin koynunda, izbe bir sokakta g\u00f6rm\u00fc\u015ft\u00fc g\u00f6\u00e7men k\u0131z\u0131n\u0131&#8230; Sonra ya\u011fmurlu<span class=\"excerpt-hellip\"> [\u2026]<\/span><\/p>\n","protected":false},"featured_media":0,"template":"","meta":{"_monsterinsights_skip_tracking":false,"_monsterinsights_sitenote_active":false,"_monsterinsights_sitenote_note":"","_monsterinsights_sitenote_category":0},"product_brand":[],"product_cat":[12291,12711],"product_tag":[],"class_list":{"0":"post-772363","1":"product","2":"type-product","3":"status-publish","5":"product_cat-edebiyat","6":"product_cat-roman-oyku","7":"pa_cilt-ciltli","8":"pa_tur-kitap","9":"pa_yayinevi-ephesus-yayinlari","10":"pa_yazar-fatih-murat-arsal","12":"first","13":"instock","14":"sale","15":"shipping-taxable","16":"purchasable","17":"product-type-simple"},"_links":{"self":[{"href":"https:\/\/roveyayinevi.com.tr\/index.php\/wp-json\/wp\/v2\/product\/772363","targetHints":{"allow":["GET"]}}],"collection":[{"href":"https:\/\/roveyayinevi.com.tr\/index.php\/wp-json\/wp\/v2\/product"}],"about":[{"href":"https:\/\/roveyayinevi.com.tr\/index.php\/wp-json\/wp\/v2\/types\/product"}],"wp:attachment":[{"href":"https:\/\/roveyayinevi.com.tr\/index.php\/wp-json\/wp\/v2\/media?parent=772363"}],"wp:term":[{"taxonomy":"product_brand","embeddable":true,"href":"https:\/\/roveyayinevi.com.tr\/index.php\/wp-json\/wp\/v2\/product_brand?post=772363"},{"taxonomy":"product_cat","embeddable":true,"href":"https:\/\/roveyayinevi.com.tr\/index.php\/wp-json\/wp\/v2\/product_cat?post=772363"},{"taxonomy":"product_tag","embeddable":true,"href":"https:\/\/roveyayinevi.com.tr\/index.php\/wp-json\/wp\/v2\/product_tag?post=772363"}],"curies":[{"name":"wp","href":"https:\/\/api.w.org\/{rel}","templated":true}]}}