{"id":772361,"date":"2025-08-28T15:37:12","date_gmt":"2025-08-28T12:37:12","guid":{"rendered":"https:\/\/roveyayinevi.com.tr\/index.php\/urun\/akil-goze-inerse\/"},"modified":"2026-04-15T03:38:45","modified_gmt":"2026-04-15T00:38:45","slug":"akil-goze-inerse","status":"publish","type":"product","link":"https:\/\/roveyayinevi.com.tr\/index.php\/urun\/akil-goze-inerse\/","title":{"rendered":"Ak\u0131l G\u00f6ze \u0130nerse"},"content":{"rendered":"<p>Ak\u0131l Allah\u2019\u0131n insana verdi\u011fi en b\u00fcy\u00fck nimettir \u00e7\u00fcnk\u00fc kainata yarat\u0131lan di\u011fer canl\u0131larda bu yoktur. \u0130nsan hayat\u0131ndaki b\u00fct\u00fcn hal ve hareketini d\u00fczenleyen olumlu olumsuz ne kadar varsa ne varsa hepsi akl\u0131n onay\u0131na muhta\u00e7t\u0131r peki G\u00f6z\u00fcn vazifesi nedir? Tabii ki g\u00f6z olmazsa insan\u0131n hayat\u0131 herc-\u00fc merc olur. Yani insan \u015f\u00f6yle d\u00fcz bakt\u0131\u011f\u0131 zaman sanki g\u00f6z daha \u00f6nemli. G\u00f6z\u00fcnde her g\u00f6rd\u00fc\u011f\u00fc do\u011fru de\u011fil g\u00f6zde yan\u0131la bilir. Mesela kalbin muhabbeti bir \u015feye olursa bunu g\u00f6z g\u00f6rmez anlamaz ancak akl\u0131 bilir diyelim ki birine i\u00e7inde d\u00fc\u015fmanl\u0131k edeceksin veya tam tersi birine i\u00e7inde muhabbet ba\u011flayacaks\u0131n. Veya k\u0131skanacaks\u0131n ya da haset edeceksin bunlar g\u00f6z g\u00f6rmez ama akl\u0131 bilir. <\/p>\n","protected":false},"excerpt":{"rendered":"<p>Ak\u0131l Allah\u2019\u0131n insana verdi\u011fi en b\u00fcy\u00fck nimettir \u00e7\u00fcnk\u00fc kainata yarat\u0131lan di\u011fer canl\u0131larda bu yoktur. \u0130nsan hayat\u0131ndaki b\u00fct\u00fcn hal ve hareketini d\u00fczenleyen olumlu olumsuz ne kadar varsa<span class=\"excerpt-hellip\"> [\u2026]<\/span><\/p>\n","protected":false},"featured_media":0,"template":"","meta":{"_monsterinsights_skip_tracking":false,"_monsterinsights_sitenote_active":false,"_monsterinsights_sitenote_note":"","_monsterinsights_sitenote_category":0},"product_brand":[],"product_cat":[12718,12719],"product_tag":[],"class_list":{"0":"post-772361","1":"product","2":"type-product","3":"status-publish","5":"product_cat-din","6":"product_cat-islam","7":"pa_cilt-ciltsiz","8":"pa_tur-kitap","9":"pa_yayinevi-zet-yayinlari","10":"pa_yazar-tahsin-bora","12":"first","13":"instock","14":"sale","15":"shipping-taxable","16":"purchasable","17":"product-type-simple"},"_links":{"self":[{"href":"https:\/\/roveyayinevi.com.tr\/index.php\/wp-json\/wp\/v2\/product\/772361","targetHints":{"allow":["GET"]}}],"collection":[{"href":"https:\/\/roveyayinevi.com.tr\/index.php\/wp-json\/wp\/v2\/product"}],"about":[{"href":"https:\/\/roveyayinevi.com.tr\/index.php\/wp-json\/wp\/v2\/types\/product"}],"wp:attachment":[{"href":"https:\/\/roveyayinevi.com.tr\/index.php\/wp-json\/wp\/v2\/media?parent=772361"}],"wp:term":[{"taxonomy":"product_brand","embeddable":true,"href":"https:\/\/roveyayinevi.com.tr\/index.php\/wp-json\/wp\/v2\/product_brand?post=772361"},{"taxonomy":"product_cat","embeddable":true,"href":"https:\/\/roveyayinevi.com.tr\/index.php\/wp-json\/wp\/v2\/product_cat?post=772361"},{"taxonomy":"product_tag","embeddable":true,"href":"https:\/\/roveyayinevi.com.tr\/index.php\/wp-json\/wp\/v2\/product_tag?post=772361"}],"curies":[{"name":"wp","href":"https:\/\/api.w.org\/{rel}","templated":true}]}}