{"id":772357,"date":"2025-08-28T15:37:04","date_gmt":"2025-08-28T12:37:04","guid":{"rendered":"https:\/\/roveyayinevi.com.tr\/index.php\/urun\/eyluldu-netekim\/"},"modified":"2026-04-15T03:38:45","modified_gmt":"2026-04-15T00:38:45","slug":"eyluldu-netekim","status":"publish","type":"product","link":"https:\/\/roveyayinevi.com.tr\/index.php\/urun\/eyluldu-netekim\/","title":{"rendered":"Eyl\u00fcl&#8217;d\u00fc Netekim"},"content":{"rendered":"<p>Puslu bir grilik, zifiri bir karanl\u0131k hakimdi yery\u00fcz\u00fcne. Bir fener gibi g\u00f6ky\u00fcz\u00fcnde as\u0131l\u0131 duran Ay bile, ayd\u0131nl\u0131k y\u00fcz\u00fcn\u00fc sakl\u0131yor, g\u00f6stermiyordu. G\u00fcne\u015f \u0131\u015f\u0131k sa\u00e7m\u0131yor, \u0131s\u0131tm\u0131yordu y\u00fcrekleri; do\u011fu\u015fu da bat\u0131\u015f\u0131 da fark edilmiyordu ve karart\u0131lm\u0131\u015ft\u0131 o da her \u015feyi gibi. Kur\u015fun gibi a\u011f\u0131r ve aksak i\u015fliyordu zaman, kim hangi zamanda kiminleydi, belli de\u011fildi. \u0130nsana ait ne varsa belirsizli\u011fin hakimiyetindeydi. Hayat ak\u0131\u015f\u0131n\u0131n tamamen de\u011fi\u015fti\u011fi bu ola\u011fan\u00fcst\u00fc d\u00f6nemde, olup biteni alg\u0131lamakta olduk\u00e7a zorlan\u0131yordum. Eyl\u00fcl tufan\u0131nda kimlerin ve nelerin yitece\u011fine tan\u0131kl\u0131k etmenin ve bire bir ya\u015faman\u0131n dayan\u0131lmazl\u0131\u011f\u0131na, bilinmezli\u011fine do\u011fru ilerliyordum&#8230; <\/p>\n","protected":false},"excerpt":{"rendered":"<p>Puslu bir grilik, zifiri bir karanl\u0131k hakimdi yery\u00fcz\u00fcne. Bir fener gibi g\u00f6ky\u00fcz\u00fcnde as\u0131l\u0131 duran Ay bile, ayd\u0131nl\u0131k y\u00fcz\u00fcn\u00fc sakl\u0131yor, g\u00f6stermiyordu. G\u00fcne\u015f \u0131\u015f\u0131k sa\u00e7m\u0131yor, \u0131s\u0131tm\u0131yordu y\u00fcrekleri; do\u011fu\u015fu<span class=\"excerpt-hellip\"> [\u2026]<\/span><\/p>\n","protected":false},"featured_media":0,"template":"","meta":{"_monsterinsights_skip_tracking":false,"_monsterinsights_sitenote_active":false,"_monsterinsights_sitenote_note":"","_monsterinsights_sitenote_category":0},"product_brand":[],"product_cat":[12291,12711],"product_tag":[],"class_list":{"0":"post-772357","1":"product","2":"type-product","3":"status-publish","5":"product_cat-edebiyat","6":"product_cat-roman-oyku","7":"pa_cilt-ciltsiz","8":"pa_tur-kitap","9":"pa_yayinevi-sinirsiz-kitap","10":"pa_yazar-sahin-tatlicioglu","12":"first","13":"instock","14":"sale","15":"shipping-taxable","16":"purchasable","17":"product-type-simple"},"_links":{"self":[{"href":"https:\/\/roveyayinevi.com.tr\/index.php\/wp-json\/wp\/v2\/product\/772357","targetHints":{"allow":["GET"]}}],"collection":[{"href":"https:\/\/roveyayinevi.com.tr\/index.php\/wp-json\/wp\/v2\/product"}],"about":[{"href":"https:\/\/roveyayinevi.com.tr\/index.php\/wp-json\/wp\/v2\/types\/product"}],"wp:attachment":[{"href":"https:\/\/roveyayinevi.com.tr\/index.php\/wp-json\/wp\/v2\/media?parent=772357"}],"wp:term":[{"taxonomy":"product_brand","embeddable":true,"href":"https:\/\/roveyayinevi.com.tr\/index.php\/wp-json\/wp\/v2\/product_brand?post=772357"},{"taxonomy":"product_cat","embeddable":true,"href":"https:\/\/roveyayinevi.com.tr\/index.php\/wp-json\/wp\/v2\/product_cat?post=772357"},{"taxonomy":"product_tag","embeddable":true,"href":"https:\/\/roveyayinevi.com.tr\/index.php\/wp-json\/wp\/v2\/product_tag?post=772357"}],"curies":[{"name":"wp","href":"https:\/\/api.w.org\/{rel}","templated":true}]}}