{"id":772356,"date":"2025-08-28T15:37:02","date_gmt":"2025-08-28T12:37:02","guid":{"rendered":"https:\/\/roveyayinevi.com.tr\/index.php\/urun\/ortak-hayat\/"},"modified":"2026-04-15T03:38:45","modified_gmt":"2026-04-15T00:38:45","slug":"ortak-hayat","status":"publish","type":"product","link":"https:\/\/roveyayinevi.com.tr\/index.php\/urun\/ortak-hayat\/","title":{"rendered":"Ortak Hayat"},"content":{"rendered":"<p>\u00dclkemizde daha \u00e7ok yaz\u0131nbilimsel \u00e7al\u0131\u015fmalar\u0131yla tan\u0131nan Tzvetan Todorov, \u00f6lmeden \u00f6nce yapt\u0131\u011f\u0131 bir s\u00f6yle\u015fisinde kendisini esasen bir d\u00fc\u015f\u00fcnce tarih\u00e7isi olarak g\u00f6rd\u00fc\u011f\u00fcn\u00fc belirtir. Bat\u0131 felsefe tarihinde uzun zamand\u0131r varl\u0131\u011f\u0131n\u0131 koruyan, kendine ag\u00e2h s\u00f6zc\u00fcler, makul s\u00f6zler ve farkl\u0131 farkl\u0131 hakl\u0131l\u0131k zeminleri bulan, yaratan bir fikriyat\u0131n, insana dair bir tasavvurun yaln\u0131zca izini s\u00fcrmekle kalmay\u0131p alt\u0131nda yatan tezin dayanak noktalar\u0131n\u0131 hem ge\u00e7mi\u015f hem \u00e7a\u011fda\u015f\u0131 d\u00fc\u015f\u00fcn\u00fcrlere at\u0131flarla felsefe, psikanaliz ve edebiyat dolay\u0131nda gezinerek k\u00f6kten sorgulayan Ortak Hayat, bu y\u00f6n\u00fcyle yazar\u0131n k\u00fclliyat\u0131nda \u00f6nemli bir yere sahiptir.Todorov, &#8220;genel antropoloji&#8221; ad\u0131n\u0131 verdi\u011fi engin alan i\u00e7erisinde, &#8220;insan\u0131n toplumdaki yerini de\u011fil, aksine toplumun insandaki yerini incelemek&#8221; \u00fczere s\u00fcrekli yeni patikalar \u00e7izen bu denemesinde, insan\u0131 \u00f6z\u00fcnde yaln\u0131z, kendine yeten bir varl\u0131k olarak g\u00f6ren; ba\u015fkalar\u0131na ba\u011fl\u0131l\u0131\u011f\u0131, m\u00fc\u015fterekli\u011fi, toplum i\u00e7inde ya\u015famay\u0131 insan do\u011fas\u0131na t\u00fcmden ayk\u0131r\u0131 bir durum hatta \u00f6zg\u00fcrl\u00fc\u011fe vurulmu\u015f bir pranga olarak tan\u0131mlayan anlay\u0131\u015fa kar\u015f\u0131, k\u00f6kensel tamamlanmam\u0131\u015fl\u0131k dedi\u011fi varolu\u015f halinden hareketle diyalojik, \u00f6zneleraras\u0131 bir kendilik tahayy\u00fcl\u00fc geli\u015ftirir.\u00d6tekiyle ili\u015fkiyi Nietzsche, Sade, Bataille gibi filozoflar\u0131n s\u00f6z da\u011farc\u0131\u011f\u0131nda kristalle\u015fen bir g\u00fc\u00e7 sava\u015f\u0131m\u0131na indirgemek yerine bu ili\u015fkinin hi\u00e7 de hasmane olmayan tezah\u00fcrlerine dikkat \u00e7eken Todorov, bizleri ortak hayata ve birlikte-varolu\u015fa birey-toplum kar\u015f\u0131tl\u0131\u011f\u0131n\u0131n \u00f6tesinden bakmaya \u00e7a\u011f\u0131r\u0131r. Proust&#8217;un Swann&#8217;lar\u0131n Taraf\u0131&#8217;nda ge\u00e7en bir sahneyle ilgili yapt\u0131\u011f\u0131 derinlemesine analiz, tiyatro metaforuna yaslanarak, i\u00e7imizde sahne alan kendiliklerin yaratt\u0131\u011f\u0131 sonu gelmez \u00e7oklu\u011fu t\u00fcm giriftli\u011fiyle ortaya koyar.<\/p>\n","protected":false},"excerpt":{"rendered":"<p>\u00dclkemizde daha \u00e7ok yaz\u0131nbilimsel \u00e7al\u0131\u015fmalar\u0131yla tan\u0131nan Tzvetan Todorov, \u00f6lmeden \u00f6nce yapt\u0131\u011f\u0131 bir s\u00f6yle\u015fisinde kendisini esasen bir d\u00fc\u015f\u00fcnce tarih\u00e7isi olarak g\u00f6rd\u00fc\u011f\u00fcn\u00fc belirtir. Bat\u0131 felsefe tarihinde uzun zamand\u0131r<span class=\"excerpt-hellip\"> [\u2026]<\/span><\/p>\n","protected":false},"featured_media":0,"template":"","meta":{"_monsterinsights_skip_tracking":false,"_monsterinsights_sitenote_active":false,"_monsterinsights_sitenote_note":"","_monsterinsights_sitenote_category":0},"product_brand":[],"product_cat":[13072,12291],"product_tag":[],"class_list":{"0":"post-772356","1":"product","2":"type-product","3":"status-publish","5":"product_cat-arastirma-inceleme-referans","6":"product_cat-edebiyat","7":"pa_cilt-ciltsiz","8":"pa_tur-kitap","9":"pa_yayinevi-sel-yayincilik","10":"pa_yazar-tzvetan-todorov","12":"first","13":"instock","14":"sale","15":"shipping-taxable","16":"purchasable","17":"product-type-simple"},"_links":{"self":[{"href":"https:\/\/roveyayinevi.com.tr\/index.php\/wp-json\/wp\/v2\/product\/772356","targetHints":{"allow":["GET"]}}],"collection":[{"href":"https:\/\/roveyayinevi.com.tr\/index.php\/wp-json\/wp\/v2\/product"}],"about":[{"href":"https:\/\/roveyayinevi.com.tr\/index.php\/wp-json\/wp\/v2\/types\/product"}],"wp:attachment":[{"href":"https:\/\/roveyayinevi.com.tr\/index.php\/wp-json\/wp\/v2\/media?parent=772356"}],"wp:term":[{"taxonomy":"product_brand","embeddable":true,"href":"https:\/\/roveyayinevi.com.tr\/index.php\/wp-json\/wp\/v2\/product_brand?post=772356"},{"taxonomy":"product_cat","embeddable":true,"href":"https:\/\/roveyayinevi.com.tr\/index.php\/wp-json\/wp\/v2\/product_cat?post=772356"},{"taxonomy":"product_tag","embeddable":true,"href":"https:\/\/roveyayinevi.com.tr\/index.php\/wp-json\/wp\/v2\/product_tag?post=772356"}],"curies":[{"name":"wp","href":"https:\/\/api.w.org\/{rel}","templated":true}]}}