{"id":772355,"date":"2025-08-28T15:36:59","date_gmt":"2025-08-28T12:36:59","guid":{"rendered":"https:\/\/roveyayinevi.com.tr\/index.php\/urun\/kafkas-ruzgari\/"},"modified":"2026-04-15T03:38:45","modified_gmt":"2026-04-15T00:38:45","slug":"kafkas-ruzgari","status":"publish","type":"product","link":"https:\/\/roveyayinevi.com.tr\/index.php\/urun\/kafkas-ruzgari\/","title":{"rendered":"Kafkas R\u00fczgar\u0131"},"content":{"rendered":"<p>Baz\u0131 ac\u0131lar bir halk\u0131n de\u011fil, t\u00fcm insanl\u0131\u011f\u0131n y\u00fcre\u011fine kaz\u0131n\u0131r. Baz\u0131 ac\u0131lar as\u0131rlar boyunca kanamaya devam eder. Kafkas R\u00fczg\u00e2r\u0131, yaln\u0131zca \u00c7erkes halk\u0131n\u0131n de\u011fil, vatanlar\u0131ndan kopar\u0131lan, kimlikleri parampar\u00e7a edilen t\u00fcm s\u00fcrg\u00fcnlerin ortak hik\u00e2yesidir. Kanla yo\u011frulmu\u015f topraklardan, g\u00f6zya\u015f\u0131yla sulanm\u0131\u015f gemi g\u00fcvertelerine; A\u00e7l\u0131\u011f\u0131n, ayr\u0131l\u0131\u011f\u0131n ve \u00f6l\u00fcm\u00fcn kol gezdi\u011fi s\u00fcrg\u00fcn yollar\u0131nda; Bir annenin \u00e7ocuklar\u0131na tutunarak ya\u015fama direni\u015fi, Bir sava\u015f\u00e7\u0131n\u0131n kay\u0131p vatan\u0131na adad\u0131\u011f\u0131 suskun yemini, Ve b\u00fct\u00fcn bir halk\u0131n, belle\u011fini kaybetmemek i\u00e7in verdi\u011fi sessiz sava\u015f anlat\u0131l\u0131yor. Karlarla \u00f6rt\u00fcl\u00fc da\u011flar\u0131n g\u00f6lgesinde do\u011fup, ac\u0131mas\u0131z s\u00fcrg\u00fcn yollar\u0131nda savrulan hayatlar\u0131n destand\u0131r bu. Bir halk\u0131n, ge\u00e7mi\u015fe tutunarak gelece\u011fe direnme \u00e7abas\u0131. Bir annenin, \u00e7ocuklar\u0131n\u0131n g\u00f6zlerinde kalan son vatan par\u00e7as\u0131n\u0131 koruma sava\u015f\u0131. Bir sava\u015f\u00e7\u0131n\u0131n, yaln\u0131zca k\u0131l\u0131c\u0131yla de\u011fil, y\u00fcre\u011fiyle verdi\u011fi m\u00fccadele. Bu romanda, zaman\u0131n \u00f6tesinden esen bir a\u011f\u0131t gibi, kay\u0131p yurtlar\u0131n s\u0131z\u0131s\u0131n\u0131, savrulan k\u00f6klerin isyan\u0131n\u0131 ve umudun, en karanl\u0131k f\u0131rt\u0131nalarda bile s\u00f6nmeyen ate\u015fini duyacaks\u0131n\u0131z. Kafkas R\u00fczg\u00e2r\u0131, yaln\u0131zca ge\u00e7mi\u015fin yas\u0131n\u0131 de\u011fil, insan onurunun ve direncinin \u00f6l\u00fcms\u00fcz zaferini anlat\u0131yor. \u00c7\u00fcnk\u00fc ger\u00e7ek vatan, sadece topra\u011fa de\u011fil, kalplere de kaz\u0131nm\u0131\u015ft\u0131r. Ve ger\u00e7ek direni\u015f, en a\u011f\u0131r y\u0131k\u0131mlar\u0131n ortas\u0131nda bile ayakta kalabilmektir. <\/p>\n","protected":false},"excerpt":{"rendered":"<p>Baz\u0131 ac\u0131lar bir halk\u0131n de\u011fil, t\u00fcm insanl\u0131\u011f\u0131n y\u00fcre\u011fine kaz\u0131n\u0131r. Baz\u0131 ac\u0131lar as\u0131rlar boyunca kanamaya devam eder. Kafkas R\u00fczg\u00e2r\u0131, yaln\u0131zca \u00c7erkes halk\u0131n\u0131n de\u011fil, vatanlar\u0131ndan kopar\u0131lan, kimlikleri parampar\u00e7a<span class=\"excerpt-hellip\"> [\u2026]<\/span><\/p>\n","protected":false},"featured_media":0,"template":"","meta":{"_monsterinsights_skip_tracking":false,"_monsterinsights_sitenote_active":false,"_monsterinsights_sitenote_note":"","_monsterinsights_sitenote_category":0},"product_brand":[],"product_cat":[12291,12711],"product_tag":[],"class_list":{"0":"post-772355","1":"product","2":"type-product","3":"status-publish","5":"product_cat-edebiyat","6":"product_cat-roman-oyku","7":"pa_cilt-ciltsiz","8":"pa_tur-kitap","9":"pa_yayinevi-vaveyla-yayincilik","10":"pa_yazar-mehmet-demir","12":"first","13":"instock","14":"sale","15":"shipping-taxable","16":"purchasable","17":"product-type-simple"},"_links":{"self":[{"href":"https:\/\/roveyayinevi.com.tr\/index.php\/wp-json\/wp\/v2\/product\/772355","targetHints":{"allow":["GET"]}}],"collection":[{"href":"https:\/\/roveyayinevi.com.tr\/index.php\/wp-json\/wp\/v2\/product"}],"about":[{"href":"https:\/\/roveyayinevi.com.tr\/index.php\/wp-json\/wp\/v2\/types\/product"}],"wp:attachment":[{"href":"https:\/\/roveyayinevi.com.tr\/index.php\/wp-json\/wp\/v2\/media?parent=772355"}],"wp:term":[{"taxonomy":"product_brand","embeddable":true,"href":"https:\/\/roveyayinevi.com.tr\/index.php\/wp-json\/wp\/v2\/product_brand?post=772355"},{"taxonomy":"product_cat","embeddable":true,"href":"https:\/\/roveyayinevi.com.tr\/index.php\/wp-json\/wp\/v2\/product_cat?post=772355"},{"taxonomy":"product_tag","embeddable":true,"href":"https:\/\/roveyayinevi.com.tr\/index.php\/wp-json\/wp\/v2\/product_tag?post=772355"}],"curies":[{"name":"wp","href":"https:\/\/api.w.org\/{rel}","templated":true}]}}