{"id":772351,"date":"2025-08-28T15:36:52","date_gmt":"2025-08-28T12:36:52","guid":{"rendered":"https:\/\/roveyayinevi.com.tr\/index.php\/urun\/yasama-yansiyanlar\/"},"modified":"2026-04-15T03:38:45","modified_gmt":"2026-04-15T00:38:45","slug":"yasama-yansiyanlar","status":"publish","type":"product","link":"https:\/\/roveyayinevi.com.tr\/index.php\/urun\/yasama-yansiyanlar\/","title":{"rendered":"Ya\u015fama Yans\u0131yanlar"},"content":{"rendered":"<p>Ya\u015fama Yans\u0131yanlar, yaln\u0131zca kim oldu\u011fumuzu de\u011fil, neye d\u00f6n\u00fc\u015ft\u00fc\u011f\u00fcm\u00fcz\u00fc de g\u00f6sterir. \u0130nsan, i\u00e7 d\u00fcnyas\u0131n\u0131n bir aynas\u0131d\u0131r. \u0130nsano\u011flu, d\u00fc\u015f\u00fcnce g\u00fcc\u00fcn\u00fcn her \u015feyin \u00fcstesinden gelebilece\u011fini fark etti\u011finden beri, ya\u015fam\u0131n\u0131 y\u00f6netebilece\u011fini de ke\u015ffetmi\u015ftir. Ac\u0131, hayal, h\u00fcz\u00fcn, sevgi, mutluluk, itibar ya da yaln\u0131zl\u0131k&#8230; Hayata yans\u0131yan t\u00fcm duygular, bu eserde kelimelere d\u00f6n\u00fc\u015f\u00fcyor. Bilin\u00e7alt\u0131m\u0131zda olu\u015fanlar\u0131n hayat\u0131m\u0131za nas\u0131l y\u00f6n verdi\u011fini ve gelece\u011fimizde yeni ufuklar a\u00e7abilecek alternatiflerin nas\u0131l de\u011ferlendirilece\u011fini g\u00f6steren bu kitap, okurda derin bir fark\u0131ndal\u0131k yaratmay\u0131 ama\u00e7l\u0131yor. Bir bak\u0131\u015f, bir s\u00f6z, bir duru\u015f&#8230; Bazen tek bir hareket, kalpte y\u0131llarca biriktirilmi\u015f duygular\u0131n izini ta\u015f\u0131r. Kimi zaman g\u00fcl\u00fcmseyen bir y\u00fcz, i\u00e7teki f\u0131rt\u0131nay\u0131 gizler. Kimi zamansa bir suskunluk, i\u00e7sel huzurun habercisidir. Bu y\u00fczden insan, \u00f6nce kendi i\u00e7ini ayd\u0131nlatmal\u0131. \u00c7\u00fcnk\u00fc i\u00e7i karanl\u0131k olan biri, d\u0131\u015f\u0131na \u0131\u015f\u0131k sa\u00e7amaz. Ya\u015fam, i\u00e7imizde ne varsa onun bir yans\u0131mas\u0131d\u0131r.   Ara\u015ft\u0131rmac\u0131 Yazar \/ Ya\u015fam Ko\u00e7u Volkan Ya\u015far Berber <\/p>\n","protected":false},"excerpt":{"rendered":"<p>Ya\u015fama Yans\u0131yanlar, yaln\u0131zca kim oldu\u011fumuzu de\u011fil, neye d\u00f6n\u00fc\u015ft\u00fc\u011f\u00fcm\u00fcz\u00fc de g\u00f6sterir. \u0130nsan, i\u00e7 d\u00fcnyas\u0131n\u0131n bir aynas\u0131d\u0131r. \u0130nsano\u011flu, d\u00fc\u015f\u00fcnce g\u00fcc\u00fcn\u00fcn her \u015feyin \u00fcstesinden gelebilece\u011fini fark etti\u011finden beri, ya\u015fam\u0131n\u0131<span class=\"excerpt-hellip\"> [\u2026]<\/span><\/p>\n","protected":false},"featured_media":0,"template":"","meta":{"_monsterinsights_skip_tracking":false,"_monsterinsights_sitenote_active":false,"_monsterinsights_sitenote_note":"","_monsterinsights_sitenote_category":0},"product_brand":[],"product_cat":[12364,12376],"product_tag":[],"class_list":{"0":"post-772351","1":"product","2":"type-product","3":"status-publish","5":"product_cat-genel-konular","6":"product_cat-kisisel-gelisim","7":"pa_cilt-ciltsiz","8":"pa_tur-kitap","9":"pa_yayinevi-ugi","10":"pa_yazar-volkan-yasar-berber","12":"first","13":"instock","14":"sale","15":"shipping-taxable","16":"purchasable","17":"product-type-simple"},"_links":{"self":[{"href":"https:\/\/roveyayinevi.com.tr\/index.php\/wp-json\/wp\/v2\/product\/772351","targetHints":{"allow":["GET"]}}],"collection":[{"href":"https:\/\/roveyayinevi.com.tr\/index.php\/wp-json\/wp\/v2\/product"}],"about":[{"href":"https:\/\/roveyayinevi.com.tr\/index.php\/wp-json\/wp\/v2\/types\/product"}],"wp:attachment":[{"href":"https:\/\/roveyayinevi.com.tr\/index.php\/wp-json\/wp\/v2\/media?parent=772351"}],"wp:term":[{"taxonomy":"product_brand","embeddable":true,"href":"https:\/\/roveyayinevi.com.tr\/index.php\/wp-json\/wp\/v2\/product_brand?post=772351"},{"taxonomy":"product_cat","embeddable":true,"href":"https:\/\/roveyayinevi.com.tr\/index.php\/wp-json\/wp\/v2\/product_cat?post=772351"},{"taxonomy":"product_tag","embeddable":true,"href":"https:\/\/roveyayinevi.com.tr\/index.php\/wp-json\/wp\/v2\/product_tag?post=772351"}],"curies":[{"name":"wp","href":"https:\/\/api.w.org\/{rel}","templated":true}]}}