{"id":772349,"date":"2025-08-28T15:36:48","date_gmt":"2025-08-28T12:36:48","guid":{"rendered":"https:\/\/roveyayinevi.com.tr\/index.php\/urun\/suyun-gucu\/"},"modified":"2026-04-15T03:38:45","modified_gmt":"2026-04-15T00:38:45","slug":"suyun-gucu","status":"publish","type":"product","link":"https:\/\/roveyayinevi.com.tr\/index.php\/urun\/suyun-gucu\/","title":{"rendered":"Suyun G\u00fcc\u00fc"},"content":{"rendered":"<p>Suyun G\u00fcc\u00fc, bir insan\u0131n kendini, suyun manevi g\u00fcc\u00fcyle nas\u0131l d\u00f6n\u00fc\u015ft\u00fcrd\u00fc\u011f\u00fcn\u00fcn hik\u00e2yesini anlat\u0131r. Ki\u015finin kalbindeki derin yaralar\u0131 nas\u0131l iyile\u015ftirdi\u011finden bahseder. Ayr\u0131ca toplumda kad\u0131n olman\u0131n verdi\u011fi zorluklar anlat\u0131l\u0131r. Kad\u0131n\u0131n cesareti ve dik duru\u015fuyla, ailesinin bile fikirlerinin nas\u0131l de\u011fi\u015fti\u011finden bahseder, Suyun G\u00fcc\u00fc. Umar\u0131m okurken kendinizden bir \u015feyler bulabilirsiniz. Bazen hepimizin i\u00e7sel d\u00f6n\u00fc\u015f\u00fcme ihtiyac\u0131 vard\u0131r. Sevgilerle, keyifli okumalar. <\/p>\n","protected":false},"excerpt":{"rendered":"<p>Suyun G\u00fcc\u00fc, bir insan\u0131n kendini, suyun manevi g\u00fcc\u00fcyle nas\u0131l d\u00f6n\u00fc\u015ft\u00fcrd\u00fc\u011f\u00fcn\u00fcn hik\u00e2yesini anlat\u0131r. Ki\u015finin kalbindeki derin yaralar\u0131 nas\u0131l iyile\u015ftirdi\u011finden bahseder. Ayr\u0131ca toplumda kad\u0131n olman\u0131n verdi\u011fi zorluklar anlat\u0131l\u0131r.<span class=\"excerpt-hellip\"> [\u2026]<\/span><\/p>\n","protected":false},"featured_media":0,"template":"","meta":{"_monsterinsights_skip_tracking":false,"_monsterinsights_sitenote_active":false,"_monsterinsights_sitenote_note":"","_monsterinsights_sitenote_category":0},"product_brand":[],"product_cat":[12291,14777],"product_tag":[],"class_list":{"0":"post-772349","1":"product","2":"type-product","3":"status-publish","5":"product_cat-edebiyat","6":"product_cat-fantastik","7":"pa_cilt-ciltsiz","8":"pa_tur-kitap","9":"pa_yayinevi-kitap-muptelasi-yayinlari","10":"pa_yazar-sevcan-ekmekci","12":"first","13":"instock","14":"sale","15":"shipping-taxable","16":"purchasable","17":"product-type-simple"},"_links":{"self":[{"href":"https:\/\/roveyayinevi.com.tr\/index.php\/wp-json\/wp\/v2\/product\/772349","targetHints":{"allow":["GET"]}}],"collection":[{"href":"https:\/\/roveyayinevi.com.tr\/index.php\/wp-json\/wp\/v2\/product"}],"about":[{"href":"https:\/\/roveyayinevi.com.tr\/index.php\/wp-json\/wp\/v2\/types\/product"}],"wp:attachment":[{"href":"https:\/\/roveyayinevi.com.tr\/index.php\/wp-json\/wp\/v2\/media?parent=772349"}],"wp:term":[{"taxonomy":"product_brand","embeddable":true,"href":"https:\/\/roveyayinevi.com.tr\/index.php\/wp-json\/wp\/v2\/product_brand?post=772349"},{"taxonomy":"product_cat","embeddable":true,"href":"https:\/\/roveyayinevi.com.tr\/index.php\/wp-json\/wp\/v2\/product_cat?post=772349"},{"taxonomy":"product_tag","embeddable":true,"href":"https:\/\/roveyayinevi.com.tr\/index.php\/wp-json\/wp\/v2\/product_tag?post=772349"}],"curies":[{"name":"wp","href":"https:\/\/api.w.org\/{rel}","templated":true}]}}