{"id":772347,"date":"2025-08-28T15:36:45","date_gmt":"2025-08-28T12:36:45","guid":{"rendered":"https:\/\/roveyayinevi.com.tr\/index.php\/urun\/sessiz-gidis\/"},"modified":"2026-04-15T03:38:45","modified_gmt":"2026-04-15T00:38:45","slug":"sessiz-gidis","status":"publish","type":"product","link":"https:\/\/roveyayinevi.com.tr\/index.php\/urun\/sessiz-gidis\/","title":{"rendered":"Sessiz Gidi\u015f"},"content":{"rendered":"<p>Ben buradayd\u0131m. Her sabah ayn\u0131 saat, ayn\u0131 masa, ayn\u0131 m\u00fccadele! Kimse sormad\u0131 \u201c\u0130yi misin?\u201d diye. Kimse bakmad\u0131 \u201cNe ta\u015f\u0131yorsun i\u00e7inde?\u201d diye. Alk\u0131\u015flar ba\u015fkalar\u0131na, y\u00fckler susanlara kald\u0131. \u201cSessiz Gidi\u015f\u201d g\u00f6r\u00fcnmeyenlerin, unutulanlar\u0131n ama asla vazge\u00e7meyenlerin hik\u00e2yesi. E\u011fer bir g\u00fcn sessizce sava\u015f verdiysen, i\u00e7ten i\u00e7e eksildi\u011fini hissettiysen, Bil ki bu hik\u00e2yede senin izlerin var. Ben buradayd\u0131m. Siz bakmad\u0131n\u0131z. Ama ben kendime bakmay\u0131 \u00f6\u011frendim. <\/p>\n","protected":false},"excerpt":{"rendered":"<p>Ben buradayd\u0131m. Her sabah ayn\u0131 saat, ayn\u0131 masa, ayn\u0131 m\u00fccadele! Kimse sormad\u0131 \u201c\u0130yi misin?\u201d diye. Kimse bakmad\u0131 \u201cNe ta\u015f\u0131yorsun i\u00e7inde?\u201d diye. Alk\u0131\u015flar ba\u015fkalar\u0131na, y\u00fckler susanlara kald\u0131.<span class=\"excerpt-hellip\"> [\u2026]<\/span><\/p>\n","protected":false},"featured_media":0,"template":"","meta":{"_monsterinsights_skip_tracking":false,"_monsterinsights_sitenote_active":false,"_monsterinsights_sitenote_note":"","_monsterinsights_sitenote_category":0},"product_brand":[],"product_cat":[13043,17647],"product_tag":[],"class_list":{"0":"post-772347","1":"product","2":"type-product","3":"status-publish","5":"product_cat-ekonomi","6":"product_cat-is-dunyasi","7":"pa_cilt-ciltsiz","8":"pa_tur-kitap","9":"pa_yayinevi-kmd-yayinlari","10":"pa_yazar-serkan-yalcin","12":"first","13":"instock","14":"sale","15":"shipping-taxable","16":"purchasable","17":"product-type-simple"},"_links":{"self":[{"href":"https:\/\/roveyayinevi.com.tr\/index.php\/wp-json\/wp\/v2\/product\/772347","targetHints":{"allow":["GET"]}}],"collection":[{"href":"https:\/\/roveyayinevi.com.tr\/index.php\/wp-json\/wp\/v2\/product"}],"about":[{"href":"https:\/\/roveyayinevi.com.tr\/index.php\/wp-json\/wp\/v2\/types\/product"}],"wp:attachment":[{"href":"https:\/\/roveyayinevi.com.tr\/index.php\/wp-json\/wp\/v2\/media?parent=772347"}],"wp:term":[{"taxonomy":"product_brand","embeddable":true,"href":"https:\/\/roveyayinevi.com.tr\/index.php\/wp-json\/wp\/v2\/product_brand?post=772347"},{"taxonomy":"product_cat","embeddable":true,"href":"https:\/\/roveyayinevi.com.tr\/index.php\/wp-json\/wp\/v2\/product_cat?post=772347"},{"taxonomy":"product_tag","embeddable":true,"href":"https:\/\/roveyayinevi.com.tr\/index.php\/wp-json\/wp\/v2\/product_tag?post=772347"}],"curies":[{"name":"wp","href":"https:\/\/api.w.org\/{rel}","templated":true}]}}