{"id":772343,"date":"2025-08-28T15:36:37","date_gmt":"2025-08-28T12:36:37","guid":{"rendered":"https:\/\/roveyayinevi.com.tr\/index.php\/urun\/kayip-silahlar-ve-hayatlar\/"},"modified":"2026-04-15T03:38:45","modified_gmt":"2026-04-15T00:38:45","slug":"kayip-silahlar-ve-hayatlar","status":"publish","type":"product","link":"https:\/\/roveyayinevi.com.tr\/index.php\/urun\/kayip-silahlar-ve-hayatlar\/","title":{"rendered":"Kay\u0131p Silahlar ve Hayatlar"},"content":{"rendered":"<p>Bu sayfalar, kar\u015f\u0131 kar\u015f\u0131ya oldu\u011fumuz b\u00fcy\u00fck bir tehlikenin fark\u0131na varmam\u0131z ve \u00f6nlem almam\u0131z i\u00e7in y\u0131llard\u0131r s\u00fcregelen bir m\u00fccadelenin s\u00f6zc\u00fckleri. Bu sayfalar; tuttu\u011fumuzda belki y\u00fckte hafiftir ama okumaya ba\u015flad\u0131\u011f\u0131m\u0131zda gittik\u00e7e a\u011f\u0131rla\u015facakt\u0131r. Kay\u0131p Silahlar ve Hayatlar; Bir an \u00f6nce sahip olmam\u0131z gereken toplumsal fark\u0131ndal\u0131\u011fa davettir. Mehmet T\u00fcm; i\u00e7inde bulundu\u011fumuz karanl\u0131\u011f\u0131n, korku ve su\u00e7 unsurlar\u0131n\u0131n ya\u015fant\u0131m\u0131za nas\u0131l etki etti\u011fini belgelerle, ya\u015fanm\u0131\u015fl\u0131klarla ve apa\u00e7\u0131k bir dille okurun dikkatine sunuyor. Y\u0131llard\u0131r mecliste ve sivil toplum kurulu\u015flar\u0131yla birlikte verdi\u011fi m\u00fccadele sonras\u0131 raporlad\u0131\u011f\u0131 ger\u00e7eklerin toplumun k\u0131sa s\u00fcrede nas\u0131l d\u00f6n\u00fc\u015ft\u00fcr\u00fclebilece\u011finin evrensel bir yakla\u015f\u0131mla g\u00f6steriyor. Adaletin, hakk\u0131n, hukukun serbest d\u00fc\u015f\u00fc\u015fte oldu\u011fu co\u011frafyalarda, namlular \u0131\u015f\u0131\u011f\u0131 s\u0131rt\u0131na al\u0131p, g\u00f6lgelerini insan hayatlar\u0131na d\u00fc\u015f\u00fcr\u00fcr. Sonu\u00e7ta hayatlar kaybolur, d\u00fc\u015fler kaybolur, umut kaybolur. \u201cKAYIP\u201d en \u00e7ok duydu\u011fumuz s\u00f6zc\u00fck olur. <\/p>\n","protected":false},"excerpt":{"rendered":"<p>Bu sayfalar, kar\u015f\u0131 kar\u015f\u0131ya oldu\u011fumuz b\u00fcy\u00fck bir tehlikenin fark\u0131na varmam\u0131z ve \u00f6nlem almam\u0131z i\u00e7in y\u0131llard\u0131r s\u00fcregelen bir m\u00fccadelenin s\u00f6zc\u00fckleri. Bu sayfalar; tuttu\u011fumuzda belki y\u00fckte hafiftir ama<span class=\"excerpt-hellip\"> [\u2026]<\/span><\/p>\n","protected":false},"featured_media":0,"template":"","meta":{"_monsterinsights_skip_tracking":false,"_monsterinsights_sitenote_active":false,"_monsterinsights_sitenote_note":"","_monsterinsights_sitenote_category":0},"product_brand":[],"product_cat":[13590,12337],"product_tag":[],"class_list":{"0":"post-772343","1":"product","2":"type-product","3":"status-publish","5":"product_cat-arastirma-inceleme-politika-siyaset","6":"product_cat-politika-siyaset","7":"pa_cilt-ciltsiz","8":"pa_tur-kitap","9":"pa_yayinevi-sinirsiz-kitap","10":"pa_yazar-mehmet-tum","12":"first","13":"instock","14":"sale","15":"shipping-taxable","16":"purchasable","17":"product-type-simple"},"_links":{"self":[{"href":"https:\/\/roveyayinevi.com.tr\/index.php\/wp-json\/wp\/v2\/product\/772343","targetHints":{"allow":["GET"]}}],"collection":[{"href":"https:\/\/roveyayinevi.com.tr\/index.php\/wp-json\/wp\/v2\/product"}],"about":[{"href":"https:\/\/roveyayinevi.com.tr\/index.php\/wp-json\/wp\/v2\/types\/product"}],"wp:attachment":[{"href":"https:\/\/roveyayinevi.com.tr\/index.php\/wp-json\/wp\/v2\/media?parent=772343"}],"wp:term":[{"taxonomy":"product_brand","embeddable":true,"href":"https:\/\/roveyayinevi.com.tr\/index.php\/wp-json\/wp\/v2\/product_brand?post=772343"},{"taxonomy":"product_cat","embeddable":true,"href":"https:\/\/roveyayinevi.com.tr\/index.php\/wp-json\/wp\/v2\/product_cat?post=772343"},{"taxonomy":"product_tag","embeddable":true,"href":"https:\/\/roveyayinevi.com.tr\/index.php\/wp-json\/wp\/v2\/product_tag?post=772343"}],"curies":[{"name":"wp","href":"https:\/\/api.w.org\/{rel}","templated":true}]}}