{"id":772341,"date":"2025-08-28T15:36:35","date_gmt":"2025-08-28T12:36:35","guid":{"rendered":"https:\/\/roveyayinevi.com.tr\/index.php\/urun\/karanlik-akademi\/"},"modified":"2026-03-16T03:22:47","modified_gmt":"2026-03-16T00:22:47","slug":"karanlik-akademi","status":"publish","type":"product","link":"https:\/\/roveyayinevi.com.tr\/index.php\/urun\/karanlik-akademi\/","title":{"rendered":"Karanl\u0131k Akademi"},"content":{"rendered":"<p>D\u00fcnya de\u011fi\u015fiyor. Ya \u00fcniversiteler? Kendisi de akademisyen olan Peter Fleming, ba\u015fta ABD ve \u0130ngiltere\u2019de b\u00fcy\u00fck ses getirmi\u015f bu \u00e7al\u0131\u015fmas\u0131nda, son yirmi y\u0131la damgas\u0131n\u0131 vuran neoliberal politikalar\u0131n y\u00fcksek e\u011fitim \u00fczerindeki etkisini incelerken ticarile\u015fen \u00fcniversite kurumunun karanl\u0131k y\u00fcz\u00fcn\u00fc ortaya koyuyor. \u201c2017\u2019de \u00e7ekilmi\u015f ve sosyal medyada h\u0131zla yay\u0131lm\u0131\u015f \u015fu Oregonlu golf\u00e7\u00fcler partisi foto\u011fraf\u0131n\u0131 an\u0131msar m\u0131s\u0131n\u0131z? Hani \u015fu yak\u0131n mesafede kontrol edilemeyen bir yang\u0131n \u00e7evresindeki her \u015feyi yutarken sakin sakin partilerinin tad\u0131n\u0131 \u00e7\u0131karan Oregonlu golf\u00e7\u00fclerin foto\u011fraf\u0131n\u0131? A\u011fa\u00e7lar\u0131n kavruldu\u011funu d\u00fc\u015f\u00fcn\u00fcn; her yer duman, pembe ve gri, k\u00fcl her \u015feyi bir kefen gibi \u00f6rt\u00fcyor; t\u00fcm do\u011fa \u00e7at\u0131rd\u0131yor sanki, inliyor ve nihayet son nefesini veriyor. Golf\u00e7\u00fclerse gams\u0131z, kendi i\u015flerine bak\u0131yor.\u201d Peter Fleming \u00fcniversitelerin b\u00f6yle bir yang\u0131nda kavrulmakta oldu\u011fu g\u00f6r\u00fc\u015f\u00fcnde. Ger\u00e7ekten de gams\u0131z golf\u00e7\u00fcler misali yang\u0131n\u0131 uzaktan ve tela\u015fs\u0131z izlemekle mi yetiniyoruz? \u00d6zel \u00fcniversitelerin \u015firketle\u015fmesinin ve devlet \u00fcniversitelerinin piyasan\u0131n ac\u0131mas\u0131z d\u00fcnyas\u0131 i\u00e7ine \u00e7ekilmesinin sonu\u00e7lar\u0131 nelerdir? \u00d6\u011frencileri ve e\u011fitimcileri neler bekliyor? Cesur yeni d\u00fcnyada, bildi\u011fimiz haliyle y\u00fcksek e\u011fitime yer var m\u0131? Fleming, k\u00e2h g\u00fcld\u00fcr\u00fcp k\u00e2h i\u00e7imizi ac\u0131tarak bizleri \u00fcniversitelerdeki, kamp\u00fcsler ve m\u00fcfredattaki, \u00f6\u011frencilerin ya\u015fant\u0131lar\u0131 ve gelecek d\u00fc\u015flerindeki yang\u0131n\u0131 g\u00f6rmeye \u00e7a\u011f\u0131r\u0131yor. \u00c7\u00fcnk\u00fc g\u00f6rmek s\u00f6nd\u00fcrmeye ba\u015flaman\u0131n ilk ad\u0131m\u0131\u2026 Peter Fleming, Sydney\u2019deki University of Technology\u2019de \u00d6rg\u00fctlenme \u00c7al\u0131\u015fmalar\u0131 profes\u00f6r\u00fcd\u00fcr.<\/p>\n","protected":false},"excerpt":{"rendered":"<p>D\u00fcnya de\u011fi\u015fiyor. Ya \u00fcniversiteler? Kendisi de akademisyen olan Peter Fleming, ba\u015fta ABD ve \u0130ngiltere\u2019de b\u00fcy\u00fck ses getirmi\u015f bu \u00e7al\u0131\u015fmas\u0131nda, son yirmi y\u0131la damgas\u0131n\u0131 vuran neoliberal politikalar\u0131n<span class=\"excerpt-hellip\"> [\u2026]<\/span><\/p>\n","protected":false},"featured_media":0,"template":"","meta":{"_monsterinsights_skip_tracking":false,"_monsterinsights_sitenote_active":false,"_monsterinsights_sitenote_note":"","_monsterinsights_sitenote_category":0},"product_brand":[],"product_cat":[12325,12324],"product_tag":[],"class_list":{"0":"post-772341","1":"product","2":"type-product","3":"status-publish","5":"product_cat-diger-sosyoloji","6":"product_cat-sosyoloji","7":"pa_cilt-ciltsiz","8":"pa_tur-kitap","9":"pa_yayinevi-koc-universitesi-yayinlari","10":"pa_yazar-peter-fleming","12":"first","13":"instock","14":"sale","15":"shipping-taxable","16":"purchasable","17":"product-type-simple"},"_links":{"self":[{"href":"https:\/\/roveyayinevi.com.tr\/index.php\/wp-json\/wp\/v2\/product\/772341","targetHints":{"allow":["GET"]}}],"collection":[{"href":"https:\/\/roveyayinevi.com.tr\/index.php\/wp-json\/wp\/v2\/product"}],"about":[{"href":"https:\/\/roveyayinevi.com.tr\/index.php\/wp-json\/wp\/v2\/types\/product"}],"wp:attachment":[{"href":"https:\/\/roveyayinevi.com.tr\/index.php\/wp-json\/wp\/v2\/media?parent=772341"}],"wp:term":[{"taxonomy":"product_brand","embeddable":true,"href":"https:\/\/roveyayinevi.com.tr\/index.php\/wp-json\/wp\/v2\/product_brand?post=772341"},{"taxonomy":"product_cat","embeddable":true,"href":"https:\/\/roveyayinevi.com.tr\/index.php\/wp-json\/wp\/v2\/product_cat?post=772341"},{"taxonomy":"product_tag","embeddable":true,"href":"https:\/\/roveyayinevi.com.tr\/index.php\/wp-json\/wp\/v2\/product_tag?post=772341"}],"curies":[{"name":"wp","href":"https:\/\/api.w.org\/{rel}","templated":true}]}}