{"id":772340,"date":"2025-08-28T15:36:33","date_gmt":"2025-08-28T12:36:33","guid":{"rendered":"https:\/\/roveyayinevi.com.tr\/index.php\/urun\/misyon-ekonomisi\/"},"modified":"2026-04-15T03:38:45","modified_gmt":"2026-04-15T00:38:45","slug":"misyon-ekonomisi","status":"publish","type":"product","link":"https:\/\/roveyayinevi.com.tr\/index.php\/urun\/misyon-ekonomisi\/","title":{"rendered":"Misyon Ekonomisi"},"content":{"rendered":"<p>\u201cBu kitap devlet hakk\u0131nda m\u0131, yoksa kapitalizm hakk\u0131nda m\u0131?\u201d Avrupa Birli\u011fi\u2019nde ve \u0130ngiltere h\u00fck\u00fcmetinde siyasete y\u00f6n verenlerle \u00e7al\u0131\u015fan Mariana Mazzucato, kendi sordu\u011fu soruyu, \u201cHer ikisi hakk\u0131nda da,\u201d diyerek yan\u0131tl\u0131yor. Misyon Ekonomisi y\u00f6netme ve i\u015fletme becerisinin ge\u00e7ti\u011fimiz k\u0131rk y\u0131lda zay\u0131flad\u0131\u011f\u0131 saptamas\u0131n\u0131 \u00e7\u0131k\u0131\u015f noktas\u0131 olarak al\u0131yor ve \u00f6nce ezberimizi bozuyor. Verimlili\u011fin ancak \u00f6zel sekt\u00f6rde yakalanabilece\u011fi tezi do\u011fru mudur? Peki ya, devletin ekonomiye her t\u00fcrl\u00fc m\u00fcdahalesinin zararl\u0131 oldu\u011fu tezi? Mazzucato ekonomi alan\u0131nda hepimizin ezberine girmi\u015f mitleri \u00e7\u00fcr\u00fct\u00fcrken, devletlerin ge\u00e7mi\u015fteki c\u00fcretli yat\u0131r\u0131mlar\u0131n\u0131 ve ba\u015far\u0131lar\u0131n\u0131 hat\u0131rlatarak kapitalizm-devlet ili\u015fkisini hem ge\u00e7mi\u015ften hem g\u00fcn\u00fcm\u00fczden \u00f6rneklerle yeniden masaya yat\u0131r\u0131yor. Ay\u2019a gidi\u015f nas\u0131l m\u00fcmk\u00fcn oldu? Nas\u0131l bir kamu-\u00f6zel sekt\u00f6r i\u015f birli\u011fi kurulmas\u0131n\u0131 gerektirdi? Kamu kurumlar\u0131n\u0131n ve devletin, bu misyonu cesaretle benimsemesi \u00f6zel sekt\u00f6re, teknolojik at\u0131l\u0131ma, kamuya neler kazand\u0131rd\u0131? Nihayetinde, sa\u011fl\u0131k, ula\u015f\u0131m, Ye\u015fil D\u00f6n\u00fc\u015f\u00fcm gibi alanlarda misyon anlay\u0131\u015f\u0131 gelece\u011fin kapitalizmini \u015fekillendirebilir mi? Mazzucato, Misyon Ekonomisi\u2019nde devleti yeniden g\u00f6zden ge\u00e7irmenin neden kapitalizmi yeniden g\u00f6zden ge\u00e7irmek anlam\u0131na geldi\u011fini anlat\u0131yor ve ekonomide korumac\u0131 politikalar tart\u0131\u015fmas\u0131n\u0131 yeniden g\u00fcndeme getiren yeni d\u00f6nemin ekonomik gereklerine \u0131\u015f\u0131k tutuyor. Mariana Mazzucato, University College London\u2019da Yenilik ve Kamu De\u011feri Ekonomisi dersleri vermekte; ayn\u0131 \u00fcniversitenin Yenilik ve Kamu Yarar\u0131 Enstit\u00fcs\u00fc\u2019n\u00fcn (IIPP) kurucu direkt\u00f6r\u00fcd\u00fcr.<\/p>\n","protected":false},"excerpt":{"rendered":"<p>\u201cBu kitap devlet hakk\u0131nda m\u0131, yoksa kapitalizm hakk\u0131nda m\u0131?\u201d Avrupa Birli\u011fi\u2019nde ve \u0130ngiltere h\u00fck\u00fcmetinde siyasete y\u00f6n verenlerle \u00e7al\u0131\u015fan Mariana Mazzucato, kendi sordu\u011fu soruyu, \u201cHer ikisi hakk\u0131nda<span class=\"excerpt-hellip\"> [\u2026]<\/span><\/p>\n","protected":false},"featured_media":0,"template":"","meta":{"_monsterinsights_skip_tracking":false,"_monsterinsights_sitenote_active":false,"_monsterinsights_sitenote_note":"","_monsterinsights_sitenote_category":0},"product_brand":[],"product_cat":[14841,13043],"product_tag":[],"class_list":{"0":"post-772340","1":"product","2":"type-product","3":"status-publish","5":"product_cat-arastirma-inceleme-kuram","6":"product_cat-ekonomi","7":"pa_cilt-ciltsiz","8":"pa_tur-kitap","9":"pa_yayinevi-koc-universitesi-yayinlari","10":"pa_yazar-mariana-mazzucato","12":"first","13":"instock","14":"sale","15":"shipping-taxable","16":"purchasable","17":"product-type-simple"},"_links":{"self":[{"href":"https:\/\/roveyayinevi.com.tr\/index.php\/wp-json\/wp\/v2\/product\/772340","targetHints":{"allow":["GET"]}}],"collection":[{"href":"https:\/\/roveyayinevi.com.tr\/index.php\/wp-json\/wp\/v2\/product"}],"about":[{"href":"https:\/\/roveyayinevi.com.tr\/index.php\/wp-json\/wp\/v2\/types\/product"}],"wp:attachment":[{"href":"https:\/\/roveyayinevi.com.tr\/index.php\/wp-json\/wp\/v2\/media?parent=772340"}],"wp:term":[{"taxonomy":"product_brand","embeddable":true,"href":"https:\/\/roveyayinevi.com.tr\/index.php\/wp-json\/wp\/v2\/product_brand?post=772340"},{"taxonomy":"product_cat","embeddable":true,"href":"https:\/\/roveyayinevi.com.tr\/index.php\/wp-json\/wp\/v2\/product_cat?post=772340"},{"taxonomy":"product_tag","embeddable":true,"href":"https:\/\/roveyayinevi.com.tr\/index.php\/wp-json\/wp\/v2\/product_tag?post=772340"}],"curies":[{"name":"wp","href":"https:\/\/api.w.org\/{rel}","templated":true}]}}