{"id":772339,"date":"2025-08-28T15:36:32","date_gmt":"2025-08-28T12:36:32","guid":{"rendered":"https:\/\/roveyayinevi.com.tr\/index.php\/urun\/karincalarin-dunyasi\/"},"modified":"2026-04-15T03:38:45","modified_gmt":"2026-04-15T00:38:45","slug":"karincalarin-dunyasi","status":"publish","type":"product","link":"https:\/\/roveyayinevi.com.tr\/index.php\/urun\/karincalarin-dunyasi\/","title":{"rendered":"Kar\u0131ncalar\u0131n D\u00fcnyas\u0131"},"content":{"rendered":"<p>D\u00fcnyan\u0131n en \u00f6nemli kar\u0131nca uzman\u0131 biyolog Edward O. Wilson, Alabama ormanlar\u0131ndaki \u00e7ocukluk ser\u00fcvenlerinden ba\u015flay\u0131p Brezilya\u2019n\u0131n ya\u011fmur ormanlar\u0131na yapt\u0131\u011f\u0131 tehlikeli yolculuklara dek uzanarak okurlara kar\u0131ncalarla ge\u00e7en koca bir \u00f6mr\u00fcn d\u00f6k\u00fcm\u00fcn\u00fc sunuyor. Bilimsel g\u00f6zlem ve \u00e7al\u0131\u015fmalar\u0131n\u0131 heyecan verici ki\u015fisel hik\u00e2yeler e\u015fli\u011finde anlatan Wilson, yirmi be\u015f kar\u0131nca t\u00fcr\u00fcne odaklanarak genetik \u00fcst\u00fcnl\u00fcklerle donanm\u0131\u015f bu minik canl\u0131lar\u0131n nas\u0131l \u201ckonu\u015ftu\u011funu\u201d, koku ve tat duyular\u0131n\u0131 nas\u0131l kulland\u0131\u011f\u0131n\u0131 ve en \u00f6nemlisi de bask\u0131nl\u0131klar\u0131n\u0131 kan\u0131tlamak i\u00e7in nas\u0131l sava\u015ft\u0131klar\u0131n\u0131 g\u00f6zler \u00f6n\u00fcne seriyor. Esprili g\u00f6zlemlerde bulunmaktan ka\u00e7\u0131nmayan Wilson, ate\u015f kar\u0131ncalar\u0131, ordu kar\u0131ncalar\u0131, yaprak kesici kar\u0131ncalar ve daha egzotik kar\u0131nca t\u00fcrleriyle olan kar\u015f\u0131la\u015fmalar\u0131n\u0131 veciz bir dille tasvir ediyor. Anlatt\u0131\u011f\u0131 egzotik t\u00fcrler aras\u0131ndaysa, Afrika\u2019n\u0131n en vah\u015fi sava\u015f\u00e7\u0131 kar\u0131ncalar\u0131 olan, di\u015fileri \u00e7enelerinin aras\u0131nda tek seferde on be\u015f termit birden ta\u015f\u0131yabilen (ve Wilson\u2019\u0131n bizzat deneyimledi\u011fi \u00fczere, m\u00fcthi\u015f ac\u0131 verici i\u011fneleri bulunan) \u00e7ok ender Matabele kar\u0131ncalar\u0131; d\u00fcnyan\u0131n en yava\u015f kar\u0131ncalar\u0131 say\u0131lan Kosta Rika\u2019n\u0131n Basicero kar\u0131ncalar\u0131 ile yirmi y\u0131ld\u0131r soylar\u0131n\u0131n t\u00fckendi\u011fi san\u0131l\u0131rken Wilson\u2019\u0131n 2011\u2019de yeniden ke\u015ffetti\u011fi, Yeni Kaledonya\u2019n\u0131n bo\u011fa kar\u0131ncalar\u0131 yer al\u0131yor. \u00c7e\u015fitli kar\u0131nca t\u00fcrlerinin Kristen Orr taraf\u0131ndan yap\u0131lm\u0131\u015f enfes \u00e7izimleri ve Wilson\u2019\u0131n d\u00fcnyan\u0131n d\u00f6rt bir yan\u0131na yapt\u0131\u011f\u0131 ke\u015fif gezileri s\u0131ras\u0131nda \u00e7ekilmi\u015f foto\u011fraflar sayesinde zengin bir g\u00f6rsellik de sunan Kar\u0131ncalar\u0131n D\u00fcnyas\u0131, ya\u015fam\u0131\u015f en b\u00fcy\u00fck biliminsanlar\u0131 aras\u0131nda g\u00f6sterilen Wilson\u2019\u0131n kar\u0131ncalara dair b\u00fcy\u00fcleyici, zaman zaman da t\u00fcyleri diken diken eden ki\u015fisel anlat\u0131s\u0131 niteli\u011fini ta\u015f\u0131yor. Do\u011fay\u0131 seven herkesin okumaktan zevk alaca\u011f\u0131 bir kitap. Edward O. Wilson, Harvard \u00dcniversitesi\u2019nde k\u0131rk bir y\u0131l boyunca \u00f6\u011fretim \u00fcyeli\u011fi yapt\u0131. \u0130ki Pulitzer \u00f6d\u00fcl\u00fc sahibidir.<\/p>\n","protected":false},"excerpt":{"rendered":"<p>D\u00fcnyan\u0131n en \u00f6nemli kar\u0131nca uzman\u0131 biyolog Edward O. Wilson, Alabama ormanlar\u0131ndaki \u00e7ocukluk ser\u00fcvenlerinden ba\u015flay\u0131p Brezilya\u2019n\u0131n ya\u011fmur ormanlar\u0131na yapt\u0131\u011f\u0131 tehlikeli yolculuklara dek uzanarak okurlara kar\u0131ncalarla ge\u00e7en koca<span class=\"excerpt-hellip\"> [\u2026]<\/span><\/p>\n","protected":false},"featured_media":0,"template":"","meta":{"_monsterinsights_skip_tracking":false,"_monsterinsights_sitenote_active":false,"_monsterinsights_sitenote_note":"","_monsterinsights_sitenote_category":0},"product_brand":[],"product_cat":[13005,13010],"product_tag":[],"class_list":{"0":"post-772339","1":"product","2":"type-product","3":"status-publish","5":"product_cat-bilim-muhendislik","6":"product_cat-doga-bilimleri","7":"pa_cilt-ciltsiz","8":"pa_tur-kitap","9":"pa_yayinevi-koc-universitesi-yayinlari","10":"pa_yazar-edward-o-wilson","12":"first","13":"instock","14":"sale","15":"shipping-taxable","16":"purchasable","17":"product-type-simple"},"_links":{"self":[{"href":"https:\/\/roveyayinevi.com.tr\/index.php\/wp-json\/wp\/v2\/product\/772339","targetHints":{"allow":["GET"]}}],"collection":[{"href":"https:\/\/roveyayinevi.com.tr\/index.php\/wp-json\/wp\/v2\/product"}],"about":[{"href":"https:\/\/roveyayinevi.com.tr\/index.php\/wp-json\/wp\/v2\/types\/product"}],"wp:attachment":[{"href":"https:\/\/roveyayinevi.com.tr\/index.php\/wp-json\/wp\/v2\/media?parent=772339"}],"wp:term":[{"taxonomy":"product_brand","embeddable":true,"href":"https:\/\/roveyayinevi.com.tr\/index.php\/wp-json\/wp\/v2\/product_brand?post=772339"},{"taxonomy":"product_cat","embeddable":true,"href":"https:\/\/roveyayinevi.com.tr\/index.php\/wp-json\/wp\/v2\/product_cat?post=772339"},{"taxonomy":"product_tag","embeddable":true,"href":"https:\/\/roveyayinevi.com.tr\/index.php\/wp-json\/wp\/v2\/product_tag?post=772339"}],"curies":[{"name":"wp","href":"https:\/\/api.w.org\/{rel}","templated":true}]}}