{"id":772338,"date":"2025-08-28T15:36:30","date_gmt":"2025-08-28T12:36:30","guid":{"rendered":"https:\/\/roveyayinevi.com.tr\/index.php\/urun\/bilimin-dunyayi-aciklayisini-anlamak\/"},"modified":"2026-04-15T03:38:44","modified_gmt":"2026-04-15T00:38:44","slug":"bilimin-dunyayi-aciklayisini-anlamak","status":"publish","type":"product","link":"https:\/\/roveyayinevi.com.tr\/index.php\/urun\/bilimin-dunyayi-aciklayisini-anlamak\/","title":{"rendered":"Bilimin D\u00fcnyay\u0131 A\u00e7\u0131klay\u0131\u015f\u0131n\u0131 Anlamak"},"content":{"rendered":"<p>Bilim, d\u00fcnyay\u0131 ni\u00e7in a\u00e7\u0131klar? A\u00e7\u0131klama t\u00fcrleri nelerdir? Bilimsel a\u00e7\u0131klamalar ile g\u00fcndelik a\u00e7\u0131klamalar aras\u0131ndaki fark nedir? Bilimsel a\u00e7\u0131klamalar ile \u00f6ng\u00f6r\u00fcler aras\u0131nda nas\u0131l bir ili\u015fki var? A\u00e7\u0131klamalarda kullan\u0131lan teorik \u00fcst\u00fcnl\u00fckler nelerdir? Bir a\u00e7\u0131klamay\u0131 anlad\u0131\u011f\u0131m\u0131za emin olabilir miyiz? \u0130dealle\u015ftirmelerin bilimdeki yeri nedir? A\u00e7\u0131klamalar yoluyla bilimsel bilgiyi nas\u0131l yarat\u0131yoruz? \u201cBu sorulara cevap ararken, bilimsel a\u00e7\u0131klaman\u0131n niteli\u011finden, bilimsel anlamay\u0131 ve bilimsel bilgiyi yaratmada a\u00e7\u0131klamalar\u0131n nas\u0131l kullan\u0131ld\u0131\u011f\u0131na ve bilimsel a\u00e7\u0131klamalar\u0131 olu\u015fturmada idealle\u015ftirmenin rol\u00fcne kadar epey yol alaca\u011f\u0131z. Sahici i\u00e7g\u00f6r\u00fcler edinebilmek i\u00e7in bu meseleleri etrafl\u0131ca inceleyece\u011fiz. Bununla birlikte, ama\u00e7lar\u0131m\u0131z a\u00e7\u0131s\u0131ndan gereksiz ayr\u0131nt\u0131lara saplan\u0131p kalmaktan da ka\u00e7\u0131naca\u011f\u0131z. Yolculu\u011fumuzun sonuna vard\u0131\u011f\u0131m\u0131zda, bilimde a\u00e7\u0131klaman\u0131n rol\u00fcne ili\u015fkin berrak bir tablo ortaya \u00e7\u0131kacakt\u0131r. \u0130lerlerken bu meselelere ili\u015fkin \u00e7e\u015fitli yayg\u0131n yanl\u0131\u015f anlay\u0131\u015flar\u0131 ele al\u0131p a\u00e7\u0131kl\u0131\u011fa kavu\u015fturaca\u011f\u0131z. Bunlar\u0131n bir \u00f6zetini kitab\u0131n sonunda bulabilirsiniz. \u015eimdi bilimin d\u00fcnyay\u0131 a\u00e7\u0131klay\u0131\u015f\u0131n\u0131 ke\u015ffetmeye d\u00f6n\u00fck yolumuza devam edelim.\u201d Kevin McCain, Birmingham\u2019daki Alabama \u00dcniversitesi Felsefe B\u00f6l\u00fcm\u00fcnde \u00f6\u011fretim \u00fcyesidir.<\/p>\n","protected":false},"excerpt":{"rendered":"<p>Bilim, d\u00fcnyay\u0131 ni\u00e7in a\u00e7\u0131klar? A\u00e7\u0131klama t\u00fcrleri nelerdir? Bilimsel a\u00e7\u0131klamalar ile g\u00fcndelik a\u00e7\u0131klamalar aras\u0131ndaki fark nedir? Bilimsel a\u00e7\u0131klamalar ile \u00f6ng\u00f6r\u00fcler aras\u0131nda nas\u0131l bir ili\u015fki var? A\u00e7\u0131klamalarda kullan\u0131lan<span class=\"excerpt-hellip\"> [\u2026]<\/span><\/p>\n","protected":false},"featured_media":0,"template":"","meta":{"_monsterinsights_skip_tracking":false,"_monsterinsights_sitenote_active":false,"_monsterinsights_sitenote_note":"","_monsterinsights_sitenote_category":0},"product_brand":[],"product_cat":[13005,37328],"product_tag":[],"class_list":{"0":"post-772338","1":"product","2":"type-product","3":"status-publish","5":"product_cat-bilim-muhendislik","6":"product_cat-diger-bilim-muhendislik","7":"pa_cilt-ciltsiz","8":"pa_tur-kitap","9":"pa_yayinevi-koc-universitesi-yayinlari","10":"pa_yazar-kevin-mccain","12":"first","13":"instock","14":"sale","15":"shipping-taxable","16":"purchasable","17":"product-type-simple"},"_links":{"self":[{"href":"https:\/\/roveyayinevi.com.tr\/index.php\/wp-json\/wp\/v2\/product\/772338","targetHints":{"allow":["GET"]}}],"collection":[{"href":"https:\/\/roveyayinevi.com.tr\/index.php\/wp-json\/wp\/v2\/product"}],"about":[{"href":"https:\/\/roveyayinevi.com.tr\/index.php\/wp-json\/wp\/v2\/types\/product"}],"wp:attachment":[{"href":"https:\/\/roveyayinevi.com.tr\/index.php\/wp-json\/wp\/v2\/media?parent=772338"}],"wp:term":[{"taxonomy":"product_brand","embeddable":true,"href":"https:\/\/roveyayinevi.com.tr\/index.php\/wp-json\/wp\/v2\/product_brand?post=772338"},{"taxonomy":"product_cat","embeddable":true,"href":"https:\/\/roveyayinevi.com.tr\/index.php\/wp-json\/wp\/v2\/product_cat?post=772338"},{"taxonomy":"product_tag","embeddable":true,"href":"https:\/\/roveyayinevi.com.tr\/index.php\/wp-json\/wp\/v2\/product_tag?post=772338"}],"curies":[{"name":"wp","href":"https:\/\/api.w.org\/{rel}","templated":true}]}}