{"id":772335,"date":"2025-08-28T15:36:25","date_gmt":"2025-08-28T12:36:25","guid":{"rendered":"https:\/\/roveyayinevi.com.tr\/index.php\/urun\/kara-tahtanin-isigi-samiye-corak\/"},"modified":"2026-04-15T03:38:44","modified_gmt":"2026-04-15T00:38:44","slug":"kara-tahtanin-isigi-samiye-corak","status":"publish","type":"product","link":"https:\/\/roveyayinevi.com.tr\/index.php\/urun\/kara-tahtanin-isigi-samiye-corak\/","title":{"rendered":"Kara Tahtan\u0131n I\u015f\u0131\u011f\u0131 Samiye \u00c7orak"},"content":{"rendered":"<p>Bu eser, T\u00fcrk E\u011fitim Tarihi\u2019nin bir d\u00f6nemine \u0131\u015f\u0131k tutarken; s\u00f6zl\u00fc tarih, belge analizi ve pedagojik i\u00e7erik \u00e7\u00f6z\u00fcmlemeleri gibi \u00e7ok katmanl\u0131 bir y\u00f6ntemle haz\u0131rlanm\u0131\u015ft\u0131r. Elde edilen her bir bilgi, d\u00f6nemin e\u011fitim politikalar\u0131n\u0131n sahadaki yans\u0131malar\u0131na dair \u00f6nemli ipu\u00e7lar\u0131 vermektedir. Samiye \u00c7orak, Cumhuriyet\u2019in toplumsal d\u00f6n\u00fc\u015f\u00fcm misyonunu i\u00e7selle\u015ftirmi\u015f bir temsilcidir. Onun \u00f6\u011fretmenlik mesle\u011fine dair g\u00f6zlemleri, deneyimleri ve \u00f6zg\u00fcn uygulamalar\u0131, bug\u00fcn\u00fcn e\u011fitimcilerine de ilham verecek niteliktedir. Samiye \u00c7orak\u2019\u0131n hayat \u00f6yk\u00fcs\u00fc, bir \u00f6\u011fretmenin yaln\u0131zca s\u0131n\u0131fta de\u011fil; sokakta, evde, toplumsal hayatta da ne kadar etkin bir \u00f6zne olabilece\u011fini g\u00f6stermesi bak\u0131m\u0131ndan da anlaml\u0131d\u0131r. Erken ya\u015flardaki \u00f6\u011fretmenlik tecr\u00fcbesi, d\u00f6nemin \u00f6\u011fretmen a\u00e7\u0131\u011f\u0131n\u0131n kar\u015f\u0131lanmas\u0131na y\u00f6nelik \u00e7abalar ve toplumsal ihtiya\u00e7lar\u0131 da g\u00fcn y\u00fcz\u00fcne ta\u015f\u0131maktad\u0131r. S\u00f6zl\u00fc tarih verileri, Samiye \u00c7orak\u2019\u0131n pedagojik reflekslerinin yaln\u0131zca bir bilgi aktar\u0131m\u0131 ile s\u0131n\u0131rl\u0131 olmad\u0131\u011f\u0131n\u0131; ayn\u0131 zamanda k\u00fclt\u00fcrel s\u00fcreklilik, etik a\u00e7\u0131dan \u00f6rneklik ve toplumsal sorumlulukla harmanland\u0131\u011f\u0131n\u0131 da ortaya koymaktad\u0131r. <\/p>\n","protected":false},"excerpt":{"rendered":"<p>Bu eser, T\u00fcrk E\u011fitim Tarihi\u2019nin bir d\u00f6nemine \u0131\u015f\u0131k tutarken; s\u00f6zl\u00fc tarih, belge analizi ve pedagojik i\u00e7erik \u00e7\u00f6z\u00fcmlemeleri gibi \u00e7ok katmanl\u0131 bir y\u00f6ntemle haz\u0131rlanm\u0131\u015ft\u0131r. Elde edilen her<span class=\"excerpt-hellip\"> [\u2026]<\/span><\/p>\n","protected":false},"featured_media":0,"template":"","meta":{"_monsterinsights_skip_tracking":false,"_monsterinsights_sitenote_active":false,"_monsterinsights_sitenote_note":"","_monsterinsights_sitenote_category":0},"product_brand":[],"product_cat":[12573,12566],"product_tag":[],"class_list":{"0":"post-772335","1":"product","2":"type-product","3":"status-publish","5":"product_cat-akademik-kitaplar","6":"product_cat-egitim","7":"pa_cilt-ciltsiz","8":"pa_tur-kitap","9":"pa_yayinevi-soncag-akademik-kitaplar","10":"pa_yazar-ilker-kosterelioglu-mustafa-kilinc","12":"first","13":"instock","14":"sale","15":"shipping-taxable","16":"purchasable","17":"product-type-simple"},"_links":{"self":[{"href":"https:\/\/roveyayinevi.com.tr\/index.php\/wp-json\/wp\/v2\/product\/772335","targetHints":{"allow":["GET"]}}],"collection":[{"href":"https:\/\/roveyayinevi.com.tr\/index.php\/wp-json\/wp\/v2\/product"}],"about":[{"href":"https:\/\/roveyayinevi.com.tr\/index.php\/wp-json\/wp\/v2\/types\/product"}],"wp:attachment":[{"href":"https:\/\/roveyayinevi.com.tr\/index.php\/wp-json\/wp\/v2\/media?parent=772335"}],"wp:term":[{"taxonomy":"product_brand","embeddable":true,"href":"https:\/\/roveyayinevi.com.tr\/index.php\/wp-json\/wp\/v2\/product_brand?post=772335"},{"taxonomy":"product_cat","embeddable":true,"href":"https:\/\/roveyayinevi.com.tr\/index.php\/wp-json\/wp\/v2\/product_cat?post=772335"},{"taxonomy":"product_tag","embeddable":true,"href":"https:\/\/roveyayinevi.com.tr\/index.php\/wp-json\/wp\/v2\/product_tag?post=772335"}],"curies":[{"name":"wp","href":"https:\/\/api.w.org\/{rel}","templated":true}]}}