{"id":772333,"date":"2025-08-28T15:36:21","date_gmt":"2025-08-28T12:36:21","guid":{"rendered":"https:\/\/roveyayinevi.com.tr\/index.php\/urun\/vayt-caklit-moda\/"},"modified":"2026-04-15T03:38:44","modified_gmt":"2026-04-15T00:38:44","slug":"vayt-caklit-moda","status":"publish","type":"product","link":"https:\/\/roveyayinevi.com.tr\/index.php\/urun\/vayt-caklit-moda\/","title":{"rendered":"Vayt \u00c7akl\u0131t Moda"},"content":{"rendered":"<p>G\u00fczellik end\u00fcstrisinin rimel ucuyla, motivasyon ko\u00e7lar\u0131n\u0131n boomer enerjisiyle, dijital ekranlar\u0131n piksel cenderesiyle ruhumuza makyaj yap\u0131ld\u0131\u011f\u0131 bir \u00e7a\u011fda ya\u015f\u0131yoruz. Bu kitap; \u201cHangi filtre beni ben yapar?\u201d, \u201cS\u00fcrd\u00fcr\u00fclebilir mutsuzluk i\u00e7in hangi serumu \u00f6nerirsiniz?\u201d gibi hayati sorulara cevap vermese de en az\u0131ndan onlar\u0131 do\u011fru sorular h\u00e2line getiriyor. Bu kitap, kafan\u0131 \u00fct\u00fclemiyor. Ama \u00fct\u00fcl\u00fc g\u00f6mleklere olan tak\u0131nt\u0131n\u0131n asl\u0131nda neden seni yordu\u011funu anlat\u0131yor. <\/p>\n","protected":false},"excerpt":{"rendered":"<p>G\u00fczellik end\u00fcstrisinin rimel ucuyla, motivasyon ko\u00e7lar\u0131n\u0131n boomer enerjisiyle, dijital ekranlar\u0131n piksel cenderesiyle ruhumuza makyaj yap\u0131ld\u0131\u011f\u0131 bir \u00e7a\u011fda ya\u015f\u0131yoruz. Bu kitap; \u201cHangi filtre beni ben yapar?\u201d, \u201cS\u00fcrd\u00fcr\u00fclebilir<span class=\"excerpt-hellip\"> [\u2026]<\/span><\/p>\n","protected":false},"featured_media":0,"template":"","meta":{"_monsterinsights_skip_tracking":false,"_monsterinsights_sitenote_active":false,"_monsterinsights_sitenote_note":"","_monsterinsights_sitenote_category":0},"product_brand":[],"product_cat":[12777,12291],"product_tag":[],"class_list":{"0":"post-772333","1":"product","2":"type-product","3":"status-publish","5":"product_cat-deneme","6":"product_cat-edebiyat","7":"pa_cilt-ciltsiz","8":"pa_tur-kitap","9":"pa_yayinevi-nesil-yayinlari","10":"pa_yazar-ezgi-akgul","12":"first","13":"instock","14":"sale","15":"shipping-taxable","16":"purchasable","17":"product-type-simple"},"_links":{"self":[{"href":"https:\/\/roveyayinevi.com.tr\/index.php\/wp-json\/wp\/v2\/product\/772333","targetHints":{"allow":["GET"]}}],"collection":[{"href":"https:\/\/roveyayinevi.com.tr\/index.php\/wp-json\/wp\/v2\/product"}],"about":[{"href":"https:\/\/roveyayinevi.com.tr\/index.php\/wp-json\/wp\/v2\/types\/product"}],"wp:attachment":[{"href":"https:\/\/roveyayinevi.com.tr\/index.php\/wp-json\/wp\/v2\/media?parent=772333"}],"wp:term":[{"taxonomy":"product_brand","embeddable":true,"href":"https:\/\/roveyayinevi.com.tr\/index.php\/wp-json\/wp\/v2\/product_brand?post=772333"},{"taxonomy":"product_cat","embeddable":true,"href":"https:\/\/roveyayinevi.com.tr\/index.php\/wp-json\/wp\/v2\/product_cat?post=772333"},{"taxonomy":"product_tag","embeddable":true,"href":"https:\/\/roveyayinevi.com.tr\/index.php\/wp-json\/wp\/v2\/product_tag?post=772333"}],"curies":[{"name":"wp","href":"https:\/\/api.w.org\/{rel}","templated":true}]}}