{"id":772326,"date":"2025-08-28T15:36:09","date_gmt":"2025-08-28T12:36:09","guid":{"rendered":"https:\/\/roveyayinevi.com.tr\/index.php\/urun\/mr-brit-ve-futbol-macerasi-bulmacalarla-ingilizce-5\/"},"modified":"2026-04-15T03:38:44","modified_gmt":"2026-04-15T00:38:44","slug":"mr-brit-ve-futbol-macerasi-bulmacalarla-ingilizce-5","status":"publish","type":"product","link":"https:\/\/roveyayinevi.com.tr\/index.php\/urun\/mr-brit-ve-futbol-macerasi-bulmacalarla-ingilizce-5\/","title":{"rendered":"Mr Brit ve Futbol Maceras\u0131 \u2013 Bulmacalarla \u0130ngilizce-5"},"content":{"rendered":"<p>OYUNLAR VE BULMACALARLA \u0130NG\u0130L\u0130ZCE \u00d6\u011eREN\u0130YORUZ! Dedektif Mr. Brit\u2019e yard\u0131m et. Hik\u00e2yeyi oku, konu\u015fmalar\u0131 dinle, bulmacalar\u0131 \u00e7\u00f6z, ipu\u00e7lar\u0131n\u0131 yakala ve futbol sahas\u0131ndaki soru\u015fturmaya kat\u0131l. Okuma, yazma, dinleme ve telaffuz becerilerinin geli\u015fmesine yard\u0131mc\u0131 olacak etkinlikler i\u00e7eren Bulmacalarla \u0130ngilizce serisi, \u0130ngilizce \u00f6\u011frenmeye yeni ba\u015flayan \u00e7ocuklara karekodlarla eri\u015filebilen ses kaynaklar\u0131 ve \u00e7\u0131kartmalarla zengin bir \u00f6\u011frenme deneyimi sunuyor. Bu kitapta neler \u00f6\u011frenece\u011fim? Futbol, ma\u011fazalar, meslekler, yol tarifi, ev i\u015fleri, hastal\u0131klar, izinler ve yasaklar, do\u011fal ortamlar. <\/p>\n","protected":false},"excerpt":{"rendered":"<p>OYUNLAR VE BULMACALARLA \u0130NG\u0130L\u0130ZCE \u00d6\u011eREN\u0130YORUZ! Dedektif Mr. Brit\u2019e yard\u0131m et. Hik\u00e2yeyi oku, konu\u015fmalar\u0131 dinle, bulmacalar\u0131 \u00e7\u00f6z, ipu\u00e7lar\u0131n\u0131 yakala ve futbol sahas\u0131ndaki soru\u015fturmaya kat\u0131l. Okuma, yazma, dinleme<span class=\"excerpt-hellip\"> [\u2026]<\/span><\/p>\n","protected":false},"featured_media":0,"template":"","meta":{"_monsterinsights_skip_tracking":false,"_monsterinsights_sitenote_active":false,"_monsterinsights_sitenote_note":"","_monsterinsights_sitenote_category":0},"product_brand":[],"product_cat":[12492,12274],"product_tag":[],"class_list":{"0":"post-772326","1":"product","2":"type-product","3":"status-publish","5":"product_cat-bilmece-bulmaca","6":"product_cat-cocuk-ve-genclik-kitaplari","7":"pa_cilt-ciltsiz","8":"pa_tur-kitap","9":"pa_yayinevi-is-bankasi-kultur-yayinlari","10":"pa_yazar-michele-daloiso-luciana-favaro-francesca-panzica","12":"first","13":"instock","14":"sale","15":"shipping-taxable","16":"purchasable","17":"product-type-simple"},"_links":{"self":[{"href":"https:\/\/roveyayinevi.com.tr\/index.php\/wp-json\/wp\/v2\/product\/772326","targetHints":{"allow":["GET"]}}],"collection":[{"href":"https:\/\/roveyayinevi.com.tr\/index.php\/wp-json\/wp\/v2\/product"}],"about":[{"href":"https:\/\/roveyayinevi.com.tr\/index.php\/wp-json\/wp\/v2\/types\/product"}],"wp:attachment":[{"href":"https:\/\/roveyayinevi.com.tr\/index.php\/wp-json\/wp\/v2\/media?parent=772326"}],"wp:term":[{"taxonomy":"product_brand","embeddable":true,"href":"https:\/\/roveyayinevi.com.tr\/index.php\/wp-json\/wp\/v2\/product_brand?post=772326"},{"taxonomy":"product_cat","embeddable":true,"href":"https:\/\/roveyayinevi.com.tr\/index.php\/wp-json\/wp\/v2\/product_cat?post=772326"},{"taxonomy":"product_tag","embeddable":true,"href":"https:\/\/roveyayinevi.com.tr\/index.php\/wp-json\/wp\/v2\/product_tag?post=772326"}],"curies":[{"name":"wp","href":"https:\/\/api.w.org\/{rel}","templated":true}]}}