{"id":772325,"date":"2025-08-28T15:36:07","date_gmt":"2025-08-28T12:36:07","guid":{"rendered":"https:\/\/roveyayinevi.com.tr\/index.php\/urun\/en-iyi-arkadaslarim\/"},"modified":"2026-04-15T03:38:44","modified_gmt":"2026-04-15T00:38:44","slug":"en-iyi-arkadaslarim","status":"publish","type":"product","link":"https:\/\/roveyayinevi.com.tr\/index.php\/urun\/en-iyi-arkadaslarim\/","title":{"rendered":"En \u0130yi Arkada\u015flar\u0131m"},"content":{"rendered":"<p>\u0130ki tane en iyi arkada\u015f\u0131m\u0131z olabilir mi? Frances Stickley&#8217;nin yaz\u0131p Jessica Ciccolone&#8217;un resimledi\u011fi En \u0130yi Arkada\u015flar\u0131m, erken \u00e7ocukluk d\u00f6neminde arkada\u015fl\u0131k ili\u015fkileri konusunu hayvanlar\u0131n d\u00fcnyas\u0131 \u00fczerinden ele alan, s\u0131cac\u0131k bir \u00f6yk\u00fc. Arkada\u015fl\u0131\u011f\u0131n tan\u0131m\u0131 ve anlam\u0131 hakk\u0131nda d\u00fc\u015f\u00fcnd\u00fcren kitap; &#8221;en iyi arkada\u015f&#8221; kavram\u0131n\u0131n hi\u00e7bir s\u0131navla ya da yar\u0131\u015fla s\u0131nanamayaca\u011f\u0131n\u0131 da hat\u0131rlat\u0131yor.   Porsuk ile sincap birbirlerinden hi\u00e7 ayr\u0131lmayan, s\u0131k\u0131 f\u0131k\u0131 iki arkada\u015ft\u0131r. Aralar\u0131ndaki sevgi g\u00f6kteki y\u0131ld\u0131zlar kadar daim\u00eedir. Ta ki yaz gelip de ormana yeni bir tilki ta\u015f\u0131nana dek. Tilki \u00f6yle samimi, \u00f6yle e\u011flenceli biridir ki herkes onunla zaman ge\u00e7irmek i\u00e7in can at\u0131yordur. Yaz mevsimi sona ererken, tilki sincaptan &#8221;en iyi arkada\u015f\u0131&#8221; olmas\u0131n\u0131 teklif eder. Sincap, porsu\u011fun yan\u0131 s\u0131ra ikinci bir en iyi arkada\u015fa sahip olaca\u011f\u0131 i\u00e7in \u00e7ok mutlu olmu\u015ftur. Oysa tilkinin arkada\u015fl\u0131k hakk\u0131ndaki g\u00f6r\u00fc\u015f\u00fc bamba\u015fkad\u0131r&#8230; Belli d\u00f6nemlerde miniklerin duygu d\u00fcnyas\u0131nda dalgalanmalara neden olabilecek &#8221;arkada\u015f payla\u015f\u0131m\u0131&#8221; sorununu i\u00e7tenlikli bir anlat\u0131ya d\u00f6n\u00fc\u015ft\u00fcren bu sevimli \u00f6yk\u00fc; ger\u00e7ek arkada\u015fl\u0131\u011f\u0131n se\u00e7imlerden ziyade, sevgi ve emekle elde edilebilece\u011fini g\u00f6steriyor.<\/p>\n","protected":false},"excerpt":{"rendered":"<p>\u0130ki tane en iyi arkada\u015f\u0131m\u0131z olabilir mi? Frances Stickley&#8217;nin yaz\u0131p Jessica Ciccolone&#8217;un resimledi\u011fi En \u0130yi Arkada\u015flar\u0131m, erken \u00e7ocukluk d\u00f6neminde arkada\u015fl\u0131k ili\u015fkileri konusunu hayvanlar\u0131n d\u00fcnyas\u0131 \u00fczerinden ele<span class=\"excerpt-hellip\"> [\u2026]<\/span><\/p>\n","protected":false},"featured_media":0,"template":"","meta":{"_monsterinsights_skip_tracking":false,"_monsterinsights_sitenote_active":false,"_monsterinsights_sitenote_note":"","_monsterinsights_sitenote_category":0},"product_brand":[],"product_cat":[12274,12284],"product_tag":[],"class_list":{"0":"post-772325","1":"product","2":"type-product","3":"status-publish","5":"product_cat-cocuk-ve-genclik-kitaplari","6":"product_cat-hikayeler","7":"pa_cilt-ciltsiz","8":"pa_tur-kitap","9":"pa_yayinevi-ucanbalik-yayincilik","10":"pa_yazar-frances-stickley","12":"first","13":"instock","14":"sale","15":"shipping-taxable","16":"purchasable","17":"product-type-simple"},"_links":{"self":[{"href":"https:\/\/roveyayinevi.com.tr\/index.php\/wp-json\/wp\/v2\/product\/772325","targetHints":{"allow":["GET"]}}],"collection":[{"href":"https:\/\/roveyayinevi.com.tr\/index.php\/wp-json\/wp\/v2\/product"}],"about":[{"href":"https:\/\/roveyayinevi.com.tr\/index.php\/wp-json\/wp\/v2\/types\/product"}],"wp:attachment":[{"href":"https:\/\/roveyayinevi.com.tr\/index.php\/wp-json\/wp\/v2\/media?parent=772325"}],"wp:term":[{"taxonomy":"product_brand","embeddable":true,"href":"https:\/\/roveyayinevi.com.tr\/index.php\/wp-json\/wp\/v2\/product_brand?post=772325"},{"taxonomy":"product_cat","embeddable":true,"href":"https:\/\/roveyayinevi.com.tr\/index.php\/wp-json\/wp\/v2\/product_cat?post=772325"},{"taxonomy":"product_tag","embeddable":true,"href":"https:\/\/roveyayinevi.com.tr\/index.php\/wp-json\/wp\/v2\/product_tag?post=772325"}],"curies":[{"name":"wp","href":"https:\/\/api.w.org\/{rel}","templated":true}]}}