{"id":772323,"date":"2025-08-28T15:36:04","date_gmt":"2025-08-28T12:36:04","guid":{"rendered":"https:\/\/roveyayinevi.com.tr\/index.php\/urun\/yoldasini-oldurmek-2\/"},"modified":"2026-04-15T03:38:44","modified_gmt":"2026-04-15T00:38:44","slug":"yoldasini-oldurmek-2","status":"publish","type":"product","link":"https:\/\/roveyayinevi.com.tr\/index.php\/urun\/yoldasini-oldurmek-2\/","title":{"rendered":"Yolda\u015f\u0131n\u0131 \u00d6ld\u00fcrmek"},"content":{"rendered":"<p>Yolda\u015f\u0131n\u0131 \u00d6ld\u00fcrmek T\u00fcrkiye&#8217;deki sol \u00f6rg\u00fctlerin ve m\u00fcnhas\u0131ran PKK\u2019nin kendi \u00fcyelerine y\u00f6nelik kulland\u0131\u011f\u0131 psikolojik, duygusal ve fiziksel \u015fiddeti g\u00f6zler \u00f6n\u00fcne sermektedir. Yazar Aytekin Y\u0131lmaz, \u00f6zellikle 1990&#8217;lar\u0131n ba\u015f\u0131ndan 2000&#8217;lere kadar olan d\u00f6nemde hapishanelerde ger\u00e7ekle\u015fen \u00f6rg\u00fct i\u00e7i infazlar\u0131, hem kendi deneyimlerine ve ki\u015fisel tan\u0131kl\u0131klar\u0131na hem de ki\u015filer \u00fczerine yapt\u0131\u011f\u0131 \u00f6zel ara\u015ft\u0131rmalara dayanarak anlatmaktad\u0131r. Bu \u00f6zg\u00fcn \u00e7al\u0131\u015fma, T\u00fcrkiye&#8217;deki sol hareketlerin tarihindeki karanl\u0131k sayfalar\u0131 g\u00fcn y\u00fcz\u00fcne \u00e7\u0131kararak \u00f6rg\u00fct i\u00e7i \u00e7at\u0131\u015fmalar\u0131n nas\u0131l ger\u00e7ekle\u015fti\u011fini ele almaktad\u0131r. Kitap ayr\u0131ca d\u00fcnyadaki ve T\u00fcrkiye\u2019deki sol \u00f6rg\u00fctlerin tarihinden \u00f6rneklerle \u00f6rg\u00fct i\u00e7i \u015fiddetin uzun s\u00fcre tabu olarak kalmas\u0131n\u0131n nedenlerini de sorgulamaktad\u0131r. Yolda\u015f\u0131n\u0131 \u00d6ld\u00fcrmek \u015fiddeti kutsayan sol ve devrimci hareketlerin zihniyetine, yap\u0131s\u0131na ve tarihine dair \u00f6nemli bir kaynak olarak kar\u015f\u0131m\u0131za \u00e7\u0131kmaktad\u0131r. Tam anlam\u0131yla cesur ve d\u00fcr\u00fcst bak\u0131\u015f a\u00e7\u0131s\u0131yla, okuru rahats\u0131z eden ayn\u0131 zamanda sarsan bu sat\u0131rlar\u0131 kaleme alan Aytekin Y\u0131lmaz, T\u00fcrkiye\u2019nin yak\u0131n ge\u00e7mi\u015fiyle ger\u00e7ek\u00e7i bir y\u00fczle\u015fmeye davet ediyor. \u201cDevrimciler Devrim\u2019i bo\u011fdular\u2026\u201d Oysa \u201c\u00d6l\u00fcmden sonra \u00f6zg\u00fcrl\u00fck de\u011fil, mezarl\u0131k gelir.\u201d <\/p>\n","protected":false},"excerpt":{"rendered":"<p>Yolda\u015f\u0131n\u0131 \u00d6ld\u00fcrmek T\u00fcrkiye&#8217;deki sol \u00f6rg\u00fctlerin ve m\u00fcnhas\u0131ran PKK\u2019nin kendi \u00fcyelerine y\u00f6nelik kulland\u0131\u011f\u0131 psikolojik, duygusal ve fiziksel \u015fiddeti g\u00f6zler \u00f6n\u00fcne sermektedir. Yazar Aytekin Y\u0131lmaz, \u00f6zellikle 1990&#8217;lar\u0131n ba\u015f\u0131ndan<span class=\"excerpt-hellip\"> [\u2026]<\/span><\/p>\n","protected":false},"featured_media":0,"template":"","meta":{"_monsterinsights_skip_tracking":false,"_monsterinsights_sitenote_active":false,"_monsterinsights_sitenote_note":"","_monsterinsights_sitenote_category":0},"product_brand":[],"product_cat":[13590,12337],"product_tag":[],"class_list":{"0":"post-772323","1":"product","2":"type-product","3":"status-publish","5":"product_cat-arastirma-inceleme-politika-siyaset","6":"product_cat-politika-siyaset","7":"pa_cilt-ciltsiz","8":"pa_tur-kitap","9":"pa_yayinevi-liberte-yayinlari","10":"pa_yazar-aytekin-yilmaz","12":"first","13":"instock","14":"sale","15":"shipping-taxable","16":"purchasable","17":"product-type-simple"},"_links":{"self":[{"href":"https:\/\/roveyayinevi.com.tr\/index.php\/wp-json\/wp\/v2\/product\/772323","targetHints":{"allow":["GET"]}}],"collection":[{"href":"https:\/\/roveyayinevi.com.tr\/index.php\/wp-json\/wp\/v2\/product"}],"about":[{"href":"https:\/\/roveyayinevi.com.tr\/index.php\/wp-json\/wp\/v2\/types\/product"}],"wp:attachment":[{"href":"https:\/\/roveyayinevi.com.tr\/index.php\/wp-json\/wp\/v2\/media?parent=772323"}],"wp:term":[{"taxonomy":"product_brand","embeddable":true,"href":"https:\/\/roveyayinevi.com.tr\/index.php\/wp-json\/wp\/v2\/product_brand?post=772323"},{"taxonomy":"product_cat","embeddable":true,"href":"https:\/\/roveyayinevi.com.tr\/index.php\/wp-json\/wp\/v2\/product_cat?post=772323"},{"taxonomy":"product_tag","embeddable":true,"href":"https:\/\/roveyayinevi.com.tr\/index.php\/wp-json\/wp\/v2\/product_tag?post=772323"}],"curies":[{"name":"wp","href":"https:\/\/api.w.org\/{rel}","templated":true}]}}