{"id":772322,"date":"2025-08-28T15:36:03","date_gmt":"2025-08-28T12:36:03","guid":{"rendered":"https:\/\/roveyayinevi.com.tr\/index.php\/urun\/icimizdeki-hapishane\/"},"modified":"2026-04-15T03:38:44","modified_gmt":"2026-04-15T00:38:44","slug":"icimizdeki-hapishane","status":"publish","type":"product","link":"https:\/\/roveyayinevi.com.tr\/index.php\/urun\/icimizdeki-hapishane\/","title":{"rendered":"\u0130\u00e7imizdeki Hapishane"},"content":{"rendered":"<p>\u0130\u00e7imizdeki Hapishane, siyasi mahpuslar\u0131n ya\u015fam\u0131n\u0131, hapishanelerdeki ko\u015fullar\u0131 ve bu ko\u015fullar\u0131n insan psikolojisi \u00fczerindeki etkilerini farkl\u0131 mek\u00e2nlar ve s\u00fcre\u00e7ler \u00fczerinden incelemektedir.   Aytekin Y\u0131lmaz, ki\u015fisel deneyimlerinden ve g\u00f6zlemlerinden yola \u00e7\u0131karak, mahpuslar\u0131n hapishane ortam\u0131nda ya\u015fad\u0131\u011f\u0131 zorluklar\u0131, i\u00e7sel \u00e7at\u0131\u015fmalar\u0131n\u0131 ve d\u0131\u015f d\u00fcnya ile ba\u011flant\u0131lar\u0131n\u0131 kaybetme s\u00fcrecini \u00e7arp\u0131c\u0131 bi\u00e7imde i\u015flemektedir.   Y\u0131lmaz, sol\/sosyalist ve kollektivist \u00f6rg\u00fctlerin hapishane i\u00e7indeki deneyimlerinin hem bireysel hem de sosyal d\u00fczeyde nas\u0131l bir &#8220;labirent&#8221; olu\u015fturdu\u011funu ve bu labirentten \u00e7\u0131k\u0131\u015f\u0131n ne kadar zor oldu\u011funu kendi tan\u0131kl\u0131klar\u0131 ve mahpus insan hik\u00e2yeleri \u00fczerinden de\u011ferlendirmektedir.  Kitap, hapishane deneyimlerinin derin etkileri alt\u0131nda insan\u0131n d\u0131\u015f d\u00fcnya ile kurdu\u011fu ba\u011flant\u0131n\u0131n s\u0131n\u0131rlar\u0131n\u0131, bu s\u0131n\u0131rlar\u0131n \u00f6tesinde aray\u0131\u015flar\u0131 ve varl\u0131k m\u00fccadelesini \u00f6zg\u00fcn bir bi\u00e7imde anlatmaktad\u0131r.   \u0130\u00e7imizdeki Hapishane, her y\u00f6n\u00fcyle T\u00fcrkiye&#8217;deki politik hapishane k\u00fclt\u00fcr\u00fc hakk\u0131nda kapsaml\u0131 bir rapor ve belge niteli\u011fi ta\u015f\u0131maktad\u0131r.  \u201cKo\u011fu\u015flarda kurduklar\u0131 iktidar alanlar\u0131n\u0131n d\u0131\u015far\u0131da da oldu\u011funu sanan ve buna inanm\u0131\u015f olanlarla ayn\u0131 hapishanede kalmak insan\u0131 \u00fcrk\u00fct\u00fcyor bazen.   Oysa d\u0131\u015far\u0131s\u0131 \u00e7\u00f6kerse i\u00e7erisi y\u0131k\u0131l\u0131r. Bu ger\u00e7e\u011fi bilerek i\u00e7erisini hi\u00e7bir zaman abartmad\u0131m.\u201d  <\/p>\n","protected":false},"excerpt":{"rendered":"<p>\u0130\u00e7imizdeki Hapishane, siyasi mahpuslar\u0131n ya\u015fam\u0131n\u0131, hapishanelerdeki ko\u015fullar\u0131 ve bu ko\u015fullar\u0131n insan psikolojisi \u00fczerindeki etkilerini farkl\u0131 mek\u00e2nlar ve s\u00fcre\u00e7ler \u00fczerinden incelemektedir. Aytekin Y\u0131lmaz, ki\u015fisel deneyimlerinden ve g\u00f6zlemlerinden<span class=\"excerpt-hellip\"> [\u2026]<\/span><\/p>\n","protected":false},"featured_media":0,"template":"","meta":{"_monsterinsights_skip_tracking":false,"_monsterinsights_sitenote_active":false,"_monsterinsights_sitenote_note":"","_monsterinsights_sitenote_category":0},"product_brand":[],"product_cat":[13590,12337],"product_tag":[],"class_list":{"0":"post-772322","1":"product","2":"type-product","3":"status-publish","5":"product_cat-arastirma-inceleme-politika-siyaset","6":"product_cat-politika-siyaset","7":"pa_cilt-ciltsiz","8":"pa_tur-kitap","9":"pa_yayinevi-liberte-yayinlari","10":"pa_yazar-aytekin-yilmaz","12":"first","13":"instock","14":"sale","15":"shipping-taxable","16":"purchasable","17":"product-type-simple"},"_links":{"self":[{"href":"https:\/\/roveyayinevi.com.tr\/index.php\/wp-json\/wp\/v2\/product\/772322","targetHints":{"allow":["GET"]}}],"collection":[{"href":"https:\/\/roveyayinevi.com.tr\/index.php\/wp-json\/wp\/v2\/product"}],"about":[{"href":"https:\/\/roveyayinevi.com.tr\/index.php\/wp-json\/wp\/v2\/types\/product"}],"wp:attachment":[{"href":"https:\/\/roveyayinevi.com.tr\/index.php\/wp-json\/wp\/v2\/media?parent=772322"}],"wp:term":[{"taxonomy":"product_brand","embeddable":true,"href":"https:\/\/roveyayinevi.com.tr\/index.php\/wp-json\/wp\/v2\/product_brand?post=772322"},{"taxonomy":"product_cat","embeddable":true,"href":"https:\/\/roveyayinevi.com.tr\/index.php\/wp-json\/wp\/v2\/product_cat?post=772322"},{"taxonomy":"product_tag","embeddable":true,"href":"https:\/\/roveyayinevi.com.tr\/index.php\/wp-json\/wp\/v2\/product_tag?post=772322"}],"curies":[{"name":"wp","href":"https:\/\/api.w.org\/{rel}","templated":true}]}}