{"id":772321,"date":"2025-08-28T15:36:01","date_gmt":"2025-08-28T12:36:01","guid":{"rendered":"https:\/\/roveyayinevi.com.tr\/index.php\/urun\/sanat-tarihine-yon-veren-sergiler\/"},"modified":"2026-01-29T04:12:19","modified_gmt":"2026-01-29T01:12:19","slug":"sanat-tarihine-yon-veren-sergiler","status":"publish","type":"product","link":"https:\/\/roveyayinevi.com.tr\/index.php\/urun\/sanat-tarihine-yon-veren-sergiler\/","title":{"rendered":"Sanat Tarihine Y\u00f6n Veren Sergiler"},"content":{"rendered":"<p>Duvara \u00e7ivi \u00e7akman\u0131za izin verilmeyen bir galeride nas\u0131l bir sergi a\u00e7ars\u0131n\u0131z? Kullanabilece\u011finiz tek \u015fey tavandan sarkan \u00e7elik iplerle ucundaki \u00e7engeller. Bu \u015fekilde tasarlanm\u0131\u015f bir galeri bize ne s\u00f6yler? Burada resim sergilenir, resimler tuval \u00fczerine olmal\u0131d\u0131r, eser k\u00e2\u011f\u0131t ise \u00e7er\u00e7evelenmelidir. Hangi malzemeyle neyi yarataca\u011f\u0131n\u0131z en ba\u015ftan belirlenmi\u015fken bir sanat\u00e7\u0131 olarak ne kadar ba\u011f\u0131ms\u0131z d\u00fc\u015f\u00fcnebilir, s\u0131n\u0131rlar\u0131 ne kadar zorlayabilirsiniz? Oysa sergi yap\u0131mc\u0131l\u0131\u011f\u0131, entelekt\u00fcel, yarat\u0131c\u0131 ve elbette teknik se\u00e7imler i\u00e7eren, deneysellikle etkile\u015fimi merkeze koyan tutumlar b\u00fct\u00fcn\u00fcd\u00fcr. Sergi tasar\u0131m\u0131 bir yaratma eylemidir. Bu eylem beden, duyular ve duygular \u00fczerinde etki yaratmay\u0131 ama\u00e7layan son derece ki\u015fisel ve ayn\u0131 zamanda profesyonel bir s\u00fcre\u00e7tir. Sergileme anlay\u0131\u015flar\u0131 ve sergi modelleri ise sanat tarihini anlamak i\u00e7in son derece \u00f6nemli ara\u00e7lard\u0131r. Dahas\u0131, bunlar ge\u00e7mi\u015fin k\u00fclt\u00fcrel tart\u0131\u015fmalar\u0131n\u0131 g\u00f6r\u00fcn\u00fcr k\u0131lmaya ve d\u00fc\u015f\u00fcnce tarihinin izini s\u00fcrmeye yard\u0131mc\u0131 olurlar. Bu ba\u011flar\u0131 ke\u015ffetmenin heyecan\u0131yla yaz\u0131lan bu kitap, sanat tarihine y\u00f6n veren alternatif sergi modellerine ili\u015fkin bir perspektif sunma arzusunun \u00fcr\u00fcn\u00fcd\u00fcr. Hayal g\u00fcc\u00fcm\u00fcz\u00fc ve bilincimizi derinden sarsan sergilerin zengin tarihine bakmak, hem ilgin\u00e7 hem de ayd\u0131nlat\u0131c\u0131 olacakt\u0131r<\/p>\n","protected":false},"excerpt":{"rendered":"<p>Duvara \u00e7ivi \u00e7akman\u0131za izin verilmeyen bir galeride nas\u0131l bir sergi a\u00e7ars\u0131n\u0131z? Kullanabilece\u011finiz tek \u015fey tavandan sarkan \u00e7elik iplerle ucundaki \u00e7engeller. Bu \u015fekilde tasarlanm\u0131\u015f bir galeri bize<span class=\"excerpt-hellip\"> [\u2026]<\/span><\/p>\n","protected":false},"featured_media":0,"template":"","meta":{"_monsterinsights_skip_tracking":false,"_monsterinsights_sitenote_active":false,"_monsterinsights_sitenote_note":"","_monsterinsights_sitenote_category":0},"product_brand":[],"product_cat":[12408,14197],"product_tag":[],"class_list":{"0":"post-772321","1":"product","2":"type-product","3":"status-publish","5":"product_cat-sanat","6":"product_cat-sanat-tarihi","7":"pa_cilt-ciltsiz","8":"pa_tur-kitap","9":"pa_yayinevi-utopya-yayinevi","10":"pa_yazar-necla-ruzgar","12":"first","13":"instock","14":"sale","15":"shipping-taxable","16":"purchasable","17":"product-type-simple"},"_links":{"self":[{"href":"https:\/\/roveyayinevi.com.tr\/index.php\/wp-json\/wp\/v2\/product\/772321","targetHints":{"allow":["GET"]}}],"collection":[{"href":"https:\/\/roveyayinevi.com.tr\/index.php\/wp-json\/wp\/v2\/product"}],"about":[{"href":"https:\/\/roveyayinevi.com.tr\/index.php\/wp-json\/wp\/v2\/types\/product"}],"wp:attachment":[{"href":"https:\/\/roveyayinevi.com.tr\/index.php\/wp-json\/wp\/v2\/media?parent=772321"}],"wp:term":[{"taxonomy":"product_brand","embeddable":true,"href":"https:\/\/roveyayinevi.com.tr\/index.php\/wp-json\/wp\/v2\/product_brand?post=772321"},{"taxonomy":"product_cat","embeddable":true,"href":"https:\/\/roveyayinevi.com.tr\/index.php\/wp-json\/wp\/v2\/product_cat?post=772321"},{"taxonomy":"product_tag","embeddable":true,"href":"https:\/\/roveyayinevi.com.tr\/index.php\/wp-json\/wp\/v2\/product_tag?post=772321"}],"curies":[{"name":"wp","href":"https:\/\/api.w.org\/{rel}","templated":true}]}}