{"id":772319,"date":"2025-08-28T15:35:57","date_gmt":"2025-08-28T12:35:57","guid":{"rendered":"https:\/\/roveyayinevi.com.tr\/index.php\/urun\/hutbe-i-samiye\/"},"modified":"2026-04-15T03:38:44","modified_gmt":"2026-04-15T00:38:44","slug":"hutbe-i-samiye","status":"publish","type":"product","link":"https:\/\/roveyayinevi.com.tr\/index.php\/urun\/hutbe-i-samiye\/","title":{"rendered":"Hutbe-i \u015eamiye"},"content":{"rendered":"<p>Bedi\u00fczzaman Said Nursi 1911 y\u0131l\u0131nda \u015eama gider. \u015eam ulemas\u0131n\u0131n talebi \u00fczerine Emev\u00ee C\u00e2miinde bir hutbe verir. Bu hutbe \u015eam&#8217;da Arap\u00e7a olarak bir hafta i\u00e7inde iki defa bas\u0131l\u0131r. 1951 y\u0131l\u0131nda bizzat m\u00fcellifi taraf\u0131ndan T\u00fcrk\u00e7eye terc\u00fcme edilir. Bedi\u00fczzaman bu eserinde kendisine \u201casr\u0131n tabibi\u201d dedirtebilecek bir basiretle \u0130slam \u00c2leminin o g\u00fcnk\u00fc alt\u0131 hastal\u0131\u011f\u0131na dikkat \u00e7ekmekte ve her derde derman olan Kur&#8217;andan ald\u0131\u011f\u0131 ila\u00e7larla bu hastal\u0131klar\u0131n tedavi yollar\u0131n\u0131 g\u00f6stermektedir. Bu hastal\u0131klar g\u00fcn\u00fcm\u00fczde de aynen devam etmektedir. Bu cihetle bu hutbe g\u00fcncelli\u011fini korumaktad\u0131r. Bu \u00e7al\u0131\u015fmada \u00fcstte hutbe metni verilmi\u015f, alt\u0131nda ise gerekli a\u00e7\u0131klamalar yap\u0131lm\u0131\u015ft\u0131r. Hutbenin mesaj\u0131n\u0131n anla\u015f\u0131lmas\u0131 ve gere\u011finin yap\u0131lmas\u0131 \u0130slam \u00c2lemini kendine getirecek, M\u00fcsl\u00fcmanlar\u0131 daha derli ve toplu k\u0131lacakt\u0131r.<\/p>\n","protected":false},"excerpt":{"rendered":"<p>Bedi\u00fczzaman Said Nursi 1911 y\u0131l\u0131nda \u015eama gider. \u015eam ulemas\u0131n\u0131n talebi \u00fczerine Emev\u00ee C\u00e2miinde bir hutbe verir. Bu hutbe \u015eam&#8217;da Arap\u00e7a olarak bir hafta i\u00e7inde iki defa<span class=\"excerpt-hellip\"> [\u2026]<\/span><\/p>\n","protected":false},"featured_media":0,"template":"","meta":{"_monsterinsights_skip_tracking":false,"_monsterinsights_sitenote_active":false,"_monsterinsights_sitenote_note":"","_monsterinsights_sitenote_category":0},"product_brand":[],"product_cat":[12718],"product_tag":[],"class_list":{"0":"post-772319","1":"product","2":"type-product","3":"status-publish","5":"product_cat-din","6":"pa_cilt-ciltsiz","7":"pa_tur-kitap","8":"pa_yayinevi-foliant-yayinlari","9":"pa_yazar-sadi-eren","11":"first","12":"instock","13":"sale","14":"shipping-taxable","15":"purchasable","16":"product-type-simple"},"_links":{"self":[{"href":"https:\/\/roveyayinevi.com.tr\/index.php\/wp-json\/wp\/v2\/product\/772319","targetHints":{"allow":["GET"]}}],"collection":[{"href":"https:\/\/roveyayinevi.com.tr\/index.php\/wp-json\/wp\/v2\/product"}],"about":[{"href":"https:\/\/roveyayinevi.com.tr\/index.php\/wp-json\/wp\/v2\/types\/product"}],"wp:attachment":[{"href":"https:\/\/roveyayinevi.com.tr\/index.php\/wp-json\/wp\/v2\/media?parent=772319"}],"wp:term":[{"taxonomy":"product_brand","embeddable":true,"href":"https:\/\/roveyayinevi.com.tr\/index.php\/wp-json\/wp\/v2\/product_brand?post=772319"},{"taxonomy":"product_cat","embeddable":true,"href":"https:\/\/roveyayinevi.com.tr\/index.php\/wp-json\/wp\/v2\/product_cat?post=772319"},{"taxonomy":"product_tag","embeddable":true,"href":"https:\/\/roveyayinevi.com.tr\/index.php\/wp-json\/wp\/v2\/product_tag?post=772319"}],"curies":[{"name":"wp","href":"https:\/\/api.w.org\/{rel}","templated":true}]}}