{"id":772318,"date":"2025-08-28T15:35:56","date_gmt":"2025-08-28T12:35:56","guid":{"rendered":"https:\/\/roveyayinevi.com.tr\/index.php\/urun\/40-itiraf-hikayeleri-2\/"},"modified":"2026-04-15T03:38:44","modified_gmt":"2026-04-15T00:38:44","slug":"40-itiraf-hikayeleri-2","status":"publish","type":"product","link":"https:\/\/roveyayinevi.com.tr\/index.php\/urun\/40-itiraf-hikayeleri-2\/","title":{"rendered":"40+ \u0130tiraf Hikayeleri"},"content":{"rendered":"<p>GER\u00c7EK HAYATTAN \u0130NT\u0130KAM, A\u015eK, C\u0130NSELL\u0130K, ALDATMA VE C\u0130NAYET H\u0130K\u00c2YELER\u0130\u2026   \u2022 40 ya\u015f\u0131na girince insan\u0131n hayat\u0131nda neler de\u011fi\u015fir? \u2022 40 ya\u015f\u0131na kadar insan\u0131n ba\u015f\u0131na gelebilecek en b\u00fcy\u00fck deneyimler nelerdir? \u2022 Bir erkek 40 ya\u015f\u0131na kadar ka\u00e7 defa \u00e2\u015f\u0131k olur? \u2022 Erkeklerde 40 ya\u015f\u0131ndan sonra aldatma oranlar\u0131 neden art\u0131yor? \u2022 \u00c7ocukluk d\u00f6neminde ya\u015fanan travmalar 40 ya\u015f\u0131ndan sonra insanlar\u0131 nas\u0131l etkiliyor? \u2022 Masum bir insan aniden bir katile nas\u0131l d\u00f6n\u00fc\u015febilir?   \u0130li\u015fki uzman\u0131, yazar Adil Y\u0131ld\u0131r\u0131m, kaleme ald\u0131\u011f\u0131 bu kitab\u0131nda, insan do\u011fas\u0131n\u0131n \u201ciyi g\u00f6r\u00fcn\u00fcm\u00fcn\u00fcn\u201d ard\u0131ndaki karanl\u0131k odaya ad\u0131m at\u0131yor. Herkesin kendine itiraf edemedi\u011fi sakl\u0131 s\u0131rlar\u0131, ya\u015fanm\u0131\u015fl\u0131klar\u0131, y\u00fckleri ve zaferleri vard\u0131r. Ya\u015fananlar, kaderin d\u00f6ng\u00fcs\u00fcyle \u201ctuhaf\u201d \u015fekilde uyumlanarak, hayat yolculu\u011funu \u015fekillendirir. \u015eimdi herkesin kendisiyle \u201cy\u00fczle\u015fme\u201d zaman\u0131.   <\/p>\n","protected":false},"excerpt":{"rendered":"<p>GER\u00c7EK HAYATTAN \u0130NT\u0130KAM, A\u015eK, C\u0130NSELL\u0130K, ALDATMA VE C\u0130NAYET H\u0130K\u00c2YELER\u0130\u2026 \u2022 40 ya\u015f\u0131na girince insan\u0131n hayat\u0131nda neler de\u011fi\u015fir? \u2022 40 ya\u015f\u0131na kadar insan\u0131n ba\u015f\u0131na gelebilecek en b\u00fcy\u00fck<span class=\"excerpt-hellip\"> [\u2026]<\/span><\/p>\n","protected":false},"featured_media":0,"template":"","meta":{"_monsterinsights_skip_tracking":false,"_monsterinsights_sitenote_active":false,"_monsterinsights_sitenote_note":"","_monsterinsights_sitenote_category":0},"product_brand":[],"product_cat":[12364,12376],"product_tag":[],"class_list":{"0":"post-772318","1":"product","2":"type-product","3":"status-publish","5":"product_cat-genel-konular","6":"product_cat-kisisel-gelisim","7":"pa_cilt-ciltsiz","8":"pa_tur-kitap","9":"pa_yayinevi-destek-yayinlari","10":"pa_yazar-adil-yildirim","12":"first","13":"instock","14":"sale","15":"shipping-taxable","16":"purchasable","17":"product-type-simple"},"_links":{"self":[{"href":"https:\/\/roveyayinevi.com.tr\/index.php\/wp-json\/wp\/v2\/product\/772318","targetHints":{"allow":["GET"]}}],"collection":[{"href":"https:\/\/roveyayinevi.com.tr\/index.php\/wp-json\/wp\/v2\/product"}],"about":[{"href":"https:\/\/roveyayinevi.com.tr\/index.php\/wp-json\/wp\/v2\/types\/product"}],"wp:attachment":[{"href":"https:\/\/roveyayinevi.com.tr\/index.php\/wp-json\/wp\/v2\/media?parent=772318"}],"wp:term":[{"taxonomy":"product_brand","embeddable":true,"href":"https:\/\/roveyayinevi.com.tr\/index.php\/wp-json\/wp\/v2\/product_brand?post=772318"},{"taxonomy":"product_cat","embeddable":true,"href":"https:\/\/roveyayinevi.com.tr\/index.php\/wp-json\/wp\/v2\/product_cat?post=772318"},{"taxonomy":"product_tag","embeddable":true,"href":"https:\/\/roveyayinevi.com.tr\/index.php\/wp-json\/wp\/v2\/product_tag?post=772318"}],"curies":[{"name":"wp","href":"https:\/\/api.w.org\/{rel}","templated":true}]}}