{"id":772317,"date":"2025-08-28T15:35:54","date_gmt":"2025-08-28T12:35:54","guid":{"rendered":"https:\/\/roveyayinevi.com.tr\/index.php\/urun\/derman-define-pesinde\/"},"modified":"2026-04-15T03:38:44","modified_gmt":"2026-04-15T00:38:44","slug":"derman-define-pesinde","status":"publish","type":"product","link":"https:\/\/roveyayinevi.com.tr\/index.php\/urun\/derman-define-pesinde\/","title":{"rendered":"Derman Define Pe\u015finde"},"content":{"rendered":"<p>Dedektif Derman bu\u0308yu\u0308k bir ke\u015fif i\u00e7in neler yapmas\u0131 gerekti\u011fini \u00e7ok iyi biliyor: Ad\u0131mlar\u0131n\u0131 dikkatli at\u0131p mesafeleri iyi hesaplamak, \u00e7evresindeki seslere kulak kesilmek, hemen hemen hi\u00e7bir \u015feyden korkmamak ve g\u00f6zlemlerini not etmek\u2026 Garajda buldu\u011fu kilitli kutunun s\u0131rr\u0131n\u0131 \u00e7\u00f6zmek i\u00e7in ipu\u00e7lar\u0131n\u0131n pe\u015finde du\u0308\u015fen Derman, bayku\u015fun sesini ay\u0131rt edip defineyi bulabilecek mi?   E\u011fitimci yazar Marta Jarque\u2019nin yazd\u0131\u011f\u0131 ve \u00f6du\u0308llu\u0308 \u00e7izer Daniel Jim\u00e9nez\u2019in resimleriyle renklenen \u201cDedektif Derman\u201d serisinin ikinci kitab\u0131, okuma seru\u0308venine yeni ba\u015flayan \u00e7ocuklar\u0131 gizemli bir maceraya davet ediyor. <\/p>\n","protected":false},"excerpt":{"rendered":"<p>Dedektif Derman bu\u0308yu\u0308k bir ke\u015fif i\u00e7in neler yapmas\u0131 gerekti\u011fini \u00e7ok iyi biliyor: Ad\u0131mlar\u0131n\u0131 dikkatli at\u0131p mesafeleri iyi hesaplamak, \u00e7evresindeki seslere kulak kesilmek, hemen hemen hi\u00e7bir \u015feyden<span class=\"excerpt-hellip\"> [\u2026]<\/span><\/p>\n","protected":false},"featured_media":0,"template":"","meta":{"_monsterinsights_skip_tracking":false,"_monsterinsights_sitenote_active":false,"_monsterinsights_sitenote_note":"","_monsterinsights_sitenote_category":0},"product_brand":[],"product_cat":[12274,12284],"product_tag":[],"class_list":{"0":"post-772317","1":"product","2":"type-product","3":"status-publish","5":"product_cat-cocuk-ve-genclik-kitaplari","6":"product_cat-hikayeler","7":"pa_cilt-ciltsiz","8":"pa_tur-kitap","9":"pa_yayinevi-redhouse-kidz-yayinlari","10":"pa_yazar-marta-jarque","12":"first","13":"instock","14":"sale","15":"shipping-taxable","16":"purchasable","17":"product-type-simple"},"_links":{"self":[{"href":"https:\/\/roveyayinevi.com.tr\/index.php\/wp-json\/wp\/v2\/product\/772317","targetHints":{"allow":["GET"]}}],"collection":[{"href":"https:\/\/roveyayinevi.com.tr\/index.php\/wp-json\/wp\/v2\/product"}],"about":[{"href":"https:\/\/roveyayinevi.com.tr\/index.php\/wp-json\/wp\/v2\/types\/product"}],"wp:attachment":[{"href":"https:\/\/roveyayinevi.com.tr\/index.php\/wp-json\/wp\/v2\/media?parent=772317"}],"wp:term":[{"taxonomy":"product_brand","embeddable":true,"href":"https:\/\/roveyayinevi.com.tr\/index.php\/wp-json\/wp\/v2\/product_brand?post=772317"},{"taxonomy":"product_cat","embeddable":true,"href":"https:\/\/roveyayinevi.com.tr\/index.php\/wp-json\/wp\/v2\/product_cat?post=772317"},{"taxonomy":"product_tag","embeddable":true,"href":"https:\/\/roveyayinevi.com.tr\/index.php\/wp-json\/wp\/v2\/product_tag?post=772317"}],"curies":[{"name":"wp","href":"https:\/\/api.w.org\/{rel}","templated":true}]}}