{"id":772316,"date":"2025-08-28T15:35:52","date_gmt":"2025-08-28T12:35:52","guid":{"rendered":"https:\/\/roveyayinevi.com.tr\/index.php\/urun\/derman-ipucu-pesinde\/"},"modified":"2026-04-15T03:38:44","modified_gmt":"2026-04-15T00:38:44","slug":"derman-ipucu-pesinde","status":"publish","type":"product","link":"https:\/\/roveyayinevi.com.tr\/index.php\/urun\/derman-ipucu-pesinde\/","title":{"rendered":"Derman \u0130pucu Pe\u015finde"},"content":{"rendered":"<p>Derman du\u0308nyan\u0131n en iyi dedektifi olmak istiyor. Bunun i\u00e7in yapmas\u0131 gerekenler \u00e7ok basit: G\u00f6zu\u0308nu\u0308 d\u00f6rt a\u00e7mak, parmak u\u00e7lar\u0131nda yu\u0308ru\u0308yebilmek, hemen hemen hi\u00e7bir \u015feyden korkmamak ve g\u00f6zlemlerini not etmek\u2026 \u00c7\u00f6zmesi gereken ilk gizem ise salaml\u0131 sandvicini kimin yedi\u011fini bulmak. \u0130pu\u00e7lar\u0131n\u0131n pe\u015fine du\u0308\u015fen Derman, problem \u00e7\u00f6zme becerilerini kullan\u0131p obur ve gizemli sandvi\u00e7 h\u0131rs\u0131z\u0131n\u0131 yakalayabilecek mi?   E\u011fitimci yazar Marta Jarque\u2019nin yazd\u0131\u011f\u0131 ve \u00f6du\u0308llu\u0308 \u00e7izer Daniel Jim\u00e9nez\u2019in resimleriyle renklenen \u201cDedektif Derman\u201d serisinin ilk kitab\u0131, okuma seru\u0308venine yeni ba\u015flayan \u00e7ocuklar\u0131 ne\u015feli bir maceraya davet ediyor. <\/p>\n","protected":false},"excerpt":{"rendered":"<p>Derman du\u0308nyan\u0131n en iyi dedektifi olmak istiyor. Bunun i\u00e7in yapmas\u0131 gerekenler \u00e7ok basit: G\u00f6zu\u0308nu\u0308 d\u00f6rt a\u00e7mak, parmak u\u00e7lar\u0131nda yu\u0308ru\u0308yebilmek, hemen hemen hi\u00e7bir \u015feyden korkmamak ve g\u00f6zlemlerini<span class=\"excerpt-hellip\"> [\u2026]<\/span><\/p>\n","protected":false},"featured_media":0,"template":"","meta":{"_monsterinsights_skip_tracking":false,"_monsterinsights_sitenote_active":false,"_monsterinsights_sitenote_note":"","_monsterinsights_sitenote_category":0},"product_brand":[],"product_cat":[12274,12284],"product_tag":[],"class_list":{"0":"post-772316","1":"product","2":"type-product","3":"status-publish","5":"product_cat-cocuk-ve-genclik-kitaplari","6":"product_cat-hikayeler","7":"pa_cilt-ciltsiz","8":"pa_tur-kitap","9":"pa_yayinevi-redhouse-kidz-yayinlari","10":"pa_yazar-marta-jarque","12":"first","13":"instock","14":"sale","15":"shipping-taxable","16":"purchasable","17":"product-type-simple"},"_links":{"self":[{"href":"https:\/\/roveyayinevi.com.tr\/index.php\/wp-json\/wp\/v2\/product\/772316","targetHints":{"allow":["GET"]}}],"collection":[{"href":"https:\/\/roveyayinevi.com.tr\/index.php\/wp-json\/wp\/v2\/product"}],"about":[{"href":"https:\/\/roveyayinevi.com.tr\/index.php\/wp-json\/wp\/v2\/types\/product"}],"wp:attachment":[{"href":"https:\/\/roveyayinevi.com.tr\/index.php\/wp-json\/wp\/v2\/media?parent=772316"}],"wp:term":[{"taxonomy":"product_brand","embeddable":true,"href":"https:\/\/roveyayinevi.com.tr\/index.php\/wp-json\/wp\/v2\/product_brand?post=772316"},{"taxonomy":"product_cat","embeddable":true,"href":"https:\/\/roveyayinevi.com.tr\/index.php\/wp-json\/wp\/v2\/product_cat?post=772316"},{"taxonomy":"product_tag","embeddable":true,"href":"https:\/\/roveyayinevi.com.tr\/index.php\/wp-json\/wp\/v2\/product_tag?post=772316"}],"curies":[{"name":"wp","href":"https:\/\/api.w.org\/{rel}","templated":true}]}}