{"id":772315,"date":"2025-08-28T15:35:50","date_gmt":"2025-08-28T12:35:50","guid":{"rendered":"https:\/\/roveyayinevi.com.tr\/index.php\/urun\/derman-bilmece-pesinde\/"},"modified":"2026-04-15T03:38:44","modified_gmt":"2026-04-15T00:38:44","slug":"derman-bilmece-pesinde","status":"publish","type":"product","link":"https:\/\/roveyayinevi.com.tr\/index.php\/urun\/derman-bilmece-pesinde\/","title":{"rendered":"Derman Bilmece Pe\u015finde"},"content":{"rendered":"<p>Dedektif Derman bilmeceleri \u00e7\u00f6zmek i\u00e7in ne yapmas\u0131 gerekti\u011fini \u00e7ok iyi biliyor:  Zor s\u00f6zc\u00fcklerin anlam\u0131n\u0131 \u00f6\u011frenmek, \u00e7e\u015fitli \u00f6l\u00e7\u00fcmler yapmak, okulda \u00f6\u011frendi\u011fi matematik bilgilerini kullanmak ve her \u015feyi yan\u0131nda ta\u015f\u0131d\u0131\u011f\u0131 deftere not etmek\u2026 Karmakar\u0131\u015f\u0131k al\u0131\u015fveri\u015f listesini s\u0131raya koymakla i\u015fe ba\u015flayan Derman, para hesab\u0131n\u0131 do\u011fru yap\u0131p bakkal\u0131n sordu\u011fu bilmecenin cevab\u0131n\u0131 bulabilecek mi?    E\u011fitimci yazar Marta Jarque\u2019nin yazd\u0131\u011f\u0131 ve \u00f6d\u00fcll\u00fc  \u00e7izer Daniel Jim\u00e9nez\u2019in resimleriyle renklenen \u201cDedektif Derman\u201d serisinin \u00fc\u00e7\u00fcnc\u00fc ve son kitab\u0131, okuma ser\u00fcvenine yeni ba\u015flayan \u00e7ocuklar\u0131 e\u011flenceli bilmeceleri \u00e7\u00f6zmeye davet ediyor.  <\/p>\n","protected":false},"excerpt":{"rendered":"<p>Dedektif Derman bilmeceleri \u00e7\u00f6zmek i\u00e7in ne yapmas\u0131 gerekti\u011fini \u00e7ok iyi biliyor: Zor s\u00f6zc\u00fcklerin anlam\u0131n\u0131 \u00f6\u011frenmek, \u00e7e\u015fitli \u00f6l\u00e7\u00fcmler yapmak, okulda \u00f6\u011frendi\u011fi matematik bilgilerini kullanmak ve her \u015feyi<span class=\"excerpt-hellip\"> [\u2026]<\/span><\/p>\n","protected":false},"featured_media":0,"template":"","meta":{"_monsterinsights_skip_tracking":false,"_monsterinsights_sitenote_active":false,"_monsterinsights_sitenote_note":"","_monsterinsights_sitenote_category":0},"product_brand":[],"product_cat":[12274,12284],"product_tag":[],"class_list":{"0":"post-772315","1":"product","2":"type-product","3":"status-publish","5":"product_cat-cocuk-ve-genclik-kitaplari","6":"product_cat-hikayeler","7":"pa_cilt-ciltsiz","8":"pa_tur-kitap","9":"pa_yayinevi-redhouse-kidz-yayinlari","10":"pa_yazar-marta-jarque","12":"first","13":"instock","14":"sale","15":"shipping-taxable","16":"purchasable","17":"product-type-simple"},"_links":{"self":[{"href":"https:\/\/roveyayinevi.com.tr\/index.php\/wp-json\/wp\/v2\/product\/772315","targetHints":{"allow":["GET"]}}],"collection":[{"href":"https:\/\/roveyayinevi.com.tr\/index.php\/wp-json\/wp\/v2\/product"}],"about":[{"href":"https:\/\/roveyayinevi.com.tr\/index.php\/wp-json\/wp\/v2\/types\/product"}],"wp:attachment":[{"href":"https:\/\/roveyayinevi.com.tr\/index.php\/wp-json\/wp\/v2\/media?parent=772315"}],"wp:term":[{"taxonomy":"product_brand","embeddable":true,"href":"https:\/\/roveyayinevi.com.tr\/index.php\/wp-json\/wp\/v2\/product_brand?post=772315"},{"taxonomy":"product_cat","embeddable":true,"href":"https:\/\/roveyayinevi.com.tr\/index.php\/wp-json\/wp\/v2\/product_cat?post=772315"},{"taxonomy":"product_tag","embeddable":true,"href":"https:\/\/roveyayinevi.com.tr\/index.php\/wp-json\/wp\/v2\/product_tag?post=772315"}],"curies":[{"name":"wp","href":"https:\/\/api.w.org\/{rel}","templated":true}]}}